{"id":2275,"date":"2018-04-16T18:39:57","date_gmt":"2018-04-16T16:39:57","guid":{"rendered":"http:\/\/klubmamgdynia.pl\/index.php\/produkt\/norimpex-magiczna-zdrapka-obraz-zdrapywank-malowanie-zestaw\/"},"modified":"2026-04-04T23:47:46","modified_gmt":"2026-04-04T21:47:46","slug":"norimpex-magiczna-zdrapka-obraz-zdrapywank-malowanie-zestaw","status":"publish","type":"product","link":"http:\/\/klubmamgdynia.pl\/index.php\/produkt\/norimpex-magiczna-zdrapka-obraz-zdrapywank-malowanie-zestaw\/","title":{"rendered":"Norimpex Magiczna Zdrapka Obraz Zdrapywank Malowanie Zestaw"},"content":{"rendered":"<p>Wydrapywanka t\u0119czowa zdrapywanka pi\u0119kny obraz zdrapka Obrazy zdrapki to czarne arkusze kryj\u0105ce pod spodem przepi\u0119kne kolorowe obrazy do wydrapania!!!Scratch Painting = Obraz Zdrapka, Magiczna Zdrapka, Malowanie przez Zdrapywanie, wieczny t\u0119czowy obraz.Zupe\u0142na NOWO\u015a\u0106 wspania\u0142a forma sp\u0119dzania wolnego czasu i TWOJE nowe hobby, kt\u00f3re pozwala odpr\u0119\u017cy\u0107 si\u0119, zrelaksowa\u0107 i oderwa\u0107 od codziennych problem\u00f3w. Kreatywny zestaw dla wszystkich lubi\u0105cych prace plastyczne.Zabawa polega na:zdrapywaniu g\u00f3rnej warstwy czarnej farby specjalnym rysikiem, w zaznaczonych miejscach na arkuszach &#8211; co pozwala na stopniowe ods\u0142anianie pi\u0119knego, ukrytego rysunku. Zestaw zawiera:prezentowa koperta arkusz z magiczn\u0105 zdrapk\u0105 do zdrapywaniabambusowy o\u0142\u00f3wek do wydrapywaniaca\u0142o\u015b\u0107 zapakowana w ochronn\u0105 kopert\u0119.dodatkowy arkusz\u015awietny pomys\u0142 na ciekawy, a zarazem niezobowi\u0105zuj\u0105cy prezent niezale\u017cnie od okazji.Doskonale rozwija:zdolno\u015bci plastyczne,daje wiele rado\u015bci i zabawy,koordynacj\u0119 r\u0119ka-oko,precyzyjne umiej\u0119tno\u015bci motoryczne,sprzyja tw\u00f3rczemu my\u015bleniucierpliwo\u015b\u0107, systematyczno\u015b\u0107 i d\u0105\u017cenie do celuGotowy obrazek mo\u017cna powiesi\u0107 na \u015bcianie, stworzy\u0107 z niego wieczny niesamowity obraz! Stanie si\u0119 oryginaln\u0105 ozdob\u0105 Twojej sypialni, salonu. Wymiar arkusza: 40,5cm x 28,5cmZdrapywanie obrazka jest proste i sprawia wiele satysfakcji.Obrazy zdrapki to nie tylko zabawa, ale tak\u017ce \u0107wiczenie sprawno\u015bci manualnej oraz wyobra\u017ani przestrzennej u najm\u0142odszych, ale i te\u017c tych starszych. U\u0142atwieniem dla zabawy s\u0105 szare linie nadrukowane na ka\u017cdym z czarnych arkuszy wzd\u0142u\u017c kontur\u00f3w ukrytego obrazu.Mn\u00f3stwo zabawy i ogromna satysfakcja po sko\u0144czonej pracy!Obrazy zdrapki kryj\u0105: przepi\u0119kne kolorowe obrazy, bogate w szczeg\u00f3\u0142y, wymagaj\u0105 precyzji, poprawiaj\u0105 sprawno\u015b\u0107 manualn\u0105stanowi\u0105 pi\u0119kn\u0105 ozdob\u0119Mn\u00f3stwo kreatywnej zabawy.Gotowy obrazek mo\u017cna powiesi\u0107 na \u015bcianie, stworzy\u0107 z niego wieczny niesamowity obraz!Elegancko zapakowane \u2013 idealne na prezent.<\/p>\n<h2>Norimpex Magiczna Zdrapka Obraz Zdrapywank Malowanie Zestaw Norimpex<\/h2>\n<p>ch\u0142opcy z placu broni &#8211; test, \u015bmieszne \u0142ama\u0144ce j\u0119zykowe, sentencja rodzina, znaczenie imienia julian, bajki dla dzieci za darmo<\/p>\n<p>yyyyy<\/p>\n<p>&nbsp;<\/p>\n","protected":false},"excerpt":{"rendered":"<p>Wydrapywanka t\u0119czowa zdrapywanka pi\u0119kny obraz zdrapka Obrazy zdrapki to czarne arkusze kryj\u0105ce pod spodem przepi\u0119kne kolorowe obrazy do wydrapania!!!Scratch Painting = Obraz Zdrapka, Magiczna Zdrapka, Malowanie przez Zdrapywanie, wieczny t\u0119czowy obraz.Zupe\u0142na NOWO\u015a\u0106 wspania\u0142a forma sp\u0119dzania wolnego czasu i TWOJE nowe hobby, kt\u00f3re pozwala odpr\u0119\u017cy\u0107 si\u0119, zrelaksowa\u0107 i oderwa\u0107 od codziennych problem\u00f3w. Kreatywny zestaw dla wszystkich [&hellip;]<\/p>\n","protected":false},"featured_media":2276,"comment_status":"closed","ping_status":"open","template":"","meta":[],"product_cat":[554,21],"product_tag":[832,750,642,586,809,796],"class_list":["post-2275","product","type-product","status-publish","has-post-thumbnail","hentry","product_cat-norimpex","product_cat-zabawki-plastyczne","product_tag-desery-dla-dzieci","product_tag-imie-kostek","product_tag-mia-imie","product_tag-smieszne-zagadki","product_tag-zagadki","product_tag-zagatki"],"_links":{"self":[{"href":"http:\/\/klubmamgdynia.pl\/index.php\/wp-json\/wp\/v2\/product\/2275","targetHints":{"allow":["GET"]}}],"collection":[{"href":"http:\/\/klubmamgdynia.pl\/index.php\/wp-json\/wp\/v2\/product"}],"about":[{"href":"http:\/\/klubmamgdynia.pl\/index.php\/wp-json\/wp\/v2\/types\/product"}],"replies":[{"embeddable":true,"href":"http:\/\/klubmamgdynia.pl\/index.php\/wp-json\/wp\/v2\/comments?post=2275"}],"wp:featuredmedia":[{"embeddable":true,"href":"http:\/\/klubmamgdynia.pl\/index.php\/wp-json\/wp\/v2\/media\/2276"}],"wp:attachment":[{"href":"http:\/\/klubmamgdynia.pl\/index.php\/wp-json\/wp\/v2\/media?parent=2275"}],"wp:term":[{"taxonomy":"product_cat","embeddable":true,"href":"http:\/\/klubmamgdynia.pl\/index.php\/wp-json\/wp\/v2\/product_cat?post=2275"},{"taxonomy":"product_tag","embeddable":true,"href":"http:\/\/klubmamgdynia.pl\/index.php\/wp-json\/wp\/v2\/product_tag?post=2275"}],"curies":[{"name":"wp","href":"https:\/\/api.w.org\/{rel}","templated":true}]}}