{"id":2279,"date":"2012-07-05T08:31:34","date_gmt":"2012-07-05T06:31:34","guid":{"rendered":"http:\/\/klubmamgdynia.pl\/index.php\/produkt\/playmobil-70495-country-ciagnik-ze-skrzynia-klocki\/"},"modified":"2026-04-06T01:34:55","modified_gmt":"2026-04-05T23:34:55","slug":"playmobil-70495-country-ciagnik-ze-skrzynia-klocki","status":"publish","type":"product","link":"http:\/\/klubmamgdynia.pl\/index.php\/produkt\/playmobil-70495-country-ciagnik-ze-skrzynia-klocki\/","title":{"rendered":"Playmobil 70495 Country Ci\u0105gnik Ze Skrzyni\u0105 Klocki"},"content":{"rendered":"<p>Playmobil Cauntry Ci\u0105gnik ze Skrzyni\u0105 70495Kolekcja Country marki PLAYMOBIL\u00ae przeniesie Twoje dziecko do wspania\u0142ego \u015bwiata farmer\u00f3w, \u017cyj\u0105cych w zgodzie z natur\u0105 i zajmuj\u0105cych si\u0119 zwierz\u0119tami.Przyszed\u0142 czas na zbiory Twoich upraw! Traktor ogrodniczy PLAYMOBIL\u00ae u\u0142atwi Ci prac\u0119 i przewo\u017cenie warzyw.Powierzchni\u0119 \u0142adunkow\u0105 mo\u017cna przechyli\u0107 a cz\u0119\u015b\u0107 kosz\u0105c\u0105 roz\u0142o\u017cy\u0107 i zacz\u0105\u0107 twoj\u0105 prac\u0119 kt\u00f3ra jest r\u00f3wnie\u017c \u015bwietn\u0105 zabaw\u0105.Zestaw zawiera:figurka 1 x 7,5 cm ruchome r\u0119ce, zginaj\u0105 si\u0119 w p\u00f3\u0142, maj\u0105 obracan\u0105 g\u0142ow\u0119ci\u0105gnik &#8211; traktor ze skrzyni\u0105 z przoduskrzynkawarzywa<\/p>\n<h2>Playmobil 70495 Country Ci\u0105gnik Ze Skrzyni\u0105 Klocki Playmobil<\/h2>\n<p>prezenty na roczek dla ch\u0142opca, prezent dla 16 latka, rzadkie imiona \u017ce\u0144skie polskie, konkurencje sportowe dla dzieci, jaki prezent na roczek, pikachu do druku, zagadki zagadki, maski do druku kolorowe, kr\u00f3tkie bajki dla dzieci do czytania, iwo, bajka krecik, imi\u0119 iwo, sk\u0142adniki do pizzy kolorowanka, rzadkie imiona \u017ce\u0144skie polskie, kalina imi\u0119, zabawy na dzie\u0144 dziecka w szkole, pomys\u0142 na roczek<\/p>\n<p>yyyyy<\/p>\n<p>&nbsp;<\/p>\n","protected":false},"excerpt":{"rendered":"<p>Playmobil Cauntry Ci\u0105gnik ze Skrzyni\u0105 70495Kolekcja Country marki PLAYMOBIL\u00ae przeniesie Twoje dziecko do wspania\u0142ego \u015bwiata farmer\u00f3w, \u017cyj\u0105cych w zgodzie z natur\u0105 i zajmuj\u0105cych si\u0119 zwierz\u0119tami.Przyszed\u0142 czas na zbiory Twoich upraw! Traktor ogrodniczy PLAYMOBIL\u00ae u\u0142atwi Ci prac\u0119 i przewo\u017cenie warzyw.Powierzchni\u0119 \u0142adunkow\u0105 mo\u017cna przechyli\u0107 a cz\u0119\u015b\u0107 kosz\u0105c\u0105 roz\u0142o\u017cy\u0107 i zacz\u0105\u0107 twoj\u0105 prac\u0119 kt\u00f3ra jest r\u00f3wnie\u017c \u015bwietn\u0105 zabaw\u0105.Zestaw [&hellip;]<\/p>\n","protected":false},"featured_media":2280,"comment_status":"closed","ping_status":"open","template":"","meta":[],"product_cat":[113,466],"product_tag":[658,802,797,674,590],"class_list":["post-2279","product","type-product","status-publish","has-post-thumbnail","hentry","product_cat-klocki","product_cat-playmobil","product_tag-alan-znaczenie-imienia","product_tag-co-kupic-dziewczynce-na-roczek","product_tag-kiekrz","product_tag-miasto-dzieci","product_tag-plac-zabaw-warszawa"],"_links":{"self":[{"href":"http:\/\/klubmamgdynia.pl\/index.php\/wp-json\/wp\/v2\/product\/2279","targetHints":{"allow":["GET"]}}],"collection":[{"href":"http:\/\/klubmamgdynia.pl\/index.php\/wp-json\/wp\/v2\/product"}],"about":[{"href":"http:\/\/klubmamgdynia.pl\/index.php\/wp-json\/wp\/v2\/types\/product"}],"replies":[{"embeddable":true,"href":"http:\/\/klubmamgdynia.pl\/index.php\/wp-json\/wp\/v2\/comments?post=2279"}],"wp:featuredmedia":[{"embeddable":true,"href":"http:\/\/klubmamgdynia.pl\/index.php\/wp-json\/wp\/v2\/media\/2280"}],"wp:attachment":[{"href":"http:\/\/klubmamgdynia.pl\/index.php\/wp-json\/wp\/v2\/media?parent=2279"}],"wp:term":[{"taxonomy":"product_cat","embeddable":true,"href":"http:\/\/klubmamgdynia.pl\/index.php\/wp-json\/wp\/v2\/product_cat?post=2279"},{"taxonomy":"product_tag","embeddable":true,"href":"http:\/\/klubmamgdynia.pl\/index.php\/wp-json\/wp\/v2\/product_tag?post=2279"}],"curies":[{"name":"wp","href":"https:\/\/api.w.org\/{rel}","templated":true}]}}