{"id":2283,"date":"2015-09-12T06:35:08","date_gmt":"2015-09-12T04:35:08","guid":{"rendered":"http:\/\/klubmamgdynia.pl\/index.php\/produkt\/smoby-dzwonek-do-drzwi-810912-zabawka\/"},"modified":"2026-04-30T07:58:41","modified_gmt":"2026-04-30T05:58:41","slug":"smoby-dzwonek-do-drzwi-810912-zabawka","status":"publish","type":"product","link":"http:\/\/klubmamgdynia.pl\/index.php\/produkt\/smoby-dzwonek-do-drzwi-810912-zabawka\/","title":{"rendered":"Smoby Dzwonek Do Drzwi 810912 &#8211; Zabawka"},"content":{"rendered":"<p>Dzwonek do drzwi 810912. Spraw by zabawa by\u0142a jeszcze bardziej realistyczna i dodaj do swojego domku Smoby elektroniczny dzwonek do drzwi. Od teraz dzi\u0119ki prawdziwemu d\u017awi\u0119kowi dzwonka Twoje dzieci b\u0119d\u0105 z \u0142atwo\u015bci\u0105 s\u0142ysze\u0107 przyj\u015bcie przyjaci\u00f3\u0142.Cechy produktu:Prawdziwy d\u017awi\u0119k dzwonka do drzwiPasuje do domk\u00f3w: Kuchnia Szefa, Restauracja (810403), My New House (810406), Neo Jura (810500), Pretty (810710), Pretty z kuchni\u0105 (810711), Nature (810712), Nature z kuchni\u0105 (810713), Domek na palach (810800)Pasuje r\u00f3wnie\u017c na wymian\u0119 do domk\u00f3w: Neo Friends House z dzwonkiem, ogr\u00f3dkiem i kuchni\u0105 (810202), Neo Friends House z dzwonkiem i ogr\u00f3dkiem (810203)<\/p>\n<h2>Smoby Dzwonek Do Drzwi 810912 &#8211; Zabawka Smoby<\/h2>\n<p>wiersz o wakacjach, ja\u015bmina imi\u0119, opowiadanie o jesieni dla dzieci, jesienne zagadki, kawa\u0142y na prima aprilis dla rodzic\u00f3w, szlaczki dla dzieci, prezenty dla rocznego dziecka, okolice wroc\u0142awia atrakcje, prezent dla dziecka na roczek, nowoczesna babcia wiersz, cytat o przyja\u017ani, kolorowanki star wars, cicha noc po angielsku, minecraft kolorowanki, quizy dla dzieci 8 lat, imie nadia<\/p>\n<p>yyyyy<\/p>\n<p>&nbsp;<\/p>\n","protected":false},"excerpt":{"rendered":"<p>Dzwonek do drzwi 810912. Spraw by zabawa by\u0142a jeszcze bardziej realistyczna i dodaj do swojego domku Smoby elektroniczny dzwonek do drzwi. Od teraz dzi\u0119ki prawdziwemu d\u017awi\u0119kowi dzwonka Twoje dzieci b\u0119d\u0105 z \u0142atwo\u015bci\u0105 s\u0142ysze\u0107 przyj\u015bcie przyjaci\u00f3\u0142.Cechy produktu:Prawdziwy d\u017awi\u0119k dzwonka do drzwiPasuje do domk\u00f3w: Kuchnia Szefa, Restauracja (810403), My New House (810406), Neo Jura (810500), Pretty (810710), [&hellip;]<\/p>\n","protected":false},"featured_media":2284,"comment_status":"closed","ping_status":"open","template":"","meta":[],"product_cat":[53,556],"product_tag":[827,696,734,677,846,587,779],"class_list":["post-2283","product","type-product","status-publish","has-post-thumbnail","hentry","product_cat-kaciki-zabaw","product_cat-smoby","product_tag-bajki-dla-niemowlat","product_tag-film-rodzinny-o-swietach","product_tag-milan-imie","product_tag-milosz-imie","product_tag-rysowanki","product_tag-skalne-miasto","product_tag-zarty-na-prima-aprilis-w-domu"],"_links":{"self":[{"href":"http:\/\/klubmamgdynia.pl\/index.php\/wp-json\/wp\/v2\/product\/2283","targetHints":{"allow":["GET"]}}],"collection":[{"href":"http:\/\/klubmamgdynia.pl\/index.php\/wp-json\/wp\/v2\/product"}],"about":[{"href":"http:\/\/klubmamgdynia.pl\/index.php\/wp-json\/wp\/v2\/types\/product"}],"replies":[{"embeddable":true,"href":"http:\/\/klubmamgdynia.pl\/index.php\/wp-json\/wp\/v2\/comments?post=2283"}],"wp:featuredmedia":[{"embeddable":true,"href":"http:\/\/klubmamgdynia.pl\/index.php\/wp-json\/wp\/v2\/media\/2284"}],"wp:attachment":[{"href":"http:\/\/klubmamgdynia.pl\/index.php\/wp-json\/wp\/v2\/media?parent=2283"}],"wp:term":[{"taxonomy":"product_cat","embeddable":true,"href":"http:\/\/klubmamgdynia.pl\/index.php\/wp-json\/wp\/v2\/product_cat?post=2283"},{"taxonomy":"product_tag","embeddable":true,"href":"http:\/\/klubmamgdynia.pl\/index.php\/wp-json\/wp\/v2\/product_tag?post=2283"}],"curies":[{"name":"wp","href":"https:\/\/api.w.org\/{rel}","templated":true}]}}