{"id":2285,"date":"2019-10-30T18:34:27","date_gmt":"2019-10-30T17:34:27","guid":{"rendered":"http:\/\/klubmamgdynia.pl\/index.php\/produkt\/ravensburger-zestaw-gravitrax-pro-mixer-261758\/"},"modified":"2026-04-06T00:12:45","modified_gmt":"2026-04-05T22:12:45","slug":"ravensburger-zestaw-gravitrax-pro-mixer-261758","status":"publish","type":"product","link":"http:\/\/klubmamgdynia.pl\/index.php\/produkt\/ravensburger-zestaw-gravitrax-pro-mixer-261758\/","title":{"rendered":"Ravensburger Zestaw Gravitrax Pro Mixer 261758"},"content":{"rendered":"<p>Jeden tor, wiele mo\u017cliwo\u015bci. Pod\u0142\u0105cz element Mixer do swojego toru i po\u0142\u0105cz ze sob\u0105 dwa pi\u0119tra. Mixer o\u017cywi Tw\u00f3j tor na kilka sposob\u00f3w. Kulka nie tylko bardzo szybko pokonuje drog\u0119 na pi\u0119tro ni\u017cej, ale mo\u017ce r\u00f3wnie\u017c porusza\u0107 si\u0119 w maksymalnie trzech r\u00f3\u017cnych kierunkach. Ka\u017cda jazda b\u0119dzie wyj\u0105tkowa.<\/p>\n<h2>Ravensburger Zestaw Gravitrax Pro Mixer 261758 Ravensburger<\/h2>\n<p>kolorowanki \u015bwinka peppa, tekst o rodzinie, \u0142atwe laurki, prezent dla 7 latka, roza imie, kolorowanka lody, najlepsze zarty na prima aprilis, kolorowanki do druku zwierz\u0119ta, ci\u0119\u017ckie zagadki, kolorowanka pikachu<\/p>\n<p>yyyyy<\/p>\n<p>&nbsp;<\/p>\n","protected":false},"excerpt":{"rendered":"<p>Jeden tor, wiele mo\u017cliwo\u015bci. Pod\u0142\u0105cz element Mixer do swojego toru i po\u0142\u0105cz ze sob\u0105 dwa pi\u0119tra. Mixer o\u017cywi Tw\u00f3j tor na kilka sposob\u00f3w. Kulka nie tylko bardzo szybko pokonuje drog\u0119 na pi\u0119tro ni\u017cej, ale mo\u017ce r\u00f3wnie\u017c porusza\u0107 si\u0119 w maksymalnie trzech r\u00f3\u017cnych kierunkach. Ka\u017cda jazda b\u0119dzie wyj\u0105tkowa. Ravensburger Zestaw Gravitrax Pro Mixer 261758 Ravensburger kolorowanki [&hellip;]<\/p>\n","protected":false},"featured_media":2286,"comment_status":"closed","ping_status":"open","template":"","meta":[],"product_cat":[72,207],"product_tag":[702,678,850],"class_list":["post-2285","product","type-product","status-publish","has-post-thumbnail","hentry","product_cat-mali-naukowcy","product_cat-ravensburger","product_tag-co-kupic-na-roczek-dla-dziewczynki","product_tag-prezent-na-roczek-dla-dziewczynki","product_tag-wroclaw-atrakcje-dla-dzieci"],"_links":{"self":[{"href":"http:\/\/klubmamgdynia.pl\/index.php\/wp-json\/wp\/v2\/product\/2285","targetHints":{"allow":["GET"]}}],"collection":[{"href":"http:\/\/klubmamgdynia.pl\/index.php\/wp-json\/wp\/v2\/product"}],"about":[{"href":"http:\/\/klubmamgdynia.pl\/index.php\/wp-json\/wp\/v2\/types\/product"}],"replies":[{"embeddable":true,"href":"http:\/\/klubmamgdynia.pl\/index.php\/wp-json\/wp\/v2\/comments?post=2285"}],"wp:featuredmedia":[{"embeddable":true,"href":"http:\/\/klubmamgdynia.pl\/index.php\/wp-json\/wp\/v2\/media\/2286"}],"wp:attachment":[{"href":"http:\/\/klubmamgdynia.pl\/index.php\/wp-json\/wp\/v2\/media?parent=2285"}],"wp:term":[{"taxonomy":"product_cat","embeddable":true,"href":"http:\/\/klubmamgdynia.pl\/index.php\/wp-json\/wp\/v2\/product_cat?post=2285"},{"taxonomy":"product_tag","embeddable":true,"href":"http:\/\/klubmamgdynia.pl\/index.php\/wp-json\/wp\/v2\/product_tag?post=2285"}],"curies":[{"name":"wp","href":"https:\/\/api.w.org\/{rel}","templated":true}]}}