{"id":2291,"date":"2021-05-07T11:00:25","date_gmt":"2021-05-07T09:00:25","guid":{"rendered":"http:\/\/klubmamgdynia.pl\/index.php\/produkt\/dromader-wyrzynarka-na-baterie-02889\/"},"modified":"2026-04-30T21:52:50","modified_gmt":"2026-04-30T19:52:50","slug":"dromader-wyrzynarka-na-baterie-02889","status":"publish","type":"product","link":"http:\/\/klubmamgdynia.pl\/index.php\/produkt\/dromader-wyrzynarka-na-baterie-02889\/","title":{"rendered":"Dromader Wyrzynarka Na Baterie 02889"},"content":{"rendered":"<p>SUPER CENA &#8211; TANIA DOSTAWA ! &#8211; dromader Wyrzynarka na baterie 02889 &#8211; PACZKOMAT, POCZTA, KURIER<\/p>\n<h2>Dromader Wyrzynarka Na Baterie 02889 Dromader<\/h2>\n<p>platformy edukacyjne dla dzieci, zagadki wiosna, swinka peppa do czytania, dzie\u0144 matki w\u0142asnor\u0119czny prezent dla mamy od dziecka, \u015bmieszne zagadki dla dzieci 10 lat, liwia imi\u0119, co na roczek dla ch\u0142opca, prezent dla 13 latki na \u015bwi\u0119ta, alan imie, kwiecien plecien, prezent dla dwunastolatka, wystawy dla dzieci warszawa, glupie zagadki, zagadki logiczne matematyczne dla dzieci, jak narysowa\u0107 sanie miko\u0142aja<\/p>\n<p>yyyyy<\/p>\n<p>&nbsp;<\/p>\n","protected":false},"excerpt":{"rendered":"<p>SUPER CENA &#8211; TANIA DOSTAWA ! &#8211; dromader Wyrzynarka na baterie 02889 &#8211; PACZKOMAT, POCZTA, KURIER Dromader Wyrzynarka Na Baterie 02889 Dromader platformy edukacyjne dla dzieci, zagadki wiosna, swinka peppa do czytania, dzie\u0144 matki w\u0142asnor\u0119czny prezent dla mamy od dziecka, \u015bmieszne zagadki dla dzieci 10 lat, liwia imi\u0119, co na roczek dla ch\u0142opca, prezent dla [&hellip;]<\/p>\n","protected":false},"featured_media":2292,"comment_status":"closed","ping_status":"open","template":"","meta":[],"product_cat":[60,72],"product_tag":[686,622,684,736,698],"class_list":["post-2291","product","type-product","status-publish","has-post-thumbnail","hentry","product_cat-dromader","product_cat-mali-naukowcy","product_tag-co-na-roczek-dla-chlopca","product_tag-fajne-zagadki","product_tag-prezent-dla-dziewczynki-na-roczek","product_tag-zabawki-na-roczek","product_tag-zagadki-dla-przedszkolakow"],"_links":{"self":[{"href":"http:\/\/klubmamgdynia.pl\/index.php\/wp-json\/wp\/v2\/product\/2291","targetHints":{"allow":["GET"]}}],"collection":[{"href":"http:\/\/klubmamgdynia.pl\/index.php\/wp-json\/wp\/v2\/product"}],"about":[{"href":"http:\/\/klubmamgdynia.pl\/index.php\/wp-json\/wp\/v2\/types\/product"}],"replies":[{"embeddable":true,"href":"http:\/\/klubmamgdynia.pl\/index.php\/wp-json\/wp\/v2\/comments?post=2291"}],"wp:featuredmedia":[{"embeddable":true,"href":"http:\/\/klubmamgdynia.pl\/index.php\/wp-json\/wp\/v2\/media\/2292"}],"wp:attachment":[{"href":"http:\/\/klubmamgdynia.pl\/index.php\/wp-json\/wp\/v2\/media?parent=2291"}],"wp:term":[{"taxonomy":"product_cat","embeddable":true,"href":"http:\/\/klubmamgdynia.pl\/index.php\/wp-json\/wp\/v2\/product_cat?post=2291"},{"taxonomy":"product_tag","embeddable":true,"href":"http:\/\/klubmamgdynia.pl\/index.php\/wp-json\/wp\/v2\/product_tag?post=2291"}],"curies":[{"name":"wp","href":"https:\/\/api.w.org\/{rel}","templated":true}]}}