{"id":2293,"date":"2011-10-09T15:03:31","date_gmt":"2011-10-09T13:03:31","guid":{"rendered":"http:\/\/klubmamgdynia.pl\/index.php\/produkt\/janod-gitara-confetti-j07628\/"},"modified":"2026-04-03T18:21:52","modified_gmt":"2026-04-03T16:21:52","slug":"janod-gitara-confetti-j07628","status":"publish","type":"product","link":"http:\/\/klubmamgdynia.pl\/index.php\/produkt\/janod-gitara-confetti-j07628\/","title":{"rendered":"Janod Gitara Confetti J07628"},"content":{"rendered":"<p>Janod Gitara Confetti                            <\/p>\n<p>a                            <\/p>\n<p>Gitara pomo\u017ce w rozwoju koordynacji ruchowej,<br \/>\nuwra\u017cliwi dziecko na d\u017awi\u0119ki oraz rozbudzi w nim poczucie rytmu.<\/p>\n<p>Instrumenty z serii Confetti ucz\u0105 rozr\u00f3\u017cniania d\u017awi\u0119k\u00f3w, poczucia rytmu<br \/>\noraz wprowadzaj\u0105 w cudowny \u015bwiat muzyki.<\/p>\n<p>Gra na instrumentach rozbudza kreatywno\u015b\u0107, poprawia pami\u0119\u0107,<br \/>\nuczy cierpliwo\u015bci i wytrwa\u0142o\u015bci, pomaga wyra\u017ca\u0107 emocje oraz daje wiar\u0119 w siebie.<\/p>\n<p>Gitara zaprojektowana we Francji. Zapakowana jest w estetyczne, kartonowe pude\u0142ko, idealne na prezent.  \u00a0                            <\/p>\n<p>a                            <\/p>\n<p>Linia Confetti francuskiej marki Janod to pierwsze zabawki muzyczne Twojego dziecka. Ucz\u0105 rozr\u00f3\u017cniania d\u017awi\u0119k\u00f3w, poczucia rytmu oraz wprowadzaj\u0105 w cudowny \u015bwiat muzyki. Gra na nich rozbudza kreatywno\u015b\u0107, poprawia pami\u0119\u0107, uczy cierpliwo\u015bci i wytrwa\u0142o\u015bci, pomaga wyra\u017ca\u0107 emocje oraz daje wiar\u0119 w siebie.<br \/>\nTo po\u0142\u0105czenie zabawy z nauk\u0105 zapewnia wszechstronny rozw\u00f3j dziecka ju\u017c od najm\u0142odszych lat. W kolekcji znajduj\u0105 si\u0119 zabawki muzyczne przeznaczone dla dzieci od 12 miesi\u0105ca \u017cycia do nawet 8 lat! Seria Confetti dostosowana jest do dzieci\u0119cych mo\u017cliwo\u015bci, a jej unikalny design, pi\u0119kne wykonanie i \u017cywe kolory zach\u0119caj\u0105 dziecko do zabawy.wiek: 3-8 latliczba element\u00f3w: 1design: Francjawymiary produktu:\u00a053,5 x 17,5 x 6,5 cmbezpiecze\u0144stwo i jako\u015b\u0107: EN71-1; EN71-2, EN71-3; REACH                            <\/p>\n<p>a                            <\/p>\n<p>Janod od 1970 roku niezmiennie projektuje zabawki, kt\u00f3re s\u0105 synonimem innowacyjno\u015bci, francuskiego designu i najwy\u017cszej jako\u015bci. Unikalne zabawki Janod tworzone s\u0105 z drewna i innych doskona\u0142ych materia\u0142\u00f3w, a przede wszystkim z dzieci\u0119cych marze\u0144!\u00a0W obecnej ofercie Janod jest ponad 500 produkt\u00f3w, z kt\u00f3rych kluczowe to zabawki drewniane, puzzle, uk\u0142adanki i zabawki magnetyczne. Wszystkie produkty projektowane s\u0105 we Francji przez w\u0142asnych designer\u00f3w. St\u0105d wiele motyw\u00f3w i wzor\u00f3w powtarza si\u0119 w kolekcjach, tworz\u0105c wyj\u0105tkowy, bajkowy \u015bwiat Janod.\u00a0Wszystkie zabawki tworzone s\u0105 z dba\u0142o\u015bci\u0105 o szczeg\u00f3\u0142y, z najwy\u017cszej jako\u015bci materia\u0142\u00f3w, bezpiecznych dla dzieci. Zabawki spe\u0142niaj\u0105 restrykcyjne normy bezpiecze\u0144stwa, takie jak EN71-1, EN71-2, EN71-3 oraz REACH.<\/p>\n<h2>Janod Gitara Confetti J07628 Janod<\/h2>\n<p>ma\u0142o nas do pieczenia chleba, jak zapakowa\u0107 prezent dla dziecka, z\u0142ote my\u015bli o przyja\u017ani, bajka o \u017cabie, co kupi\u0107 dziecku na roczek, atrakcje wroc\u0142aw i okolice, wycinanki do druku, piosenka przyjed\u017a do nas miko\u0142aju, opisy do zdj\u0119\u0107 dziecka, szczotka pasta kubek ciep\u0142a woda tekst, kr\u00f3tkie zagadki logiczne, my little pony kolorowanki, cytat z kubusia puchatka o mi\u0142o\u015bci, zagadki wielkanocne przedszkole, test z lektury dzieci z bullerbyn, wiersz na wielkanocnym stole, zabawy dla 10 latka, zabawy ruchowe dla dzieci w wieku szkolnym, bycie mam\u0105 cytaty, cytat rodzina<\/p>\n<p>yyyyy<\/p>\n<p>&nbsp;<\/p>\n","protected":false},"excerpt":{"rendered":"<p>Janod Gitara Confetti a Gitara pomo\u017ce w rozwoju koordynacji ruchowej, uwra\u017cliwi dziecko na d\u017awi\u0119ki oraz rozbudzi w nim poczucie rytmu. Instrumenty z serii Confetti ucz\u0105 rozr\u00f3\u017cniania d\u017awi\u0119k\u00f3w, poczucia rytmu oraz wprowadzaj\u0105 w cudowny \u015bwiat muzyki. Gra na instrumentach rozbudza kreatywno\u015b\u0107, poprawia pami\u0119\u0107, uczy cierpliwo\u015bci i wytrwa\u0142o\u015bci, pomaga wyra\u017ca\u0107 emocje oraz daje wiar\u0119 w siebie. Gitara [&hellip;]<\/p>\n","protected":false},"featured_media":2294,"comment_status":"closed","ping_status":"open","template":"","meta":[],"product_cat":[557,155],"product_tag":[801,683,730],"class_list":["post-2293","product","type-product","status-publish","has-post-thumbnail","hentry","product_cat-janod","product_cat-zabawki-muzyczne","product_tag-bajki-terapeutyczne-o-emocjach","product_tag-karaluchy-pod-poduchy","product_tag-karyna"],"_links":{"self":[{"href":"http:\/\/klubmamgdynia.pl\/index.php\/wp-json\/wp\/v2\/product\/2293","targetHints":{"allow":["GET"]}}],"collection":[{"href":"http:\/\/klubmamgdynia.pl\/index.php\/wp-json\/wp\/v2\/product"}],"about":[{"href":"http:\/\/klubmamgdynia.pl\/index.php\/wp-json\/wp\/v2\/types\/product"}],"replies":[{"embeddable":true,"href":"http:\/\/klubmamgdynia.pl\/index.php\/wp-json\/wp\/v2\/comments?post=2293"}],"wp:featuredmedia":[{"embeddable":true,"href":"http:\/\/klubmamgdynia.pl\/index.php\/wp-json\/wp\/v2\/media\/2294"}],"wp:attachment":[{"href":"http:\/\/klubmamgdynia.pl\/index.php\/wp-json\/wp\/v2\/media?parent=2293"}],"wp:term":[{"taxonomy":"product_cat","embeddable":true,"href":"http:\/\/klubmamgdynia.pl\/index.php\/wp-json\/wp\/v2\/product_cat?post=2293"},{"taxonomy":"product_tag","embeddable":true,"href":"http:\/\/klubmamgdynia.pl\/index.php\/wp-json\/wp\/v2\/product_tag?post=2293"}],"curies":[{"name":"wp","href":"https:\/\/api.w.org\/{rel}","templated":true}]}}