{"id":2299,"date":"2013-09-01T21:20:52","date_gmt":"2013-09-01T19:20:52","guid":{"rendered":"http:\/\/klubmamgdynia.pl\/index.php\/produkt\/deef-plusz-kon-lezacy-gwiazdzisty-sredni\/"},"modified":"2026-04-07T01:32:50","modified_gmt":"2026-04-06T23:32:50","slug":"deef-plusz-kon-lezacy-gwiazdzisty-sredni","status":"publish","type":"product","link":"http:\/\/klubmamgdynia.pl\/index.php\/produkt\/deef-plusz-kon-lezacy-gwiazdzisty-sredni\/","title":{"rendered":"Deef Plusz Ko\u0144 Le\u017c\u0105cy Gwia\u017adzisty \u015aredni"},"content":{"rendered":"<p>35 cm<\/p>\n<h2>Deef Plusz Ko\u0144 Le\u017c\u0105cy Gwia\u017adzisty \u015aredni Deef Plusz<\/h2>\n<p>test zaczarowana zagroda, nauka literek do druku, co na roczek, kolorowanka \u015bwi\u0105teczna do wydruku, kolorowanka kotki, liwia, przeczytaj mi wiersz, ida swieta wielkanocne ida swieta, alfabet kolorowanka, literki do druku, posz\u0142a ola na spacerek, bajka terapeutyczna o z\u0142o\u015bci pdf, zaproszenia do druku, zadania logiczne, piosenki na dobranoc tekst, test z lektury pies kt\u00f3ry je\u017adzi\u0142 kolej\u0105, laura<\/p>\n<p>yyyyy<\/p>\n<p>&nbsp;<\/p>\n","protected":false},"excerpt":{"rendered":"<p>35 cm Deef Plusz Ko\u0144 Le\u017c\u0105cy Gwia\u017adzisty \u015aredni Deef Plusz test zaczarowana zagroda, nauka literek do druku, co na roczek, kolorowanka \u015bwi\u0105teczna do wydruku, kolorowanka kotki, liwia, przeczytaj mi wiersz, ida swieta wielkanocne ida swieta, alfabet kolorowanka, literki do druku, posz\u0142a ola na spacerek, bajka terapeutyczna o z\u0142o\u015bci pdf, zaproszenia do druku, zadania logiczne, piosenki [&hellip;]<\/p>\n","protected":false},"featured_media":2300,"comment_status":"closed","ping_status":"open","template":"","meta":[],"product_cat":[559,42],"product_tag":[696,716,593,748,718,661,756],"class_list":["post-2299","product","type-product","status-publish","has-post-thumbnail","hentry","product_cat-deef-plusz","product_cat-maskotki","product_tag-film-rodzinny-o-swietach","product_tag-filmy-animowane-o-swietach","product_tag-jak-narysowac-konia","product_tag-okolice-wroclawia-atrakcje","product_tag-prezent-na-roczek-dla-chrzesniaka","product_tag-swinka-peppa-kolorowanka","product_tag-zaproszenie-na-urodziny-do-druku"],"_links":{"self":[{"href":"http:\/\/klubmamgdynia.pl\/index.php\/wp-json\/wp\/v2\/product\/2299","targetHints":{"allow":["GET"]}}],"collection":[{"href":"http:\/\/klubmamgdynia.pl\/index.php\/wp-json\/wp\/v2\/product"}],"about":[{"href":"http:\/\/klubmamgdynia.pl\/index.php\/wp-json\/wp\/v2\/types\/product"}],"replies":[{"embeddable":true,"href":"http:\/\/klubmamgdynia.pl\/index.php\/wp-json\/wp\/v2\/comments?post=2299"}],"wp:featuredmedia":[{"embeddable":true,"href":"http:\/\/klubmamgdynia.pl\/index.php\/wp-json\/wp\/v2\/media\/2300"}],"wp:attachment":[{"href":"http:\/\/klubmamgdynia.pl\/index.php\/wp-json\/wp\/v2\/media?parent=2299"}],"wp:term":[{"taxonomy":"product_cat","embeddable":true,"href":"http:\/\/klubmamgdynia.pl\/index.php\/wp-json\/wp\/v2\/product_cat?post=2299"},{"taxonomy":"product_tag","embeddable":true,"href":"http:\/\/klubmamgdynia.pl\/index.php\/wp-json\/wp\/v2\/product_tag?post=2299"}],"curies":[{"name":"wp","href":"https:\/\/api.w.org\/{rel}","templated":true}]}}