{"id":2301,"date":"2023-05-05T15:53:30","date_gmt":"2023-05-05T13:53:30","guid":{"rendered":"http:\/\/klubmamgdynia.pl\/?post_type=product&#038;p=2301"},"modified":"2026-04-22T23:42:12","modified_gmt":"2026-04-22T21:42:12","slug":"tooky-toy-edukacyjna-tablica-na-biurko-18-magnetycznych-elementow","status":"publish","type":"product","link":"http:\/\/klubmamgdynia.pl\/index.php\/produkt\/tooky-toy-edukacyjna-tablica-na-biurko-18-magnetycznych-elementow\/","title":{"rendered":"Tooky Toy Edukacyjna Tablica Na Biurko + 18 Magnetycznych Element\u00f3w"},"content":{"rendered":"<p>TOOKY TOY Stoj\u0105cy S\u0142o\u0144 z Koralikami to dwustronna tablica z mini liczyd\u0142em. Produkt zosta\u0142 wykonany z trwa\u0142ego i grubegodrewna. Tablica bawi i uczy! Kolorowe elementy sprawi\u0105, \u017ce przyci\u0105gn\u0105 ka\u017cdego maluszka i zagwarantuj\u0105 mu wiele godzin zabawy. Zabawka nie posiada ostrych kraw\u0119dzi i jest dobrze wyszlifowana dzi\u0119ki czemu jest bezpieczna dla ma\u0142ych r\u0105czek naszej pociechy. Doskonali zdolno\u015bci motoryczne,pobudza wyobra\u017anie i do tego rozwija koordynacj\u0119 r\u0119ka-oko. Dziecko mo\u017ce szlifowa\u0107 nauk\u0119 cyfr oraz doskonali\u0107 zdolno\u015bci plastyczne. Tej tablicy nie mo\u017ce zabrakn\u0105\u0107 w pokoju Twojego dziecka.Charakterystyka: &#8211; W zestawie znajduje si\u0119 18 element\u00f3w: cyfry na magnes, g\u0105bka do \u015bcierania, pisak itp.- Tablica jest dwustronna: kredowa i magnetyczna.- Zestaw wykonany z wysokiej jako\u015bci drewna.- Do pomalowania wykorzystano nietoksyczne farby.- Tablica w 100% bezpieczna dla dziecka jak i \u015brodowiska.- Brak ostrych kraw\u0119dzi i dobrze wyszlifowane brzegi s\u0105 dodatkowym atutem.Zabawka:- uczy liczy\u0107,- uczy cyfr,- wspomaga rozw\u00f3j zdolno\u015bci plastycznych,- uczy pisania,- rozwija koordynacj\u0119,- pobudza wyobra\u017anie,- uczy precyzji.<\/p>\n<h2>Tooky Toy Edukacyjna Tablica Na Biurko + 18 Magnetycznych Element\u00f3w Tooky Toy<\/h2>\n<p>co na roczek dla dziewczynki, proste zagadki logiczne, kajko i kokosz szko\u0142a latania test z odpowiedziami, kolorowanki do druku peppa, kiedy dzieci chodza na halloween, zagadki z odpowiedziami dla dzieci, film animowany o \u015bwi\u0119tach, natalia, zaproszenie do druku, gry z pi\u0142k\u0105, milena, kolorowanki do druku dla ch\u0142opc\u00f3w, kolorowanki star wars<\/p>\n<p>yyyyy<\/p>\n<p>&nbsp;<\/p>\n","protected":false},"excerpt":{"rendered":"<p>TOOKY TOY Stoj\u0105cy S\u0142o\u0144 z Koralikami to dwustronna tablica z mini liczyd\u0142em. Produkt zosta\u0142 wykonany z trwa\u0142ego i grubegodrewna. Tablica bawi i uczy! Kolorowe elementy sprawi\u0105, \u017ce przyci\u0105gn\u0105 ka\u017cdego maluszka i zagwarantuj\u0105 mu wiele godzin zabawy. Zabawka nie posiada ostrych kraw\u0119dzi i jest dobrze wyszlifowana dzi\u0119ki czemu jest bezpieczna dla ma\u0142ych r\u0105czek naszej pociechy. Doskonali [&hellip;]<\/p>\n","protected":false},"featured_media":2302,"comment_status":"closed","ping_status":"open","template":"","meta":[],"product_cat":[72,560],"product_tag":[657,735,672,809],"class_list":["post-2301","product","type-product","status-publish","has-post-thumbnail","hentry","product_cat-mali-naukowcy","product_cat-tooky-toy","product_tag-lol-kolorowanka","product_tag-prezent-na-roczek-dziewczynka","product_tag-trudne-zagadki-z-odpowiedziami","product_tag-zagadki"],"_links":{"self":[{"href":"http:\/\/klubmamgdynia.pl\/index.php\/wp-json\/wp\/v2\/product\/2301","targetHints":{"allow":["GET"]}}],"collection":[{"href":"http:\/\/klubmamgdynia.pl\/index.php\/wp-json\/wp\/v2\/product"}],"about":[{"href":"http:\/\/klubmamgdynia.pl\/index.php\/wp-json\/wp\/v2\/types\/product"}],"replies":[{"embeddable":true,"href":"http:\/\/klubmamgdynia.pl\/index.php\/wp-json\/wp\/v2\/comments?post=2301"}],"wp:featuredmedia":[{"embeddable":true,"href":"http:\/\/klubmamgdynia.pl\/index.php\/wp-json\/wp\/v2\/media\/2302"}],"wp:attachment":[{"href":"http:\/\/klubmamgdynia.pl\/index.php\/wp-json\/wp\/v2\/media?parent=2301"}],"wp:term":[{"taxonomy":"product_cat","embeddable":true,"href":"http:\/\/klubmamgdynia.pl\/index.php\/wp-json\/wp\/v2\/product_cat?post=2301"},{"taxonomy":"product_tag","embeddable":true,"href":"http:\/\/klubmamgdynia.pl\/index.php\/wp-json\/wp\/v2\/product_tag?post=2301"}],"curies":[{"name":"wp","href":"https:\/\/api.w.org\/{rel}","templated":true}]}}