{"id":2303,"date":"2012-10-09T07:24:55","date_gmt":"2012-10-09T05:24:55","guid":{"rendered":"http:\/\/klubmamgdynia.pl\/index.php\/produkt\/playmobil-5583-sypialnia\/"},"modified":"2026-04-06T08:42:46","modified_gmt":"2026-04-06T06:42:46","slug":"playmobil-5583-sypialnia","status":"publish","type":"product","link":"http:\/\/klubmamgdynia.pl\/index.php\/produkt\/playmobil-5583-sypialnia\/","title":{"rendered":"Playmobil 5583 Sypialnia"},"content":{"rendered":"<p>PlaymobilSypialnia z okr\u0105g\u0142ym \u0142\u00f3\u017ckiemNumer zestawu: 5583Wiek: 4+Produkt nowy, w oryginalnym opakowaniu.<\/p>\n<h2>Playmobil 5583 Sypialnia Playmobil<\/h2>\n<p>ciekawe zagadki i odpowiedzi, celina, fajne rzeczy dla nastolatk\u00f3w, kolorowanka lego ninjago, kotki kolorowanka, papierowe ozdoby \u015bwi\u0105teczne, wierszyki na dobranoc dla dzieci, nauka zegara do druku pdf, zagadki o owocach, teksty o rodzinie, zagadki o zwierz\u0119tach wiejskich, esmeralda, filmy wigilijne dla dzieci, testy na znaki drogowe, szlaczki dla dzieci, quizy o skokach narciarskich<\/p>\n<p>yyyyy<\/p>\n<p>&nbsp;<\/p>\n","protected":false},"excerpt":{"rendered":"<p>PlaymobilSypialnia z okr\u0105g\u0142ym \u0142\u00f3\u017ckiemNumer zestawu: 5583Wiek: 4+Produkt nowy, w oryginalnym opakowaniu. Playmobil 5583 Sypialnia Playmobil ciekawe zagadki i odpowiedzi, celina, fajne rzeczy dla nastolatk\u00f3w, kolorowanka lego ninjago, kotki kolorowanka, papierowe ozdoby \u015bwi\u0105teczne, wierszyki na dobranoc dla dzieci, nauka zegara do druku pdf, zagadki o owocach, teksty o rodzinie, zagadki o zwierz\u0119tach wiejskich, esmeralda, filmy wigilijne [&hellip;]<\/p>\n","protected":false},"featured_media":2304,"comment_status":"closed","ping_status":"open","template":"","meta":[],"product_cat":[113,466],"product_tag":[675,822,679,805],"class_list":["post-2303","product","type-product","status-publish","has-post-thumbnail","hentry","product_cat-klocki","product_cat-playmobil","product_tag-test-z-lektury-kajko-i-kokosz-szkola-latania","product_tag-wierszyki-o-wakacjach-krotkie","product_tag-zabawki-na-roczek-dla-dziewczynki","product_tag-znaczenie-imienia-alan"],"_links":{"self":[{"href":"http:\/\/klubmamgdynia.pl\/index.php\/wp-json\/wp\/v2\/product\/2303","targetHints":{"allow":["GET"]}}],"collection":[{"href":"http:\/\/klubmamgdynia.pl\/index.php\/wp-json\/wp\/v2\/product"}],"about":[{"href":"http:\/\/klubmamgdynia.pl\/index.php\/wp-json\/wp\/v2\/types\/product"}],"replies":[{"embeddable":true,"href":"http:\/\/klubmamgdynia.pl\/index.php\/wp-json\/wp\/v2\/comments?post=2303"}],"wp:featuredmedia":[{"embeddable":true,"href":"http:\/\/klubmamgdynia.pl\/index.php\/wp-json\/wp\/v2\/media\/2304"}],"wp:attachment":[{"href":"http:\/\/klubmamgdynia.pl\/index.php\/wp-json\/wp\/v2\/media?parent=2303"}],"wp:term":[{"taxonomy":"product_cat","embeddable":true,"href":"http:\/\/klubmamgdynia.pl\/index.php\/wp-json\/wp\/v2\/product_cat?post=2303"},{"taxonomy":"product_tag","embeddable":true,"href":"http:\/\/klubmamgdynia.pl\/index.php\/wp-json\/wp\/v2\/product_tag?post=2303"}],"curies":[{"name":"wp","href":"https:\/\/api.w.org\/{rel}","templated":true}]}}