{"id":2305,"date":"2013-03-05T10:48:55","date_gmt":"2013-03-05T09:48:55","guid":{"rendered":"http:\/\/klubmamgdynia.pl\/index.php\/produkt\/playmobil-6878-city-action-policyjna-blokada-drogowa\/"},"modified":"2026-04-05T19:07:40","modified_gmt":"2026-04-05T17:07:40","slug":"playmobil-6878-city-action-policyjna-blokada-drogowa","status":"publish","type":"product","link":"http:\/\/klubmamgdynia.pl\/index.php\/produkt\/playmobil-6878-city-action-policyjna-blokada-drogowa\/","title":{"rendered":"Playmobil 6878 City Action Policyjna blokada drogowa"},"content":{"rendered":"<p>PLAYMOBIL\u00ae City Action Policyjna blokada drogowa 6878 topPolicyjna blokada drogowa z psem i akcesoriami. Szczeg\u00f3\u0142y: figurki: 2 policjant\u00f3w, zwierz\u0105tka: 1 pies policyjny liczne akcesoria do zabawy blokada, kt\u00f3ra nie przepu\u015bci przest\u0119pc\u00f3w znaki ostrzegawcze pies policyjny zestaw kompatybilny z art. 6873<\/p>\n<h2>Playmobil 6878 City Action Policyjna blokada drogowa Playmobil<\/h2>\n<p>znaczenie imiona alan, m\u0105dre cytaty dla dzieci, \u0142amig\u0142\u00f3wki do druku, bajka o smoku wawelskim, kolorowanki andrzejkowe, serce origami, stare piosenki, zagadki wiosenne dla dzieci, trudne zagadki, plac zabaw pozna\u0144, dary jesieni kolorowanki jesie\u0144<\/p>\n<p>yyyyy<\/p>\n<p>&nbsp;<\/p>\n","protected":false},"excerpt":{"rendered":"<p>PLAYMOBIL\u00ae City Action Policyjna blokada drogowa 6878 topPolicyjna blokada drogowa z psem i akcesoriami. Szczeg\u00f3\u0142y: figurki: 2 policjant\u00f3w, zwierz\u0105tka: 1 pies policyjny liczne akcesoria do zabawy blokada, kt\u00f3ra nie przepu\u015bci przest\u0119pc\u00f3w znaki ostrzegawcze pies policyjny zestaw kompatybilny z art. 6873 Playmobil 6878 City Action Policyjna blokada drogowa Playmobil znaczenie imiona alan, m\u0105dre cytaty dla dzieci, [&hellip;]<\/p>\n","protected":false},"featured_media":2306,"comment_status":"closed","ping_status":"open","template":"","meta":[],"product_cat":[113,466],"product_tag":[826,840,714,873],"class_list":["post-2305","product","type-product","status-publish","has-post-thumbnail","hentry","product_cat-klocki","product_cat-playmobil","product_tag-prezent-dla-15-latka","product_tag-stare-bajki","product_tag-zagadki-logiczne","product_tag-zagadki-z-odpowiedziami-dla-dzieci"],"_links":{"self":[{"href":"http:\/\/klubmamgdynia.pl\/index.php\/wp-json\/wp\/v2\/product\/2305","targetHints":{"allow":["GET"]}}],"collection":[{"href":"http:\/\/klubmamgdynia.pl\/index.php\/wp-json\/wp\/v2\/product"}],"about":[{"href":"http:\/\/klubmamgdynia.pl\/index.php\/wp-json\/wp\/v2\/types\/product"}],"replies":[{"embeddable":true,"href":"http:\/\/klubmamgdynia.pl\/index.php\/wp-json\/wp\/v2\/comments?post=2305"}],"wp:featuredmedia":[{"embeddable":true,"href":"http:\/\/klubmamgdynia.pl\/index.php\/wp-json\/wp\/v2\/media\/2306"}],"wp:attachment":[{"href":"http:\/\/klubmamgdynia.pl\/index.php\/wp-json\/wp\/v2\/media?parent=2305"}],"wp:term":[{"taxonomy":"product_cat","embeddable":true,"href":"http:\/\/klubmamgdynia.pl\/index.php\/wp-json\/wp\/v2\/product_cat?post=2305"},{"taxonomy":"product_tag","embeddable":true,"href":"http:\/\/klubmamgdynia.pl\/index.php\/wp-json\/wp\/v2\/product_tag?post=2305"}],"curies":[{"name":"wp","href":"https:\/\/api.w.org\/{rel}","templated":true}]}}