{"id":2307,"date":"2011-08-06T15:16:22","date_gmt":"2011-08-06T13:16:22","guid":{"rendered":"http:\/\/klubmamgdynia.pl\/index.php\/produkt\/lisciani-im-a-genius-science-laboratorium-tatuazy\/"},"modified":"2026-04-30T12:06:08","modified_gmt":"2026-04-30T10:06:08","slug":"lisciani-im-a-genius-science-laboratorium-tatuazy","status":"publish","type":"product","link":"http:\/\/klubmamgdynia.pl\/index.php\/produkt\/lisciani-im-a-genius-science-laboratorium-tatuazy\/","title":{"rendered":"Lisciani I&#8217;M A Genius Science Laboratorium Tatua\u017cy"},"content":{"rendered":"<p>Laboratorium tatua\u017cyLaboratorium tatua\u017cy to nowo\u015b\u0107 z serii Im A Genius. Zestaw pozwala na stworzenie wielu ca\u0142kowicie bezpiecznych i zmywalnych tatua\u017cy. U\u017cywaj\u0105c do\u0142\u0105czonych do zestawu odczynnnik\u00f3w, mo\u017cna nadawa\u0107 wzorom r\u00f3\u017cne kolory, dzi\u0119ki czemu ka\u017cdy tatua\u017c b\u0119dzie wyj\u0105tkowy. Bogato ilustrowany podr\u0119cznik pozwoli dziecku zrozumie\u0107 spos\u00f3b mieszania kolor\u00f3w i bezpiecznego wykonywania tatua\u017cy.Informacje o produkcieNr katalogowy304-PL72965Marka BrakObszar EdukacyjneRodzaj Zestawy naukoweP\u0142e\u0107 Ch\u0142opcyWymagania wiekowe od 7 latProdukt na baterie NieBaterie w zestawie NieZasilanie Nie dotyczyPozosta\u0142e parametryWymiary opakowania: 38,8 x 28,5 x 7,85 cm<\/p>\n<h2>Lisciani IM A Genius Science Laboratorium Tatua\u017cy Lisciani<\/h2>\n<p>imiona dla ch\u0142opc\u00f3w, kuba imie, proste dekoracje \u015bwi\u0105teczne dla dzieci, izabella imi\u0119, test ze znak\u00f3w drogowych, bajka dla niemowlaka, prezenty dla 7 latki, przysz\u0142a zima bia\u0142a, quizy hobbit, kotki do druku, gry dla nastolatk\u00f3w, test z lektury opowie\u015bci z narnii lew czarownica i stara szafa, praktyczny prezent dla rocznego dziecka, niespotykane imiona \u017ce\u0144skie, test z tajemniczego ogrodu, zabawy dla 6 latk\u00f3w, niech \u017cyj\u0105 wakacje, cytaty o wychowaniu i nauczaniu, z\u0142ote my\u015bli kubu\u015b puchatek cytaty<\/p>\n<p>yyyyy<\/p>\n<p>&nbsp;<\/p>\n","protected":false},"excerpt":{"rendered":"<p>Laboratorium tatua\u017cyLaboratorium tatua\u017cy to nowo\u015b\u0107 z serii Im A Genius. Zestaw pozwala na stworzenie wielu ca\u0142kowicie bezpiecznych i zmywalnych tatua\u017cy. U\u017cywaj\u0105c do\u0142\u0105czonych do zestawu odczynnnik\u00f3w, mo\u017cna nadawa\u0107 wzorom r\u00f3\u017cne kolory, dzi\u0119ki czemu ka\u017cdy tatua\u017c b\u0119dzie wyj\u0105tkowy. Bogato ilustrowany podr\u0119cznik pozwoli dziecku zrozumie\u0107 spos\u00f3b mieszania kolor\u00f3w i bezpiecznego wykonywania tatua\u017cy.Informacje o produkcieNr katalogowy304-PL72965Marka BrakObszar EdukacyjneRodzaj Zestawy [&hellip;]<\/p>\n","protected":false},"featured_media":2308,"comment_status":"closed","ping_status":"open","template":"","meta":[],"product_cat":[362,21],"product_tag":[827,764,587,586],"class_list":["post-2307","product","type-product","status-publish","has-post-thumbnail","hentry","product_cat-lisciani","product_cat-zabawki-plastyczne","product_tag-bajki-dla-niemowlat","product_tag-prezenty-na-roczek-dla-dziewczynki","product_tag-skalne-miasto","product_tag-smieszne-zagadki"],"_links":{"self":[{"href":"http:\/\/klubmamgdynia.pl\/index.php\/wp-json\/wp\/v2\/product\/2307","targetHints":{"allow":["GET"]}}],"collection":[{"href":"http:\/\/klubmamgdynia.pl\/index.php\/wp-json\/wp\/v2\/product"}],"about":[{"href":"http:\/\/klubmamgdynia.pl\/index.php\/wp-json\/wp\/v2\/types\/product"}],"replies":[{"embeddable":true,"href":"http:\/\/klubmamgdynia.pl\/index.php\/wp-json\/wp\/v2\/comments?post=2307"}],"wp:featuredmedia":[{"embeddable":true,"href":"http:\/\/klubmamgdynia.pl\/index.php\/wp-json\/wp\/v2\/media\/2308"}],"wp:attachment":[{"href":"http:\/\/klubmamgdynia.pl\/index.php\/wp-json\/wp\/v2\/media?parent=2307"}],"wp:term":[{"taxonomy":"product_cat","embeddable":true,"href":"http:\/\/klubmamgdynia.pl\/index.php\/wp-json\/wp\/v2\/product_cat?post=2307"},{"taxonomy":"product_tag","embeddable":true,"href":"http:\/\/klubmamgdynia.pl\/index.php\/wp-json\/wp\/v2\/product_tag?post=2307"}],"curies":[{"name":"wp","href":"https:\/\/api.w.org\/{rel}","templated":true}]}}