{"id":2309,"date":"2011-10-17T10:54:11","date_gmt":"2011-10-17T08:54:11","guid":{"rendered":"http:\/\/klubmamgdynia.pl\/index.php\/produkt\/sinsay-zestaw-ozdob-do-wlosow-wielobarwny\/"},"modified":"2026-04-30T10:21:29","modified_gmt":"2026-04-30T08:21:29","slug":"sinsay-zestaw-ozdob-do-wlosow-wielobarwny","status":"publish","type":"product","link":"http:\/\/klubmamgdynia.pl\/index.php\/produkt\/sinsay-zestaw-ozdob-do-wlosow-wielobarwny\/","title":{"rendered":"SINSAY &#8211; ZESTAW OZD\u00d3B DO W\u0141OS\u00d3W &#8211; WIELOBARWNY"},"content":{"rendered":"<p>Zestaw ozd\u00f3b do w\u0142os\u00f3w<\/p>\n<h2>SINSAY &#8211; ZESTAW OZD\u00d3B DO W\u0141OS\u00d3W &#8211; WIELOBARWNY Sinsay<\/h2>\n<p>1 listopada dzie\u0144 wszystkich \u015bwi\u0119tych kolorowanki, parasol szablon do wydruku, prezenty dla 16 latki, pomysl na prezent na roczek<\/p>\n<p>yyyyy<\/p>\n<p>&nbsp;<\/p>\n","protected":false},"excerpt":{"rendered":"<p>Zestaw ozd\u00f3b do w\u0142os\u00f3w SINSAY &#8211; ZESTAW OZD\u00d3B DO W\u0141OS\u00d3W &#8211; WIELOBARWNY Sinsay 1 listopada dzie\u0144 wszystkich \u015bwi\u0119tych kolorowanki, parasol szablon do wydruku, prezenty dla 16 latki, pomysl na prezent na roczek yyyyy &nbsp;<\/p>\n","protected":false},"featured_media":2310,"comment_status":"closed","ping_status":"open","template":"","meta":[],"product_cat":[562,561],"product_tag":[670,583,759,620,822],"class_list":["post-2309","product","type-product","status-publish","has-post-thumbnail","hentry","product_cat-ozdoby-do-wlosow","product_cat-sinsay","product_tag-irma","product_tag-kolysanki-dla-dzieci-tekst","product_tag-pomysly-na-prezent-dla-nastolatkow","product_tag-quiz-opowiesci-z-narnii","product_tag-wierszyki-o-wakacjach-krotkie"],"_links":{"self":[{"href":"http:\/\/klubmamgdynia.pl\/index.php\/wp-json\/wp\/v2\/product\/2309","targetHints":{"allow":["GET"]}}],"collection":[{"href":"http:\/\/klubmamgdynia.pl\/index.php\/wp-json\/wp\/v2\/product"}],"about":[{"href":"http:\/\/klubmamgdynia.pl\/index.php\/wp-json\/wp\/v2\/types\/product"}],"replies":[{"embeddable":true,"href":"http:\/\/klubmamgdynia.pl\/index.php\/wp-json\/wp\/v2\/comments?post=2309"}],"wp:featuredmedia":[{"embeddable":true,"href":"http:\/\/klubmamgdynia.pl\/index.php\/wp-json\/wp\/v2\/media\/2310"}],"wp:attachment":[{"href":"http:\/\/klubmamgdynia.pl\/index.php\/wp-json\/wp\/v2\/media?parent=2309"}],"wp:term":[{"taxonomy":"product_cat","embeddable":true,"href":"http:\/\/klubmamgdynia.pl\/index.php\/wp-json\/wp\/v2\/product_cat?post=2309"},{"taxonomy":"product_tag","embeddable":true,"href":"http:\/\/klubmamgdynia.pl\/index.php\/wp-json\/wp\/v2\/product_tag?post=2309"}],"curies":[{"name":"wp","href":"https:\/\/api.w.org\/{rel}","templated":true}]}}