{"id":231,"date":"2021-11-11T17:02:52","date_gmt":"2021-11-11T16:02:52","guid":{"rendered":"http:\/\/klubmamgdynia.pl\/index.php\/produkt\/anek-helikopter-ah-1t-cobra\/"},"modified":"2026-04-29T01:36:03","modified_gmt":"2026-04-28T23:36:03","slug":"anek-helikopter-ah-1t-cobra","status":"publish","type":"product","link":"http:\/\/klubmamgdynia.pl\/index.php\/produkt\/anek-helikopter-ah-1t-cobra\/","title":{"rendered":"Anek Helikopter Ah-1T Cobra"},"content":{"rendered":"<p>plastikowy model helikoptera z obracaj\u0105cym si\u0119 wirnikiemzabawka ze \u015bwiat\u0142em i d\u017awi\u0119kiemNazwa: Anek, helikopter AH-1T CobraProducent: AnekPrzedzia\u0142 wiekowy: 3-4 lata, 5-7 latWiek: 3+P\u0142e\u0107: ch\u0142opiecWaga w opak [g]: 170Indeks: 17004602Nr katalogowy: 71493003004ZA<\/p>\n<h2>Anek Helikopter Ah-1T Cobra Anek<\/h2>\n<p>myszka miki kolorowanka, znajd\u017a r\u00f3\u017cnice do druku, zabawka na roczek dla dziewczynki, henryk, co kupi\u0107 nastolatce na urodziny, atrakcje dla dzieci trojmiasto, kolorowanki pokemon do druku, darmowy szablon list do miko\u0142aja, karteczki wydruku wr\u00f3\u017cby andrzejkowe dla dzieci, znaczenie imienia alan, auto kolorowanka<\/p>\n<p>yyyyy<\/p>\n<p>&nbsp;<\/p>\n","protected":false},"excerpt":{"rendered":"<p>plastikowy model helikoptera z obracaj\u0105cym si\u0119 wirnikiemzabawka ze \u015bwiat\u0142em i d\u017awi\u0119kiemNazwa: Anek, helikopter AH-1T CobraProducent: AnekPrzedzia\u0142 wiekowy: 3-4 lata, 5-7 latWiek: 3+P\u0142e\u0107: ch\u0142opiecWaga w opak [g]: 170Indeks: 17004602Nr katalogowy: 71493003004ZA Anek Helikopter Ah-1T Cobra Anek myszka miki kolorowanka, znajd\u017a r\u00f3\u017cnice do druku, zabawka na roczek dla dziewczynki, henryk, co kupi\u0107 nastolatce na urodziny, atrakcje dla [&hellip;]<\/p>\n","protected":false},"featured_media":232,"comment_status":"closed","ping_status":"open","template":"","meta":[],"product_cat":[111,83],"product_tag":[865,683,867,723,625],"class_list":["post-231","product","type-product","status-publish","has-post-thumbnail","hentry","product_cat-anek","product_cat-auta-i-inne-pojazdy-do-zabawy","product_tag-cytaty-o-dzieciach","product_tag-karaluchy-pod-poduchy","product_tag-kolorowanki-dla-dziewczynek","product_tag-krotkie-bajki-do-czytania-na-dobranoc","product_tag-trojmiasto-atrakcje-dla-dzieci"],"_links":{"self":[{"href":"http:\/\/klubmamgdynia.pl\/index.php\/wp-json\/wp\/v2\/product\/231","targetHints":{"allow":["GET"]}}],"collection":[{"href":"http:\/\/klubmamgdynia.pl\/index.php\/wp-json\/wp\/v2\/product"}],"about":[{"href":"http:\/\/klubmamgdynia.pl\/index.php\/wp-json\/wp\/v2\/types\/product"}],"replies":[{"embeddable":true,"href":"http:\/\/klubmamgdynia.pl\/index.php\/wp-json\/wp\/v2\/comments?post=231"}],"wp:featuredmedia":[{"embeddable":true,"href":"http:\/\/klubmamgdynia.pl\/index.php\/wp-json\/wp\/v2\/media\/232"}],"wp:attachment":[{"href":"http:\/\/klubmamgdynia.pl\/index.php\/wp-json\/wp\/v2\/media?parent=231"}],"wp:term":[{"taxonomy":"product_cat","embeddable":true,"href":"http:\/\/klubmamgdynia.pl\/index.php\/wp-json\/wp\/v2\/product_cat?post=231"},{"taxonomy":"product_tag","embeddable":true,"href":"http:\/\/klubmamgdynia.pl\/index.php\/wp-json\/wp\/v2\/product_tag?post=231"}],"curies":[{"name":"wp","href":"https:\/\/api.w.org\/{rel}","templated":true}]}}