{"id":2311,"date":"2018-05-05T05:18:53","date_gmt":"2018-05-05T03:18:53","guid":{"rendered":"http:\/\/klubmamgdynia.pl\/index.php\/produkt\/eduplay-plynna-sensoryczna-mata\/"},"modified":"2026-04-23T20:36:52","modified_gmt":"2026-04-23T18:36:52","slug":"eduplay-plynna-sensoryczna-mata","status":"publish","type":"product","link":"http:\/\/klubmamgdynia.pl\/index.php\/produkt\/eduplay-plynna-sensoryczna-mata\/","title":{"rendered":"Eduplay P\u0142ynna Sensoryczna Mata"},"content":{"rendered":"<p>Dla kogo?Produkt przeznaczony jest dla dzieci w dowolnym wieku. P\u0142ynna mata sensoryczna mo\u017ce by\u0107 stosowana w pomieszczeniach zamkni\u0119tych.Produkt mo\u017ce by\u0107 wykorzystany w przedszkolu, gabinecie terapeutycznym, gabinecie SI a tak\u017ce w pokoju dziecka.Produkt zach\u0119ca do \u0107wicze\u0144 sensorycznych, rozwija wyobra\u017ani\u0119 i motoryk\u0119 du\u017c\u0105. Dlaczego warto?Zapewnia \u015bwietn\u0105 zabaw\u0119 i du\u017co rado\u015bciMaty sensoryczne wspieraj\u0105koordynacj\u0119ruchow\u0105Poprzez aktywn\u0105 zabaw\u0119 dziecko rozwija uk\u0142ad mi\u0119\u015bniowy i poprawia r\u00f3wnowag\u0119Tworzone barwne, niepowtarzalne kszta\u0142ty rozwijaj\u0105 wyobra\u017ani\u0119Produkt jest trwa\u0142y i bezpieczny (chemicznie oboj\u0119tny i niepalny)Produkt w 100% podlega recyklingowi\u0141atwy w utrzymaniu czysto\u015bci \u2013 wystarczy przetrze\u0107 wilgotn\u0105 szmatk\u0105Zach\u0119ca do zabawy w grupie pozytywnie wspieraj\u0105c rozw\u00f3j relacji i interakcjiMo\u017cna \u0142\u0105czy\u0107 w zestawy tworz\u0105c du\u017c\u0105 aktywn\u0105 pod\u0142og\u0119 sensoryczn\u0105Bezpieczna alternatywa dla dzieci, kt\u00f3re wykazuj\u0105 uzale\u017cnienie od komputera, telefonu czy tabletuJak dzia\u0142a P\u0142ynna mata sensoryczna?Dziecko naciskaj\u0105c r\u0119kami lub nogami powoduje przemieszczenie barwnego \u017celu dzi\u0119ki czemu pojawia si\u0119 mi\u0142e uczucie mi\u0119kko\u015bci a tak\u017ce tworz\u0105 si\u0119 losowe, barwne kszta\u0142ty. Zach\u0119ca to do dalszej interakcji i wielozmys\u0142owej zabawy. Mata mo\u017ce by\u0107 wykorzystywana podczas codziennych czynno\u015bci takich jak czytanie, gra w gry planszowe i w po\u0142\u0105czeniu z innymi zabawkami sensorycznymi.Mata zach\u0119ca do eksperymentowania, do pozostawania w ruchu \u2013 mo\u017ce stymulowa\u0107 dzieci kt\u00f3rych rozw\u00f3j ruchowy tego wymaga.Co zawiera?Zestaw zawiera sze\u015b\u0107 mat 50&#215;50 cm w kolorach:pomara\u0144czowym,niebieskim,r\u00f3\u017cowym,lawendowymzielonymczerwonymGrubo\u015b\u0107 maty wynosi 7,5 mm z czego 2 mm stanowi warstwa antypo\u015blizgowa (sp\u00f3d).Waga zestawu wynosi 11 kg.Maty wype\u0142niane s\u0105 bezpiecznym, kolorowym, niepalnym \u017celem.Maksymalne obci\u0105\u017cenie do 90 kg na jeden element.Idealnie komponuje si\u0119 z&#8230;Rotator to doskona\u0142e uzupe\u0142nienie zestawu mat sensorycznych. Jest to obrotowa ramka mocowana do \u015bciany, kt\u00f3ra dzi\u0119ki sile grawitacji miesza oba p\u0142yny maty, dostarczaj\u0105c przy tym niesamowitych dozna\u0144 wzrokowych.<\/p>\n<h2>Eduplay P\u0142ynna Sensoryczna Mata <\/h2>\n<p>skye psi patrol kolorowanka, pomys\u0142 na prezent na roczek, znaczenie imiona justyna, quiz psi patrol, sentencje o dzieciach<\/p>\n<p>yyyyy<\/p>\n<p>&nbsp;<\/p>\n","protected":false},"excerpt":{"rendered":"<p>Dla kogo?Produkt przeznaczony jest dla dzieci w dowolnym wieku. P\u0142ynna mata sensoryczna mo\u017ce by\u0107 stosowana w pomieszczeniach zamkni\u0119tych.Produkt mo\u017ce by\u0107 wykorzystany w przedszkolu, gabinecie terapeutycznym, gabinecie SI a tak\u017ce w pokoju dziecka.Produkt zach\u0119ca do \u0107wicze\u0144 sensorycznych, rozwija wyobra\u017ani\u0119 i motoryk\u0119 du\u017c\u0105. Dlaczego warto?Zapewnia \u015bwietn\u0105 zabaw\u0119 i du\u017co rado\u015bciMaty sensoryczne wspieraj\u0105koordynacj\u0119ruchow\u0105Poprzez aktywn\u0105 zabaw\u0119 dziecko rozwija uk\u0142ad [&hellip;]<\/p>\n","protected":false},"featured_media":2312,"comment_status":"closed","ping_status":"open","template":"","meta":[],"product_cat":[537],"product_tag":[834,638,806,586,762,788],"class_list":["post-2311","product","type-product","status-publish","has-post-thumbnail","hentry","product_cat-pozostale-zabawki-edukacyjne","product_tag-bajka-do-czytania-na-dobranoc","product_tag-miastodzieci","product_tag-prezent-dla-dziecka-na-roczek","product_tag-smieszne-zagadki","product_tag-trudne-zagadki-dla-dzieci","product_tag-zagadki-krotkie"],"_links":{"self":[{"href":"http:\/\/klubmamgdynia.pl\/index.php\/wp-json\/wp\/v2\/product\/2311","targetHints":{"allow":["GET"]}}],"collection":[{"href":"http:\/\/klubmamgdynia.pl\/index.php\/wp-json\/wp\/v2\/product"}],"about":[{"href":"http:\/\/klubmamgdynia.pl\/index.php\/wp-json\/wp\/v2\/types\/product"}],"replies":[{"embeddable":true,"href":"http:\/\/klubmamgdynia.pl\/index.php\/wp-json\/wp\/v2\/comments?post=2311"}],"wp:featuredmedia":[{"embeddable":true,"href":"http:\/\/klubmamgdynia.pl\/index.php\/wp-json\/wp\/v2\/media\/2312"}],"wp:attachment":[{"href":"http:\/\/klubmamgdynia.pl\/index.php\/wp-json\/wp\/v2\/media?parent=2311"}],"wp:term":[{"taxonomy":"product_cat","embeddable":true,"href":"http:\/\/klubmamgdynia.pl\/index.php\/wp-json\/wp\/v2\/product_cat?post=2311"},{"taxonomy":"product_tag","embeddable":true,"href":"http:\/\/klubmamgdynia.pl\/index.php\/wp-json\/wp\/v2\/product_tag?post=2311"}],"curies":[{"name":"wp","href":"https:\/\/api.w.org\/{rel}","templated":true}]}}