{"id":2313,"date":"2022-03-24T04:20:59","date_gmt":"2022-03-24T03:20:59","guid":{"rendered":"http:\/\/klubmamgdynia.pl\/index.php\/produkt\/varta-silver-dynamic-d21-61ah-600a-p\/"},"modified":"2026-05-17T22:45:54","modified_gmt":"2026-05-17T20:45:54","slug":"varta-silver-dynamic-d21-61ah-600a-p","status":"publish","type":"product","link":"http:\/\/klubmamgdynia.pl\/index.php\/produkt\/varta-silver-dynamic-d21-61ah-600a-p\/","title":{"rendered":"VARTA SILVER DYNAMIC D21 &#8211; 61Ah 600A P+"},"content":{"rendered":"<p>Akumulator 61AH\/600A P+ VARTA D21<\/p>\n<p>Indeks: 561400060 VARTA D21 SilverNapi\u0119ie [V]: 12<br \/>\nPojemno\u017c\u0107 akumulatora [Ah]: 61Pr\u0105d rozruchu wg EN [A]: 600<br \/>\nD\u0142ugo\u015b\u0107 [mm]: 242<br \/>\nSzeroko\u015b\u0107 [mm]: 175<br \/>\nWysoko\u017c\u0107 [mm]: 175<br \/>\nPo\u0142o\u017cenie biegun\u00f3w: P+<br \/>\nGwarancja 24 miesi\u0105ce                            <\/p>\n<p>VARTA SILVER DYNAMIC \u2013 Maksymalna wydajno\u015b\u0107 dla ekstremalnie wysokich wymaga\u0144.<\/p>\n<p>Maksymalna wydajno\u015b\u0107 dla ekstremalnie wysokich wymaga\u0144! Linia VARTA SILVER to dziesi\u0119\u0107 nowoczesnych typ\u00f3w akumulator\u00f3w o parametrach znacznie przewy\u017cszaj\u0105cych wymogi producent\u00f3w samochod\u00f3w. Wyj\u0105tkowa skuteczno\u015b\u0107 rozruchu (520-920 A) nawet w najbardziej ekstremalnych warunkach pogodowych, szybkie przyjmowanie \u0142adunku mimo wielu odbiornik\u00f3w energii i wysoka pojemno\u015b\u0107 rezerwowa czyni\u0105 akumulator linii VARTA SILVER produktem numer jeden spo\u015br\u00f3d VARTA dynamic TRIO.<\/p>\n<h2>VARTA SILVER DYNAMIC D21 &#8211; 61Ah 600A P+ Varta<\/h2>\n<p>zagadki o lesie, cytaty z ma\u0142ego ksi\u0119cia, bajki na dobranoc do czytania, kolorowanki disney, akademia pana kleksa &#8211; test z odpowiedziami do druku, andrzejki dekoracje do druku, leon imi\u0119, zagadki halloween dla dzieci<\/p>\n<p>yyyyy<\/p>\n<p>&nbsp;<\/p>\n","protected":false},"excerpt":{"rendered":"<p>Akumulator 61AH\/600A P+ VARTA D21 Indeks: 561400060 VARTA D21 SilverNapi\u0119ie [V]: 12 Pojemno\u017c\u0107 akumulatora [Ah]: 61Pr\u0105d rozruchu wg EN [A]: 600 D\u0142ugo\u015b\u0107 [mm]: 242 Szeroko\u015b\u0107 [mm]: 175 Wysoko\u017c\u0107 [mm]: 175 Po\u0142o\u017cenie biegun\u00f3w: P+ Gwarancja 24 miesi\u0105ce VARTA SILVER DYNAMIC \u2013 Maksymalna wydajno\u015b\u0107 dla ekstremalnie wysokich wymaga\u0144. Maksymalna wydajno\u015b\u0107 dla ekstremalnie wysokich wymaga\u0144! Linia VARTA SILVER [&hellip;]<\/p>\n","protected":false},"featured_media":2314,"comment_status":"closed","ping_status":"open","template":"","meta":[],"product_cat":[564,563],"product_tag":[838,740,758,617,654,731,822],"class_list":["post-2313","product","type-product","status-publish","has-post-thumbnail","hentry","product_cat-akumulatory","product_cat-varta","product_tag-bajki-dla-dzieci-na-dobranoc","product_tag-fajne-prezenty-dla-nastolatkow","product_tag-julian","product_tag-keyword","product_tag-krotkie-bajki-dla-dzieci-do-czytania","product_tag-maly-ksiaze-cytaty","product_tag-wierszyki-o-wakacjach-krotkie"],"_links":{"self":[{"href":"http:\/\/klubmamgdynia.pl\/index.php\/wp-json\/wp\/v2\/product\/2313","targetHints":{"allow":["GET"]}}],"collection":[{"href":"http:\/\/klubmamgdynia.pl\/index.php\/wp-json\/wp\/v2\/product"}],"about":[{"href":"http:\/\/klubmamgdynia.pl\/index.php\/wp-json\/wp\/v2\/types\/product"}],"replies":[{"embeddable":true,"href":"http:\/\/klubmamgdynia.pl\/index.php\/wp-json\/wp\/v2\/comments?post=2313"}],"wp:featuredmedia":[{"embeddable":true,"href":"http:\/\/klubmamgdynia.pl\/index.php\/wp-json\/wp\/v2\/media\/2314"}],"wp:attachment":[{"href":"http:\/\/klubmamgdynia.pl\/index.php\/wp-json\/wp\/v2\/media?parent=2313"}],"wp:term":[{"taxonomy":"product_cat","embeddable":true,"href":"http:\/\/klubmamgdynia.pl\/index.php\/wp-json\/wp\/v2\/product_cat?post=2313"},{"taxonomy":"product_tag","embeddable":true,"href":"http:\/\/klubmamgdynia.pl\/index.php\/wp-json\/wp\/v2\/product_tag?post=2313"}],"curies":[{"name":"wp","href":"https:\/\/api.w.org\/{rel}","templated":true}]}}