{"id":2315,"date":"2022-02-05T19:56:29","date_gmt":"2022-02-05T18:56:29","guid":{"rendered":"http:\/\/klubmamgdynia.pl\/index.php\/produkt\/brelok-breloczek-stal-nierdzew-renault-clio-mk2-3d-5904050386525\/"},"modified":"2026-04-30T08:05:54","modified_gmt":"2026-04-30T06:05:54","slug":"brelok-breloczek-stal-nierdzew-renault-clio-mk2-3d-5904050386525","status":"publish","type":"product","link":"http:\/\/klubmamgdynia.pl\/index.php\/produkt\/brelok-breloczek-stal-nierdzew-renault-clio-mk2-3d-5904050386525\/","title":{"rendered":"Brelok Breloczek Stal Nierdzew Renault Clio Mk2 3D (5904050386525)"},"content":{"rendered":"<p>Brelok ze stali nierdzewnej, obustronnie szlifowanej. Efekt szczotkowania. Najwy\u017csza jako\u015b\u0107 wykonania.Wymiary:- d\u0142ugo\u015b\u0107: 6,0cm- wysoko\u015b\u0107: 2,1cm- grubo\u015b\u0107: 0,2cm<\/p>\n<h2>Brelok Breloczek Stal Nierdzew Renault Clio Mk2 3D (5904050386525) Inny<\/h2>\n<p>dyplom do druku, pytania logiczne, molo w brze\u017anie, quizy dla dzieci 10 lat, bajka o kreciku, po\u0142\u0105cz kropki do druku, test asiunia joanna papuzi\u0144ska<\/p>\n<p>yyyyy<\/p>\n<p>&nbsp;<\/p>\n","protected":false},"excerpt":{"rendered":"<p>Brelok ze stali nierdzewnej, obustronnie szlifowanej. Efekt szczotkowania. Najwy\u017csza jako\u015b\u0107 wykonania.Wymiary:- d\u0142ugo\u015b\u0107: 6,0cm- wysoko\u015b\u0107: 2,1cm- grubo\u015b\u0107: 0,2cm Brelok Breloczek Stal Nierdzew Renault Clio Mk2 3D (5904050386525) Inny dyplom do druku, pytania logiczne, molo w brze\u017anie, quizy dla dzieci 10 lat, bajka o kreciku, po\u0142\u0105cz kropki do druku, test asiunia joanna papuzi\u0144ska yyyyy &nbsp;<\/p>\n","protected":false},"featured_media":2316,"comment_status":"closed","ping_status":"open","template":"","meta":[],"product_cat":[482,169],"product_tag":[674,703,636,778,779],"class_list":["post-2315","product","type-product","status-publish","has-post-thumbnail","hentry","product_cat-gadzety","product_cat-inny","product_tag-miasto-dzieci","product_tag-prezent-dla-nastolatki","product_tag-teksty-kolysanek","product_tag-zabawki-na-roczek-dla-chlopca","product_tag-zarty-na-prima-aprilis-w-domu"],"_links":{"self":[{"href":"http:\/\/klubmamgdynia.pl\/index.php\/wp-json\/wp\/v2\/product\/2315","targetHints":{"allow":["GET"]}}],"collection":[{"href":"http:\/\/klubmamgdynia.pl\/index.php\/wp-json\/wp\/v2\/product"}],"about":[{"href":"http:\/\/klubmamgdynia.pl\/index.php\/wp-json\/wp\/v2\/types\/product"}],"replies":[{"embeddable":true,"href":"http:\/\/klubmamgdynia.pl\/index.php\/wp-json\/wp\/v2\/comments?post=2315"}],"wp:featuredmedia":[{"embeddable":true,"href":"http:\/\/klubmamgdynia.pl\/index.php\/wp-json\/wp\/v2\/media\/2316"}],"wp:attachment":[{"href":"http:\/\/klubmamgdynia.pl\/index.php\/wp-json\/wp\/v2\/media?parent=2315"}],"wp:term":[{"taxonomy":"product_cat","embeddable":true,"href":"http:\/\/klubmamgdynia.pl\/index.php\/wp-json\/wp\/v2\/product_cat?post=2315"},{"taxonomy":"product_tag","embeddable":true,"href":"http:\/\/klubmamgdynia.pl\/index.php\/wp-json\/wp\/v2\/product_tag?post=2315"}],"curies":[{"name":"wp","href":"https:\/\/api.w.org\/{rel}","templated":true}]}}