{"id":2317,"date":"2012-11-28T21:08:09","date_gmt":"2012-11-28T20:08:09","guid":{"rendered":"http:\/\/klubmamgdynia.pl\/index.php\/produkt\/clementoni-the-biosphere-59119-0\/"},"modified":"2026-05-01T00:56:02","modified_gmt":"2026-04-30T22:56:02","slug":"clementoni-the-biosphere-59119-0","status":"publish","type":"product","link":"http:\/\/klubmamgdynia.pl\/index.php\/produkt\/clementoni-the-biosphere-59119-0\/","title":{"rendered":"Clementoni The Biosphere 59119.0"},"content":{"rendered":"<p>SUPER CENA &#8211; TANIA DOSTAWA ! &#8211; Clementoni The Biosphere 59119.0 &#8211; PACZKOMAT, POCZTA, KURIER<\/p>\n<h2>Clementoni The Biosphere 59119.0 Clementoni<\/h2>\n<p>kolysanki tekst, kolorowanki dla dziewczynek do druku, bajki dla niemowl\u0105t do czytania, imi\u0119 gaja, narodziny dziecka cytaty, prezent dla nastolatka, pola imie, mira imi\u0119, my little pony kolorowanki, test detektyw pozytywka, el\u017cbieta imie<\/p>\n<p>yyyyy<\/p>\n<p>&nbsp;<\/p>\n","protected":false},"excerpt":{"rendered":"<p>SUPER CENA &#8211; TANIA DOSTAWA ! &#8211; Clementoni The Biosphere 59119.0 &#8211; PACZKOMAT, POCZTA, KURIER Clementoni The Biosphere 59119.0 Clementoni kolysanki tekst, kolorowanki dla dziewczynek do druku, bajki dla niemowl\u0105t do czytania, imi\u0119 gaja, narodziny dziecka cytaty, prezent dla nastolatka, pola imie, mira imi\u0119, my little pony kolorowanki, test detektyw pozytywka, el\u017cbieta imie yyyyy &nbsp;<\/p>\n","protected":false},"featured_media":2318,"comment_status":"closed","ping_status":"open","template":"","meta":[],"product_cat":[163,72],"product_tag":[689,710,724],"class_list":["post-2317","product","type-product","status-publish","has-post-thumbnail","hentry","product_cat-clementoni","product_cat-mali-naukowcy","product_tag-linda","product_tag-zagadki-dla-dzieci-10-12-lat","product_tag-zagadki-podchwytliwe"],"_links":{"self":[{"href":"http:\/\/klubmamgdynia.pl\/index.php\/wp-json\/wp\/v2\/product\/2317","targetHints":{"allow":["GET"]}}],"collection":[{"href":"http:\/\/klubmamgdynia.pl\/index.php\/wp-json\/wp\/v2\/product"}],"about":[{"href":"http:\/\/klubmamgdynia.pl\/index.php\/wp-json\/wp\/v2\/types\/product"}],"replies":[{"embeddable":true,"href":"http:\/\/klubmamgdynia.pl\/index.php\/wp-json\/wp\/v2\/comments?post=2317"}],"wp:featuredmedia":[{"embeddable":true,"href":"http:\/\/klubmamgdynia.pl\/index.php\/wp-json\/wp\/v2\/media\/2318"}],"wp:attachment":[{"href":"http:\/\/klubmamgdynia.pl\/index.php\/wp-json\/wp\/v2\/media?parent=2317"}],"wp:term":[{"taxonomy":"product_cat","embeddable":true,"href":"http:\/\/klubmamgdynia.pl\/index.php\/wp-json\/wp\/v2\/product_cat?post=2317"},{"taxonomy":"product_tag","embeddable":true,"href":"http:\/\/klubmamgdynia.pl\/index.php\/wp-json\/wp\/v2\/product_tag?post=2317"}],"curies":[{"name":"wp","href":"https:\/\/api.w.org\/{rel}","templated":true}]}}