{"id":2319,"date":"2016-12-03T16:58:38","date_gmt":"2016-12-03T15:58:38","guid":{"rendered":"http:\/\/klubmamgdynia.pl\/index.php\/produkt\/edco-zabawka-edukacyjna-ukladanka-lets-play-pomaranczowo-zielony\/"},"modified":"2026-04-30T03:28:30","modified_gmt":"2026-04-30T01:28:30","slug":"edco-zabawka-edukacyjna-ukladanka-lets-play-pomaranczowo-zielony","status":"publish","type":"product","link":"http:\/\/klubmamgdynia.pl\/index.php\/produkt\/edco-zabawka-edukacyjna-ukladanka-lets-play-pomaranczowo-zielony\/","title":{"rendered":"Edco Zabawka Edukacyjna Uk\u0142adanka Let&#8217;S Play Pomara\u0144czowo Zielony"},"content":{"rendered":"<p>Edukacyjna zabawka Lets Play z tworzywa sztucznego w kolorze pomara\u0144czowo zielonym. Polega na sortowaniu kszta\u0142t\u00f3w. Wyposa\u017cona w efekty d\u017awi\u0119kowe i \u015bwietlne. Zasilanie: baterie 2xAA. Idealna zabawka dla dziecka od 18 miesi\u0105ca \u017cycia. Doskona\u0142a na prezent.<\/p>\n<h2>Edco Zabawka Edukacyjna Uk\u0142adanka LetS Play Pomara\u0144czowo Zielony Edco<\/h2>\n<p>kolorowanki kotki, \u0142\u00f3d\u017a atrakcje dla dzieci, kr\u00f3tkie zagadki, choinko pi\u0119kna jak las tekst, malowanki dla dziewczynek, zagadki logiczne z odpowiedziami, psi patrol kolorowanka, bajki do czytania, quizy miko\u0142ajek, postacie z bajek<\/p>\n<p>yyyyy<\/p>\n<p>&nbsp;<\/p>\n","protected":false},"excerpt":{"rendered":"<p>Edukacyjna zabawka Lets Play z tworzywa sztucznego w kolorze pomara\u0144czowo zielonym. Polega na sortowaniu kszta\u0142t\u00f3w. Wyposa\u017cona w efekty d\u017awi\u0119kowe i \u015bwietlne. Zasilanie: baterie 2xAA. Idealna zabawka dla dziecka od 18 miesi\u0105ca \u017cycia. Doskona\u0142a na prezent. Edco Zabawka Edukacyjna Uk\u0142adanka LetS Play Pomara\u0144czowo Zielony Edco kolorowanki kotki, \u0142\u00f3d\u017a atrakcje dla dzieci, kr\u00f3tkie zagadki, choinko pi\u0119kna jak [&hellip;]<\/p>\n","protected":false},"featured_media":2320,"comment_status":"closed","ping_status":"open","template":"","meta":[],"product_cat":[380,537],"product_tag":[660,638,866,646],"class_list":["post-2319","product","type-product","status-publish","has-post-thumbnail","hentry","product_cat-edco","product_cat-pozostale-zabawki-edukacyjne","product_tag-bianka","product_tag-miastodzieci","product_tag-opis-do-zdjecia-dziecka-na-fb","product_tag-prezent-na-pierwsze-urodziny"],"_links":{"self":[{"href":"http:\/\/klubmamgdynia.pl\/index.php\/wp-json\/wp\/v2\/product\/2319","targetHints":{"allow":["GET"]}}],"collection":[{"href":"http:\/\/klubmamgdynia.pl\/index.php\/wp-json\/wp\/v2\/product"}],"about":[{"href":"http:\/\/klubmamgdynia.pl\/index.php\/wp-json\/wp\/v2\/types\/product"}],"replies":[{"embeddable":true,"href":"http:\/\/klubmamgdynia.pl\/index.php\/wp-json\/wp\/v2\/comments?post=2319"}],"wp:featuredmedia":[{"embeddable":true,"href":"http:\/\/klubmamgdynia.pl\/index.php\/wp-json\/wp\/v2\/media\/2320"}],"wp:attachment":[{"href":"http:\/\/klubmamgdynia.pl\/index.php\/wp-json\/wp\/v2\/media?parent=2319"}],"wp:term":[{"taxonomy":"product_cat","embeddable":true,"href":"http:\/\/klubmamgdynia.pl\/index.php\/wp-json\/wp\/v2\/product_cat?post=2319"},{"taxonomy":"product_tag","embeddable":true,"href":"http:\/\/klubmamgdynia.pl\/index.php\/wp-json\/wp\/v2\/product_tag?post=2319"}],"curies":[{"name":"wp","href":"https:\/\/api.w.org\/{rel}","templated":true}]}}