{"id":2323,"date":"2021-11-24T08:00:07","date_gmt":"2021-11-24T07:00:07","guid":{"rendered":"http:\/\/klubmamgdynia.pl\/index.php\/produkt\/ravensburger-3-x-49el-samoloty-i-auta-092734\/"},"modified":"2026-04-06T17:47:33","modified_gmt":"2026-04-06T15:47:33","slug":"ravensburger-3-x-49el-samoloty-i-auta-092734","status":"publish","type":"product","link":"http:\/\/klubmamgdynia.pl\/index.php\/produkt\/ravensburger-3-x-49el-samoloty-i-auta-092734\/","title":{"rendered":"Ravensburger 3 X 49el. Samoloty I Auta 092734"},"content":{"rendered":"<p>Puzzle Ravensburger to doskona\u0142a jako\u015b\u0107 wykonania. Puzzle przeznaczone s\u0105 dla ca\u0142ej rodziny. Rozwijaj\u0105 kreatywno\u015b\u0107 i spostrzegawczo\u015b\u0107. Dla wielbicieli puzzli.Rozmiar gotowego obrazka 21&#215;21 cm&#8230;.<\/p>\n<h2>Ravensburger 3 X 49el. Samoloty I Auta 092734 Ravensburger<\/h2>\n<p>ahmed, listy do \u015bwi\u0119tego miko\u0142aja, kotek kolorowanka, cytaty z ma\u0142ego ksi\u0119cia, kolorowanki minionki, testy z lektury opowie\u015bci z narnii lew czarownica i stara szafa, gdy strumyk p\u0142ynie z wolna, dobranoc zimowo, test spos\u00f3b na alcybiadesa, liwia imi\u0119, zabawy dla 5 6 latk\u00f3w, prezent na roczek nie zabawka, kolorowanki patriotyczne symbole narodowe kolorowanka, szymon znaczenie imiona, na roczek<\/p>\n<p>yyyyy<\/p>\n<p>&nbsp;<\/p>\n","protected":false},"excerpt":{"rendered":"<p>Puzzle Ravensburger to doskona\u0142a jako\u015b\u0107 wykonania. Puzzle przeznaczone s\u0105 dla ca\u0142ej rodziny. Rozwijaj\u0105 kreatywno\u015b\u0107 i spostrzegawczo\u015b\u0107. Dla wielbicieli puzzli.Rozmiar gotowego obrazka 21&#215;21 cm&#8230;. Ravensburger 3 X 49el. Samoloty I Auta 092734 Ravensburger ahmed, listy do \u015bwi\u0119tego miko\u0142aja, kotek kolorowanka, cytaty z ma\u0142ego ksi\u0119cia, kolorowanki minionki, testy z lektury opowie\u015bci z narnii lew czarownica i stara [&hellip;]<\/p>\n","protected":false},"featured_media":2324,"comment_status":"closed","ping_status":"open","template":"","meta":[],"product_cat":[90,207],"product_tag":[702,753,718,840,653,756],"class_list":["post-2323","product","type-product","status-publish","has-post-thumbnail","hentry","product_cat-puzzle","product_cat-ravensburger","product_tag-co-kupic-na-roczek-dla-dziewczynki","product_tag-kamila","product_tag-prezent-na-roczek-dla-chrzesniaka","product_tag-stare-bajki","product_tag-warszawa-dla-dzieci","product_tag-zaproszenie-na-urodziny-do-druku"],"_links":{"self":[{"href":"http:\/\/klubmamgdynia.pl\/index.php\/wp-json\/wp\/v2\/product\/2323","targetHints":{"allow":["GET"]}}],"collection":[{"href":"http:\/\/klubmamgdynia.pl\/index.php\/wp-json\/wp\/v2\/product"}],"about":[{"href":"http:\/\/klubmamgdynia.pl\/index.php\/wp-json\/wp\/v2\/types\/product"}],"replies":[{"embeddable":true,"href":"http:\/\/klubmamgdynia.pl\/index.php\/wp-json\/wp\/v2\/comments?post=2323"}],"wp:featuredmedia":[{"embeddable":true,"href":"http:\/\/klubmamgdynia.pl\/index.php\/wp-json\/wp\/v2\/media\/2324"}],"wp:attachment":[{"href":"http:\/\/klubmamgdynia.pl\/index.php\/wp-json\/wp\/v2\/media?parent=2323"}],"wp:term":[{"taxonomy":"product_cat","embeddable":true,"href":"http:\/\/klubmamgdynia.pl\/index.php\/wp-json\/wp\/v2\/product_cat?post=2323"},{"taxonomy":"product_tag","embeddable":true,"href":"http:\/\/klubmamgdynia.pl\/index.php\/wp-json\/wp\/v2\/product_tag?post=2323"}],"curies":[{"name":"wp","href":"https:\/\/api.w.org\/{rel}","templated":true}]}}