{"id":2325,"date":"2019-06-29T09:39:20","date_gmt":"2019-06-29T07:39:20","guid":{"rendered":"http:\/\/klubmamgdynia.pl\/index.php\/produkt\/merial-frontline-spot-on-dla-kota-05mlx3szt\/"},"modified":"2026-04-07T00:00:16","modified_gmt":"2026-04-06T22:00:16","slug":"merial-frontline-spot-on-dla-kota-05mlx3szt","status":"publish","type":"product","link":"http:\/\/klubmamgdynia.pl\/index.php\/produkt\/merial-frontline-spot-on-dla-kota-05mlx3szt\/","title":{"rendered":"Merial Frontline Spot-On Dla Kota 0,5Mlx3Szt"},"content":{"rendered":"<p>Frontline Spot-On dla kota 0,5ml x 3szt.Frontline Spot-On dla kota roztw\u00f3r do zwalczania pche\u0142 i<br \/>\nkleszczy.Podstawowe cechy produktu:eliminacja pche\u0142dzia\u0142anie owadob\u00f3jcze przeciwko nowym inwazjom doros\u0142ych<br \/>\npche\u0142 utrzymuje si\u0119 przez 4 tygodnie (koty)eliminacja kleszczyjak wykaza\u0142y dane do\u015bwiadczalne dzia\u0142anie roztoczob\u00f3jcze<br \/>\npreparatu utrzymuje si\u0119 do 2 tygodni po podaniu.Frontline Spot-On\u00a0nie tylko skutecznie usuwa osobniki<br \/>\ndoros\u0142e, ale r\u00f3wnie\u017c zapobiega rozwojowi ich nast\u0119pnych pokole\u0144. Zabezpiecza to<br \/>\nzwierz\u0119 przed kolejnymi zaka\u017ceniami.\u00a0Zabija do 98% pche\u0142 obecnych na<br \/>\nzwierz\u0119ciu przed up\u0142ywem 12 godzin.100% pche\u0142 usuwane jest w ci\u0105gu 24 godzinJednokrotna aplikacja preparatu zapewnia 4 tygodniow\u0105<br \/>\nochron\u0119 u kot\u00f3wWskazania (koty):preparat jest przeznaczony do zwalczania inwazji wy\u0142\u0105cznie<br \/>\npche\u0142 lub w inwazjach mieszanych z kleszczami i\/lub wszo\u0142ami.\u00a0Przeciwwskazania:nie nale\u017cy stosowa\u0107 preparatu u koci\u0105t i szczeni\u0105t w wieku<br \/>\nponi\u017cej 8 tygodni i\/lub o wadze poni\u017cej 1 kg (koty) lub 2 kg (psy).nie stosowa\u0107 u zwierz\u0105t chorych (choroby uk\u0142adowe, stany<br \/>\ngor\u0105czkowe) lub w okresie rekonwalescencjinie stosowa\u0107 u kr\u00f3lik\u00f3w, u kt\u00f3rych preparat mo\u017ce wywo\u0142ywa\u0107<br \/>\nobjawy niepo\u017c\u0105dane, a nawet prowadzi\u0107 do padni\u0119\u0107Przechowywanie:<br \/>\nPrzechowywa\u0107 w temperaturze nie przekraczaj\u0105cej 30\u00baC, w oryginalnym opakowaniu.<br \/>\nPrzed u\u017cyciem zapoznaj si\u0119 z ulotk\u0105 do\u0142\u0105czon\u0105 do opakowania.\u00a0<\/p>\n<h2>Merial Frontline Spot-On Dla Kota 0,5Mlx3Szt Merial<\/h2>\n<p>kotek kolorowanka, stare wiersze dla dzieci, jak zrobi\u0107 samolot z papieru, tymoteusz znaczenie imienia, mia imi\u0119, szopka do druku, szablon zaproszenia na urodziny do wydruku czarno bia\u0142e<\/p>\n<p>yyyyy<\/p>\n<p>&nbsp;<\/p>\n","protected":false},"excerpt":{"rendered":"<p>Frontline Spot-On dla kota 0,5ml x 3szt.Frontline Spot-On dla kota roztw\u00f3r do zwalczania pche\u0142 i kleszczy.Podstawowe cechy produktu:eliminacja pche\u0142dzia\u0142anie owadob\u00f3jcze przeciwko nowym inwazjom doros\u0142ych pche\u0142 utrzymuje si\u0119 przez 4 tygodnie (koty)eliminacja kleszczyjak wykaza\u0142y dane do\u015bwiadczalne dzia\u0142anie roztoczob\u00f3jcze preparatu utrzymuje si\u0119 do 2 tygodni po podaniu.Frontline Spot-On\u00a0nie tylko skutecznie usuwa osobniki doros\u0142e, ale r\u00f3wnie\u017c zapobiega rozwojowi [&hellip;]<\/p>\n","protected":false},"featured_media":2326,"comment_status":"closed","ping_status":"open","template":"","meta":[],"product_cat":[565,566],"product_tag":[754,663,814,620],"class_list":["post-2325","product","type-product","status-publish","has-post-thumbnail","hentry","product_cat-merial","product_cat-pozostale-akcesoria-dla-kotow","product_tag-dyplomy-do-wydrukowania-a4","product_tag-kolorowanki-dla-dzieci-do-druku","product_tag-prezenty-dla-nastolatek","product_tag-quiz-opowiesci-z-narnii"],"_links":{"self":[{"href":"http:\/\/klubmamgdynia.pl\/index.php\/wp-json\/wp\/v2\/product\/2325","targetHints":{"allow":["GET"]}}],"collection":[{"href":"http:\/\/klubmamgdynia.pl\/index.php\/wp-json\/wp\/v2\/product"}],"about":[{"href":"http:\/\/klubmamgdynia.pl\/index.php\/wp-json\/wp\/v2\/types\/product"}],"replies":[{"embeddable":true,"href":"http:\/\/klubmamgdynia.pl\/index.php\/wp-json\/wp\/v2\/comments?post=2325"}],"wp:featuredmedia":[{"embeddable":true,"href":"http:\/\/klubmamgdynia.pl\/index.php\/wp-json\/wp\/v2\/media\/2326"}],"wp:attachment":[{"href":"http:\/\/klubmamgdynia.pl\/index.php\/wp-json\/wp\/v2\/media?parent=2325"}],"wp:term":[{"taxonomy":"product_cat","embeddable":true,"href":"http:\/\/klubmamgdynia.pl\/index.php\/wp-json\/wp\/v2\/product_cat?post=2325"},{"taxonomy":"product_tag","embeddable":true,"href":"http:\/\/klubmamgdynia.pl\/index.php\/wp-json\/wp\/v2\/product_tag?post=2325"}],"curies":[{"name":"wp","href":"https:\/\/api.w.org\/{rel}","templated":true}]}}