{"id":2327,"date":"2013-10-14T23:29:02","date_gmt":"2013-10-14T21:29:02","guid":{"rendered":"http:\/\/klubmamgdynia.pl\/index.php\/produkt\/norimpex-kopalnia-dianentow-17-kamieni-1005777\/"},"modified":"2026-05-17T22:39:07","modified_gmt":"2026-05-17T20:39:07","slug":"norimpex-kopalnia-dianentow-17-kamieni-1005777","status":"publish","type":"product","link":"http:\/\/klubmamgdynia.pl\/index.php\/produkt\/norimpex-kopalnia-dianentow-17-kamieni-1005777\/","title":{"rendered":"Norimpex Kopalnia Dianent\u00f3w 17 Kamieni 1005777"},"content":{"rendered":"<p>zestaw wykopaliska 3D dla dzieci, zr\u00f3b to sam, ma\u0142y paleontolog<\/p>\n<h2>Norimpex Kopalnia Dianent\u00f3w 17 Kamieni 1005777 Norimpex<\/h2>\n<p>znaki drogowe quizy, test na patologi\u0119 z kubusia puchatka, zagadki na my\u015blenie, ma\u0142y ksi\u0105\u017c\u0119 cytaty, walentynka dla syna, bajki dla chlopcow, zagatki matematyczne, wierszyki na lany poniedzia\u0142ek, zagadki matematyczne, co kupi\u0107 na roczek dla ch\u0142opca, traktor z przyczep\u0105 kolorowanka do druku, mapa europy do druku, paj\u0105czek na rowerze test, co kupic na roczek, pytania wielkanocne, mapa polski do druku<\/p>\n<p>yyyyy<\/p>\n<p>&nbsp;<\/p>\n","protected":false},"excerpt":{"rendered":"<p>zestaw wykopaliska 3D dla dzieci, zr\u00f3b to sam, ma\u0142y paleontolog Norimpex Kopalnia Dianent\u00f3w 17 Kamieni 1005777 Norimpex znaki drogowe quizy, test na patologi\u0119 z kubusia puchatka, zagadki na my\u015blenie, ma\u0142y ksi\u0105\u017c\u0119 cytaty, walentynka dla syna, bajki dla chlopcow, zagatki matematyczne, wierszyki na lany poniedzia\u0142ek, zagadki matematyczne, co kupi\u0107 na roczek dla ch\u0142opca, traktor z przyczep\u0105 [&hellip;]<\/p>\n","protected":false},"featured_media":2328,"comment_status":"closed","ping_status":"open","template":"","meta":[],"product_cat":[72,554],"product_tag":[728,709,767],"class_list":["post-2327","product","type-product","status-publish","has-post-thumbnail","hentry","product_cat-mali-naukowcy","product_cat-norimpex","product_tag-bezwarunkowa-milosc-do-dziecka-cytaty","product_tag-zagadki-dla-dzieci-6-7-lat","product_tag-zaproszenia-urodzinowe-do-druku"],"_links":{"self":[{"href":"http:\/\/klubmamgdynia.pl\/index.php\/wp-json\/wp\/v2\/product\/2327","targetHints":{"allow":["GET"]}}],"collection":[{"href":"http:\/\/klubmamgdynia.pl\/index.php\/wp-json\/wp\/v2\/product"}],"about":[{"href":"http:\/\/klubmamgdynia.pl\/index.php\/wp-json\/wp\/v2\/types\/product"}],"replies":[{"embeddable":true,"href":"http:\/\/klubmamgdynia.pl\/index.php\/wp-json\/wp\/v2\/comments?post=2327"}],"wp:featuredmedia":[{"embeddable":true,"href":"http:\/\/klubmamgdynia.pl\/index.php\/wp-json\/wp\/v2\/media\/2328"}],"wp:attachment":[{"href":"http:\/\/klubmamgdynia.pl\/index.php\/wp-json\/wp\/v2\/media?parent=2327"}],"wp:term":[{"taxonomy":"product_cat","embeddable":true,"href":"http:\/\/klubmamgdynia.pl\/index.php\/wp-json\/wp\/v2\/product_cat?post=2327"},{"taxonomy":"product_tag","embeddable":true,"href":"http:\/\/klubmamgdynia.pl\/index.php\/wp-json\/wp\/v2\/product_tag?post=2327"}],"curies":[{"name":"wp","href":"https:\/\/api.w.org\/{rel}","templated":true}]}}