{"id":2329,"date":"2021-01-25T05:12:54","date_gmt":"2021-01-25T04:12:54","guid":{"rendered":"http:\/\/klubmamgdynia.pl\/index.php\/produkt\/malplay-masa-plastyczna-ciastolina-glodny-jelonek\/"},"modified":"2026-04-30T01:32:31","modified_gmt":"2026-04-29T23:32:31","slug":"malplay-masa-plastyczna-ciastolina-glodny-jelonek","status":"publish","type":"product","link":"http:\/\/klubmamgdynia.pl\/index.php\/produkt\/malplay-masa-plastyczna-ciastolina-glodny-jelonek\/","title":{"rendered":"Malplay Masa Plastyczna Ciastolina G\u0142odny Jelonek"},"content":{"rendered":"<p>Prezentowany zestaw masy plastycznej dla dzieci sk\u0142ada si\u0119 z du\u017cej liczby ciekawych element\u00f3w.Zabawa z wykorzystaniem wyciskarki i innych dodatk\u00f3w jest bardzo prosta, a przede wszystkim intuicyjna w u\u017cyciu.Ciastolina jest uniwersaln\u0105 zabawk\u0105, kt\u00f3ra mo\u017ce zainteresowa\u0107 i zach\u0119ci\u0107 do zabawy ka\u017cdego maluszka, ale i odstresowa\u0107 starszych cz\u0142onk\u00f3w rodziny \u2014 rodze\u0144stwo lub rodzic\u00f3w.Du\u017c\u0105 zalet\u0105 kreatywnego zestawu jest mo\u017cliwo\u015b\u0107 \u0142\u0105czenia ze sob\u0105 poszczeg\u00f3lnych kolor\u00f3w masy, co efekcie mo\u017ce da\u0107 zupe\u0142nie inny kolor i pozwoli\u0107 czerpa\u0107 z weso\u0142ej zabawy jeszcze wi\u0119cej.Jakie kolory ze sob\u0105 zmiksowa\u0107? Po\u0142\u0105czenie czerwonej i \u017c\u00f3\u0142tej ciastoliny to pomara\u0144czowy kolor, natomiast niebieskiej i czerwonej \u2014 fioletowy.Podczas mieszania kolor\u00f3w mo\u017cna sugerowa\u0107 si\u0119 instrukcj\u0105, umieszczon\u0105 w tylnej cz\u0119\u015bci opakowania, a tak\u017ce sw\u0105 wyobra\u017ani\u0105.Obs\u0142uga wyciskarki do masy jest bardzo prosta \u2014 wykorzystanie jej w zabawie pozwoli na rewelacyjne udekorowanie talerzyk\u00f3w wype\u0142nionych odci\u015bni\u0119tym jedzeniem.Zestaw zawiera:wyciskarka Jelonekciastolina 5sztmiska 8,5cm x 3 cmtalerztaca 9,5 cm x 7 cm3 modu\u0142y do wyciskania makaron\u00f3w\u0142y\u017cka &#8211; 8 cmwidelec &#8211; 7,5 cmn\u00f3\u017c &#8211; 11cmszczypce 7 cmPARAMETRY:Wymiary podstawy z jelonkiem: 16,5 cm x 11,5 cm x wys 17cmWymiary opakowania: 38,5 x 29 x 10,5 cmWiek: 3+<\/p>\n<h2>Malplay Masa Plastyczna Ciastolina G\u0142odny Jelonek Malplay<\/h2>\n<p>super zings kolorowanki, zagadki na logiczne my\u015blenie, jak narysowa\u0107 psa, mama cytaty, prezent roczek, najlepsze zarty na prima aprilis, maska kota do druku, beniamin imi\u0119, ma\u0142y ksi\u0105\u017c\u0119 cytaty o przyja\u017ani, \u017cyczenia wielkanocne dla dzieci kr\u00f3tkie, zaproszenie na urodziny, zagadki z odpowiedziami dla dzieci, jak namalowa\u0107 kota, ko\u0142ysanki tekst, stolice europy quiz, przygody tomka sawyera test, bajki z misiami, pomysly na prima aprilis<\/p>\n<p>yyyyy<\/p>\n<p>&nbsp;<\/p>\n","protected":false},"excerpt":{"rendered":"<p>Prezentowany zestaw masy plastycznej dla dzieci sk\u0142ada si\u0119 z du\u017cej liczby ciekawych element\u00f3w.Zabawa z wykorzystaniem wyciskarki i innych dodatk\u00f3w jest bardzo prosta, a przede wszystkim intuicyjna w u\u017cyciu.Ciastolina jest uniwersaln\u0105 zabawk\u0105, kt\u00f3ra mo\u017ce zainteresowa\u0107 i zach\u0119ci\u0107 do zabawy ka\u017cdego maluszka, ale i odstresowa\u0107 starszych cz\u0142onk\u00f3w rodziny \u2014 rodze\u0144stwo lub rodzic\u00f3w.Du\u017c\u0105 zalet\u0105 kreatywnego zestawu jest mo\u017cliwo\u015b\u0107 [&hellip;]<\/p>\n","protected":false},"featured_media":2330,"comment_status":"closed","ping_status":"open","template":"","meta":[],"product_cat":[84,537],"product_tag":[748,703,586,757],"class_list":["post-2329","product","type-product","status-publish","has-post-thumbnail","hentry","product_cat-malplay","product_cat-pozostale-zabawki-edukacyjne","product_tag-okolice-wroclawia-atrakcje","product_tag-prezent-dla-nastolatki","product_tag-smieszne-zagadki","product_tag-test-z-lektury-ania-z-zielonego-wzgorza-klasa-6-z-odpowiedziami"],"_links":{"self":[{"href":"http:\/\/klubmamgdynia.pl\/index.php\/wp-json\/wp\/v2\/product\/2329","targetHints":{"allow":["GET"]}}],"collection":[{"href":"http:\/\/klubmamgdynia.pl\/index.php\/wp-json\/wp\/v2\/product"}],"about":[{"href":"http:\/\/klubmamgdynia.pl\/index.php\/wp-json\/wp\/v2\/types\/product"}],"replies":[{"embeddable":true,"href":"http:\/\/klubmamgdynia.pl\/index.php\/wp-json\/wp\/v2\/comments?post=2329"}],"wp:featuredmedia":[{"embeddable":true,"href":"http:\/\/klubmamgdynia.pl\/index.php\/wp-json\/wp\/v2\/media\/2330"}],"wp:attachment":[{"href":"http:\/\/klubmamgdynia.pl\/index.php\/wp-json\/wp\/v2\/media?parent=2329"}],"wp:term":[{"taxonomy":"product_cat","embeddable":true,"href":"http:\/\/klubmamgdynia.pl\/index.php\/wp-json\/wp\/v2\/product_cat?post=2329"},{"taxonomy":"product_tag","embeddable":true,"href":"http:\/\/klubmamgdynia.pl\/index.php\/wp-json\/wp\/v2\/product_tag?post=2329"}],"curies":[{"name":"wp","href":"https:\/\/api.w.org\/{rel}","templated":true}]}}