{"id":2333,"date":"2023-03-18T16:36:33","date_gmt":"2023-03-18T15:36:33","guid":{"rendered":"http:\/\/klubmamgdynia.pl\/?post_type=product&#038;p=2333"},"modified":"2026-04-27T06:15:58","modified_gmt":"2026-04-27T04:15:58","slug":"lisciani-ksiazeczka-carotina-labolatorium-botaniczne","status":"publish","type":"product","link":"http:\/\/klubmamgdynia.pl\/index.php\/produkt\/lisciani-ksiazeczka-carotina-labolatorium-botaniczne\/","title":{"rendered":"Lisciani Ksi\u0105\u017ceczka Carotina Labolatorium Botaniczne"},"content":{"rendered":"<p>Ksi\u0105\u017ceczka Iam a Genius &#8211; Laboratorium biologiczne Ksi\u0105\u017ceczka popularnonaukowa.Bogaty materia\u0142 dydaktyczny przybli\u017caj\u0105cy dzieciom wiedz\u0119 z zakresu botaniki.Ciekawie przedstawione informacje, du\u017ca ilo\u015b\u0107 przepi\u0119knych obrazk\u00f3w.Informacje o produkcieNr katalogowy305-PL78168Marka (ksi\u0105\u017ceczki) InneRodzaj (ksi\u0105\u017ceczki) EdukacyjneLiczba stron 32Wymagania wiekowe od 7 latP\u0142e\u0107 (zabawki) Dziewczynki i ch\u0142opcyAkcesoria w zestawie Szklarnia do samodzielnego monta\u017cuDoniczkiNasiona torfPozosta\u0142e parametry Twarda oprawaMi\u0119kkie kartkiWymiary opakowania: 23.5 x 4.5 x 31 cm<\/p>\n<h2>Lisciani Ksi\u0105\u017ceczka Carotina Labolatorium Botaniczne Lisciani Giochi<\/h2>\n<p>misie z bajek, wierszyk o choince, gdzie nad wod\u0119 ko\u0142o warszawy, pola imie, gad\u017cety dla nastolatka, zagadki \u015bmieszne z odpowiedziami, smok wawelski kolorowanka<\/p>\n<p>yyyyy<\/p>\n<p>&nbsp;<\/p>\n","protected":false},"excerpt":{"rendered":"<p>Ksi\u0105\u017ceczka Iam a Genius &#8211; Laboratorium biologiczne Ksi\u0105\u017ceczka popularnonaukowa.Bogaty materia\u0142 dydaktyczny przybli\u017caj\u0105cy dzieciom wiedz\u0119 z zakresu botaniki.Ciekawie przedstawione informacje, du\u017ca ilo\u015b\u0107 przepi\u0119knych obrazk\u00f3w.Informacje o produkcieNr katalogowy305-PL78168Marka (ksi\u0105\u017ceczki) InneRodzaj (ksi\u0105\u017ceczki) EdukacyjneLiczba stron 32Wymagania wiekowe od 7 latP\u0142e\u0107 (zabawki) Dziewczynki i ch\u0142opcyAkcesoria w zestawie Szklarnia do samodzielnego monta\u017cuDoniczkiNasiona torfPozosta\u0142e parametry Twarda oprawaMi\u0119kkie kartkiWymiary opakowania: 23.5 x 4.5 [&hellip;]<\/p>\n","protected":false},"featured_media":2334,"comment_status":"closed","ping_status":"open","template":"","meta":[],"product_cat":[553,72],"product_tag":[829,718,783,679,756],"class_list":["post-2333","product","type-product","status-publish","has-post-thumbnail","hentry","product_cat-lisciani-giochi","product_cat-mali-naukowcy","product_tag-bajki-do-czytania-na-dobranoc","product_tag-prezent-na-roczek-dla-chrzesniaka","product_tag-prezenty-na-roczek-dla-chlopca","product_tag-zabawki-na-roczek-dla-dziewczynki","product_tag-zaproszenie-na-urodziny-do-druku"],"_links":{"self":[{"href":"http:\/\/klubmamgdynia.pl\/index.php\/wp-json\/wp\/v2\/product\/2333","targetHints":{"allow":["GET"]}}],"collection":[{"href":"http:\/\/klubmamgdynia.pl\/index.php\/wp-json\/wp\/v2\/product"}],"about":[{"href":"http:\/\/klubmamgdynia.pl\/index.php\/wp-json\/wp\/v2\/types\/product"}],"replies":[{"embeddable":true,"href":"http:\/\/klubmamgdynia.pl\/index.php\/wp-json\/wp\/v2\/comments?post=2333"}],"wp:featuredmedia":[{"embeddable":true,"href":"http:\/\/klubmamgdynia.pl\/index.php\/wp-json\/wp\/v2\/media\/2334"}],"wp:attachment":[{"href":"http:\/\/klubmamgdynia.pl\/index.php\/wp-json\/wp\/v2\/media?parent=2333"}],"wp:term":[{"taxonomy":"product_cat","embeddable":true,"href":"http:\/\/klubmamgdynia.pl\/index.php\/wp-json\/wp\/v2\/product_cat?post=2333"},{"taxonomy":"product_tag","embeddable":true,"href":"http:\/\/klubmamgdynia.pl\/index.php\/wp-json\/wp\/v2\/product_tag?post=2333"}],"curies":[{"name":"wp","href":"https:\/\/api.w.org\/{rel}","templated":true}]}}