{"id":2335,"date":"2015-02-18T18:16:09","date_gmt":"2015-02-18T17:16:09","guid":{"rendered":"http:\/\/klubmamgdynia.pl\/index.php\/produkt\/brelok-stozkowy-filtr-powietrza-dolot-niebieski-5904050382459\/"},"modified":"2026-04-06T01:29:19","modified_gmt":"2026-04-05T23:29:19","slug":"brelok-stozkowy-filtr-powietrza-dolot-niebieski-5904050382459","status":"publish","type":"product","link":"http:\/\/klubmamgdynia.pl\/index.php\/produkt\/brelok-stozkowy-filtr-powietrza-dolot-niebieski-5904050382459\/","title":{"rendered":"Brelok Sto\u017ckowy Filtr Powietrza Dolot Niebieski (5904050382459)"},"content":{"rendered":"<p>Brelok wzorowany na dolocie zimnego powietrza z filtrem sto\u017ckowym.Kolor sto\u017cka: niebieskiWykonany w ca\u0142o\u015bci z metalu.Wymiary:- d\u0142ugo\u015b\u0107: 6,3cm- \u015brednica max: 1,7cm<\/p>\n<h2>Brelok Sto\u017ckowy Filtr Powietrza Dolot Niebieski (5904050382459) Inny<\/h2>\n<p>prima aprilis w szkole, imi\u0119 kostek, logiczne zagadki, quiz o akademii pana kleksa, kolorowanka europa, kolorowanki na dzie\u0144 niepodleg\u0142o\u015bci do wydruku, czytanki na dobranoc, traktor z przyczep\u0105 kolorowanka do druku, m\u0105dre prezenty dla 7 latki, prezent dla ch\u0142opca na roczek, marcel imi\u0119, co\u015b dla nastolatk\u00f3w, cytaty dziecko, zagadki \u015bmieszne, wierszyki na dobranoc dla dzieci<\/p>\n<p>yyyyy<\/p>\n<p>&nbsp;<\/p>\n","protected":false},"excerpt":{"rendered":"<p>Brelok wzorowany na dolocie zimnego powietrza z filtrem sto\u017ckowym.Kolor sto\u017cka: niebieskiWykonany w ca\u0142o\u015bci z metalu.Wymiary:- d\u0142ugo\u015b\u0107: 6,3cm- \u015brednica max: 1,7cm Brelok Sto\u017ckowy Filtr Powietrza Dolot Niebieski (5904050382459) Inny prima aprilis w szkole, imi\u0119 kostek, logiczne zagadki, quiz o akademii pana kleksa, kolorowanka europa, kolorowanki na dzie\u0144 niepodleg\u0142o\u015bci do wydruku, czytanki na dobranoc, traktor z przyczep\u0105 [&hellip;]<\/p>\n","protected":false},"featured_media":2336,"comment_status":"closed","ping_status":"open","template":"","meta":[],"product_cat":[482,169],"product_tag":[864,656,589,718,709],"class_list":["post-2335","product","type-product","status-publish","has-post-thumbnail","hentry","product_cat-gadzety","product_cat-inny","product_tag-basen-warszawa","product_tag-kolorowanki-lol","product_tag-prezent-dla-rocznego-dziecka","product_tag-prezent-na-roczek-dla-chrzesniaka","product_tag-zagadki-dla-dzieci-6-7-lat"],"_links":{"self":[{"href":"http:\/\/klubmamgdynia.pl\/index.php\/wp-json\/wp\/v2\/product\/2335","targetHints":{"allow":["GET"]}}],"collection":[{"href":"http:\/\/klubmamgdynia.pl\/index.php\/wp-json\/wp\/v2\/product"}],"about":[{"href":"http:\/\/klubmamgdynia.pl\/index.php\/wp-json\/wp\/v2\/types\/product"}],"replies":[{"embeddable":true,"href":"http:\/\/klubmamgdynia.pl\/index.php\/wp-json\/wp\/v2\/comments?post=2335"}],"wp:featuredmedia":[{"embeddable":true,"href":"http:\/\/klubmamgdynia.pl\/index.php\/wp-json\/wp\/v2\/media\/2336"}],"wp:attachment":[{"href":"http:\/\/klubmamgdynia.pl\/index.php\/wp-json\/wp\/v2\/media?parent=2335"}],"wp:term":[{"taxonomy":"product_cat","embeddable":true,"href":"http:\/\/klubmamgdynia.pl\/index.php\/wp-json\/wp\/v2\/product_cat?post=2335"},{"taxonomy":"product_tag","embeddable":true,"href":"http:\/\/klubmamgdynia.pl\/index.php\/wp-json\/wp\/v2\/product_tag?post=2335"}],"curies":[{"name":"wp","href":"https:\/\/api.w.org\/{rel}","templated":true}]}}