{"id":2337,"date":"2012-10-19T21:42:05","date_gmt":"2012-10-19T19:42:05","guid":{"rendered":"http:\/\/klubmamgdynia.pl\/index.php\/produkt\/simba-duzy-pluszowy-flaming-100-cm-maskotka-przytulanka\/"},"modified":"2026-05-01T00:06:32","modified_gmt":"2026-04-30T22:06:32","slug":"simba-duzy-pluszowy-flaming-100-cm-maskotka-przytulanka","status":"publish","type":"product","link":"http:\/\/klubmamgdynia.pl\/index.php\/produkt\/simba-duzy-pluszowy-flaming-100-cm-maskotka-przytulanka\/","title":{"rendered":"Simba Du\u017cy Pluszowy Flaming 100 Cm Maskotka Przytulanka"},"content":{"rendered":"<p>Du\u017cy Pluszowy Flaming 100 cm- Niezwykle atrakcyjna, bardzo mi\u0142a w dotyku pluszowa zabawka, kt\u00f3ra zapewni dziecku poczucie bezpiecze\u0144stwa i sprawi, \u017ce sen b\u0119dzie jeszcze przyjemniejszy.- Flaming firmy Simba zosta\u0142 wyprodukowany z wysokiej jako\u015bci materia\u0142\u00f3w, przez co jest wyj\u0105tkowo delikatny i idealnie nadaje si\u0119 do przytulania.- Uroczy flaming to nie tylko maskotka, ale tak\u017ce najlepszy przyjaciel. Dziecko mo\u017ce powierzy\u0107 mu wszystkie sekrety, a flaming na pewno dotrzyma tajemnicy.- Przytulanka nie tylko dla dziecka, super pomys\u0142 na prezent dla najbli\u017cszej osoby.- Wysoko\u015b\u0107 100 cm<\/p>\n<h2>Simba Du\u017cy Pluszowy Flaming 100 Cm Maskotka Przytulanka Simba<\/h2>\n<p>zagadki na my\u015blenie, zagadki matematyczne, wiersz na wielkanocnym stole, ksi\u0105\u017cka dla dzieci online, kr\u00f3tkie bajki do czytania pdf, rodzina sentencja, audiobook dla dzieci za darmo, przyja\u017a\u0144 cytaty, trudne zagadki, proste przepisy dla dzieci, atrakcje warszawa dla dzieci, znajd\u017a r\u00f3\u017cnice do druku, zagadki o psach, aurelia, wy\u015bcig but\u00f3w<\/p>\n<p>yyyyy<\/p>\n<p>&nbsp;<\/p>\n","protected":false},"excerpt":{"rendered":"<p>Du\u017cy Pluszowy Flaming 100 cm- Niezwykle atrakcyjna, bardzo mi\u0142a w dotyku pluszowa zabawka, kt\u00f3ra zapewni dziecku poczucie bezpiecze\u0144stwa i sprawi, \u017ce sen b\u0119dzie jeszcze przyjemniejszy.- Flaming firmy Simba zosta\u0142 wyprodukowany z wysokiej jako\u015bci materia\u0142\u00f3w, przez co jest wyj\u0105tkowo delikatny i idealnie nadaje si\u0119 do przytulania.- Uroczy flaming to nie tylko maskotka, ale tak\u017ce najlepszy przyjaciel. [&hellip;]<\/p>\n","protected":false},"featured_media":2338,"comment_status":"closed","ping_status":"open","template":"","meta":[],"product_cat":[42,279],"product_tag":[768,634,635],"class_list":["post-2337","product","type-product","status-publish","has-post-thumbnail","hentry","product_cat-maskotki","product_cat-simba","product_tag-krotkie-zagadki-logiczne","product_tag-zagadki-wielkanocne-dla-dzieci","product_tag-znaki-drogowe-do-druku"],"_links":{"self":[{"href":"http:\/\/klubmamgdynia.pl\/index.php\/wp-json\/wp\/v2\/product\/2337","targetHints":{"allow":["GET"]}}],"collection":[{"href":"http:\/\/klubmamgdynia.pl\/index.php\/wp-json\/wp\/v2\/product"}],"about":[{"href":"http:\/\/klubmamgdynia.pl\/index.php\/wp-json\/wp\/v2\/types\/product"}],"replies":[{"embeddable":true,"href":"http:\/\/klubmamgdynia.pl\/index.php\/wp-json\/wp\/v2\/comments?post=2337"}],"wp:featuredmedia":[{"embeddable":true,"href":"http:\/\/klubmamgdynia.pl\/index.php\/wp-json\/wp\/v2\/media\/2338"}],"wp:attachment":[{"href":"http:\/\/klubmamgdynia.pl\/index.php\/wp-json\/wp\/v2\/media?parent=2337"}],"wp:term":[{"taxonomy":"product_cat","embeddable":true,"href":"http:\/\/klubmamgdynia.pl\/index.php\/wp-json\/wp\/v2\/product_cat?post=2337"},{"taxonomy":"product_tag","embeddable":true,"href":"http:\/\/klubmamgdynia.pl\/index.php\/wp-json\/wp\/v2\/product_tag?post=2337"}],"curies":[{"name":"wp","href":"https:\/\/api.w.org\/{rel}","templated":true}]}}