{"id":2339,"date":"2024-11-01T05:02:05","date_gmt":"2024-11-01T04:02:05","guid":{"rendered":"http:\/\/klubmamgdynia.pl\/?post_type=product&#038;p=2339"},"modified":"2026-04-06T08:43:28","modified_gmt":"2026-04-06T06:43:28","slug":"playme-stacja-rozwoju-owadow","status":"publish","type":"product","link":"http:\/\/klubmamgdynia.pl\/index.php\/produkt\/playme-stacja-rozwoju-owadow\/","title":{"rendered":"Playme Stacja Rozwoju Owad\u00f3w"},"content":{"rendered":"<p>Ta stacja jest ma\u0142a i lekka, a tak\u017ce \u0142atwa do czyszczenia. Skonfigurowana zgodnie ze specyficzn\u0105 charakterystyk\u0105 cyklu \u017cycia owad\u00f3w. Konstrukcja z przezroczystymi elementami zapewnia wszechstronne zrozumienie obiektu obserwacji.<\/p>\n<h2>Playme Stacja Rozwoju Owad\u00f3w Playme<\/h2>\n<p>quiz o dinozaurach, tabliczka mno\u017cenia zadania do druku, pikachu kolorowanka, dobranoc zimowo, pytania do lektury asiunia, bajka krecik, tymoteusz znaczenie imienia, atrakcje dla dzieci wroc\u0142aw i okolice, maska karnawa\u0142owa pdf<\/p>\n<p>yyyyy<\/p>\n<p>&nbsp;<\/p>\n","protected":false},"excerpt":{"rendered":"<p>Ta stacja jest ma\u0142a i lekka, a tak\u017ce \u0142atwa do czyszczenia. Skonfigurowana zgodnie ze specyficzn\u0105 charakterystyk\u0105 cyklu \u017cycia owad\u00f3w. Konstrukcja z przezroczystymi elementami zapewnia wszechstronne zrozumienie obiektu obserwacji. Playme Stacja Rozwoju Owad\u00f3w Playme quiz o dinozaurach, tabliczka mno\u017cenia zadania do druku, pikachu kolorowanka, dobranoc zimowo, pytania do lektury asiunia, bajka krecik, tymoteusz znaczenie imienia, atrakcje [&hellip;]<\/p>\n","protected":false},"featured_media":2340,"comment_status":"closed","ping_status":"open","template":"","meta":[],"product_cat":[72,567],"product_tag":[852,580,758,724,635],"class_list":["post-2339","product","type-product","status-publish","has-post-thumbnail","hentry","product_cat-mali-naukowcy","product_cat-playme","product_tag-jak-zrobic-samolot-z-papieru","product_tag-janusz","product_tag-julian","product_tag-zagadki-podchwytliwe","product_tag-znaki-drogowe-do-druku"],"_links":{"self":[{"href":"http:\/\/klubmamgdynia.pl\/index.php\/wp-json\/wp\/v2\/product\/2339","targetHints":{"allow":["GET"]}}],"collection":[{"href":"http:\/\/klubmamgdynia.pl\/index.php\/wp-json\/wp\/v2\/product"}],"about":[{"href":"http:\/\/klubmamgdynia.pl\/index.php\/wp-json\/wp\/v2\/types\/product"}],"replies":[{"embeddable":true,"href":"http:\/\/klubmamgdynia.pl\/index.php\/wp-json\/wp\/v2\/comments?post=2339"}],"wp:featuredmedia":[{"embeddable":true,"href":"http:\/\/klubmamgdynia.pl\/index.php\/wp-json\/wp\/v2\/media\/2340"}],"wp:attachment":[{"href":"http:\/\/klubmamgdynia.pl\/index.php\/wp-json\/wp\/v2\/media?parent=2339"}],"wp:term":[{"taxonomy":"product_cat","embeddable":true,"href":"http:\/\/klubmamgdynia.pl\/index.php\/wp-json\/wp\/v2\/product_cat?post=2339"},{"taxonomy":"product_tag","embeddable":true,"href":"http:\/\/klubmamgdynia.pl\/index.php\/wp-json\/wp\/v2\/product_tag?post=2339"}],"curies":[{"name":"wp","href":"https:\/\/api.w.org\/{rel}","templated":true}]}}