{"id":2343,"date":"2023-07-21T11:31:20","date_gmt":"2023-07-21T09:31:20","guid":{"rendered":"http:\/\/klubmamgdynia.pl\/?post_type=product&#038;p=2343"},"modified":"2026-04-03T13:33:18","modified_gmt":"2026-04-03T11:33:18","slug":"fiki-miki-poduszka-klin-40-40-cm","status":"publish","type":"product","link":"http:\/\/klubmamgdynia.pl\/index.php\/produkt\/fiki-miki-poduszka-klin-40-40-cm\/","title":{"rendered":"Fiki Miki Poduszka Klin 40\/40 Cm"},"content":{"rendered":"<h2>Fiki Miki Poduszka Klin 40\/40 Cm Fiki Miki<\/h2>\n<p>\u015bwinka peppa kolorowanka, zabawy dla 5 latka, \u0142amig\u0142\u00f3wki dla dzieci do druku, dobre zagadki logiczne, bal halloween dla dzieci 2021, test miko\u0142ajek 25 pyta\u0144, bajka terapeutyczna o dokuczaniu, bajki dla dzieci za darmo, \u015bmieszne zagadki matematyczne, rymowane zagadki dla dzieci, quiz zemsta, po\u0142\u0105cz kropki do druku, ciekawe zagadki, maciej imie, nauka zegara, wielkanocne zagadki dla dzieci, test z lektury dzieci z bullerbyn<\/p>\n<p>yyyyy<\/p>\n<p>&nbsp;<\/p>\n","protected":false},"excerpt":{"rendered":"<p>Fiki Miki Poduszka Klin 40\/40 Cm Fiki Miki \u015bwinka peppa kolorowanka, zabawy dla 5 latka, \u0142amig\u0142\u00f3wki dla dzieci do druku, dobre zagadki logiczne, bal halloween dla dzieci 2021, test miko\u0142ajek 25 pyta\u0144, bajka terapeutyczna o dokuczaniu, bajki dla dzieci za darmo, \u015bmieszne zagadki matematyczne, rymowane zagadki dla dzieci, quiz zemsta, po\u0142\u0105cz kropki do druku, ciekawe [&hellip;]<\/p>\n","protected":false},"featured_media":2344,"comment_status":"closed","ping_status":"open","template":"","meta":[],"product_cat":[568,495],"product_tag":[598,727,651,804,587],"class_list":["post-2343","product","type-product","status-publish","has-post-thumbnail","hentry","product_cat-fiki-miki","product_cat-koldry-i-poduszki-dla-dzieci","product_tag-co-na-roczek-dla-dziewczynki","product_tag-godlo-polski-do-druku","product_tag-quizy-online","product_tag-ryz-z-owocami","product_tag-skalne-miasto"],"_links":{"self":[{"href":"http:\/\/klubmamgdynia.pl\/index.php\/wp-json\/wp\/v2\/product\/2343","targetHints":{"allow":["GET"]}}],"collection":[{"href":"http:\/\/klubmamgdynia.pl\/index.php\/wp-json\/wp\/v2\/product"}],"about":[{"href":"http:\/\/klubmamgdynia.pl\/index.php\/wp-json\/wp\/v2\/types\/product"}],"replies":[{"embeddable":true,"href":"http:\/\/klubmamgdynia.pl\/index.php\/wp-json\/wp\/v2\/comments?post=2343"}],"wp:featuredmedia":[{"embeddable":true,"href":"http:\/\/klubmamgdynia.pl\/index.php\/wp-json\/wp\/v2\/media\/2344"}],"wp:attachment":[{"href":"http:\/\/klubmamgdynia.pl\/index.php\/wp-json\/wp\/v2\/media?parent=2343"}],"wp:term":[{"taxonomy":"product_cat","embeddable":true,"href":"http:\/\/klubmamgdynia.pl\/index.php\/wp-json\/wp\/v2\/product_cat?post=2343"},{"taxonomy":"product_tag","embeddable":true,"href":"http:\/\/klubmamgdynia.pl\/index.php\/wp-json\/wp\/v2\/product_tag?post=2343"}],"curies":[{"name":"wp","href":"https:\/\/api.w.org\/{rel}","templated":true}]}}