{"id":2349,"date":"2014-08-10T09:17:47","date_gmt":"2014-08-10T07:17:47","guid":{"rendered":"http:\/\/klubmamgdynia.pl\/index.php\/produkt\/ravensburger-2d-3w1-minecraft-5621\/"},"modified":"2026-04-07T10:31:15","modified_gmt":"2026-04-07T08:31:15","slug":"ravensburger-2d-3w1-minecraft-5621","status":"publish","type":"product","link":"http:\/\/klubmamgdynia.pl\/index.php\/produkt\/ravensburger-2d-3w1-minecraft-5621\/","title":{"rendered":"Ravensburger 2D 3W1 Minecraft 5621"},"content":{"rendered":"<p>Puzzle 3&#215;49 element\u00f3w Ravensburger to zestaw 3 uk\u0142adanek (po 49 element\u00f3w) przedstawiaj\u0105cych sceny z gry Minecraft. Zawarto\u015b\u0107:3 uk\u0142adanki z motywami z Minecraft (ka\u017cda uk\u0142adanka sk\u0142ada si\u0119 z 49 element\u00f3w).Produkt przeznaczony dla dzieci od 5. roku \u017cycia. Ravensburger jest najwi\u0119kszym producentem puzzli na \u015bwiecie, kt\u00f3re wytwarza od ponad 120 lat.\u2022Puzzle marki Ravensburger posiadaj\u0105 antyrefleksyjn\u0105 pow\u0142ok\u0119 &#8211; s\u0105 wykonane z opatentowanego, grubego kartonu z mi\u0119kk\u0105 pod\u015bci\u00f3\u0142k\u0105&#8230;<\/p>\n<h2>Ravensburger 2D 3W1 Minecraft 5621 Ravensburger<\/h2>\n<p>jesienne zagadki, ahmed, koty kolorowanki, wierszyk o marzannie, miko\u0142ajek &#8211; test z odpowiedziami, \u0142amig\u0142\u00f3wki dla dzieci do druku, przys\u0142owia o rodzinie, najlepsze pranki na prima aprilis, \u0142amig\u0142\u00f3wki do druku, my jeste\u015bmy krasnoludki tekst, niespotykane imiona \u017ce\u0144skie, prezenty dla nastolatka, opisy do zdj dziecka, kolorowanka kotek, po \u0142\u0105ce biega lato tekst, pierwsze urodziny prezent na roczek dla ch\u0142opca, zaproszenia na urodziny dla dzieci do druku<\/p>\n<p>yyyyy<\/p>\n<p>&nbsp;<\/p>\n","protected":false},"excerpt":{"rendered":"<p>Puzzle 3&#215;49 element\u00f3w Ravensburger to zestaw 3 uk\u0142adanek (po 49 element\u00f3w) przedstawiaj\u0105cych sceny z gry Minecraft. Zawarto\u015b\u0107:3 uk\u0142adanki z motywami z Minecraft (ka\u017cda uk\u0142adanka sk\u0142ada si\u0119 z 49 element\u00f3w).Produkt przeznaczony dla dzieci od 5. roku \u017cycia. Ravensburger jest najwi\u0119kszym producentem puzzli na \u015bwiecie, kt\u00f3re wytwarza od ponad 120 lat.\u2022Puzzle marki Ravensburger posiadaj\u0105 antyrefleksyjn\u0105 pow\u0142ok\u0119 &#8211; [&hellip;]<\/p>\n","protected":false},"featured_media":2350,"comment_status":"closed","ping_status":"open","template":"","meta":[],"product_cat":[90,207],"product_tag":[777,854,674,866,843],"class_list":["post-2349","product","type-product","status-publish","has-post-thumbnail","hentry","product_cat-puzzle","product_cat-ravensburger","product_tag-co-na-roczek","product_tag-cytaty-rodzina","product_tag-miasto-dzieci","product_tag-opis-do-zdjecia-dziecka-na-fb","product_tag-smieszne-zagadki-dla-dzieci"],"_links":{"self":[{"href":"http:\/\/klubmamgdynia.pl\/index.php\/wp-json\/wp\/v2\/product\/2349","targetHints":{"allow":["GET"]}}],"collection":[{"href":"http:\/\/klubmamgdynia.pl\/index.php\/wp-json\/wp\/v2\/product"}],"about":[{"href":"http:\/\/klubmamgdynia.pl\/index.php\/wp-json\/wp\/v2\/types\/product"}],"replies":[{"embeddable":true,"href":"http:\/\/klubmamgdynia.pl\/index.php\/wp-json\/wp\/v2\/comments?post=2349"}],"wp:featuredmedia":[{"embeddable":true,"href":"http:\/\/klubmamgdynia.pl\/index.php\/wp-json\/wp\/v2\/media\/2350"}],"wp:attachment":[{"href":"http:\/\/klubmamgdynia.pl\/index.php\/wp-json\/wp\/v2\/media?parent=2349"}],"wp:term":[{"taxonomy":"product_cat","embeddable":true,"href":"http:\/\/klubmamgdynia.pl\/index.php\/wp-json\/wp\/v2\/product_cat?post=2349"},{"taxonomy":"product_tag","embeddable":true,"href":"http:\/\/klubmamgdynia.pl\/index.php\/wp-json\/wp\/v2\/product_tag?post=2349"}],"curies":[{"name":"wp","href":"https:\/\/api.w.org\/{rel}","templated":true}]}}