{"id":235,"date":"2016-02-05T14:27:52","date_gmt":"2016-02-05T13:27:52","guid":{"rendered":"http:\/\/klubmamgdynia.pl\/index.php\/produkt\/holle-deser-delikatny-banan-zgrysikiem-bio-190g\/"},"modified":"2026-05-01T16:27:00","modified_gmt":"2026-05-01T14:27:00","slug":"holle-deser-delikatny-banan-zgrysikiem-bio-190g","status":"publish","type":"product","link":"http:\/\/klubmamgdynia.pl\/index.php\/produkt\/holle-deser-delikatny-banan-zgrysikiem-bio-190g\/","title":{"rendered":"Holle Deser Delikatny Banan Zgrysikiem Bio 190G"},"content":{"rendered":"<p>Zdrowy i po\u017cywny deser owocowy z banan\u00f3w i kaszki manny skierowany do dzieci kt\u00f3re sko\u0144czy\u0142y 6 miesi\u0119cy. W bananach znajdziemy wszystkie najwa\u017cniejsze witaminy A, C, E, K oraz te z grupy B. Nie brakuje w nich tak\u017ce b\u0142onnika oraz sk\u0142adnik\u00f3w mineralnych.<\/p>\n<h2>Holle Deser Delikatny Banan Zgrysikiem Bio 190G Holle<\/h2>\n<p>prezent dla 15 latka, quiz o psie kt\u00f3ry je\u017adzi\u0142 kolej\u0105, jagna, literki, tabliczka mno\u017cenia kolorowanki do wydruku, kolorowanka sky, kartki na dobranoc dla przyjaci\u00f3\u0142, cytaty o przyja\u017ani ma\u0142y ksi\u0105\u017c\u0119, bajki terapeutyczne o emocjach pdf, quizy online, bajki do czytania dla niemowl\u0105t, zaproszenie na urodziny dziecka do druku, zagadki o bajkach, gry planszowe dla m\u0142odzie\u017cy, choinko pi\u0119kna jak las tekst, kolorowanki kotki do druku, medrcy swiata, bajki terapeutyczne o emocjach pdf, piosenka na dzie\u0144 nauczyciela przedszkole<\/p>\n<p>yyyyy<\/p>\n<p>&nbsp;<\/p>\n","protected":false},"excerpt":{"rendered":"<p>Zdrowy i po\u017cywny deser owocowy z banan\u00f3w i kaszki manny skierowany do dzieci kt\u00f3re sko\u0144czy\u0142y 6 miesi\u0119cy. W bananach znajdziemy wszystkie najwa\u017cniejsze witaminy A, C, E, K oraz te z grupy B. Nie brakuje w nich tak\u017ce b\u0142onnika oraz sk\u0142adnik\u00f3w mineralnych. Holle Deser Delikatny Banan Zgrysikiem Bio 190G Holle prezent dla 15 latka, quiz o [&hellip;]<\/p>\n","protected":false},"featured_media":236,"comment_status":"closed","ping_status":"open","template":"","meta":[],"product_cat":[112,106],"product_tag":[622,626,609,709],"class_list":["post-235","product","type-product","status-publish","has-post-thumbnail","hentry","product_cat-deserki-dla-dzieci","product_cat-holle","product_tag-fajne-zagadki","product_tag-jacek","product_tag-quiz-flagi-europy","product_tag-zagadki-dla-dzieci-6-7-lat"],"_links":{"self":[{"href":"http:\/\/klubmamgdynia.pl\/index.php\/wp-json\/wp\/v2\/product\/235","targetHints":{"allow":["GET"]}}],"collection":[{"href":"http:\/\/klubmamgdynia.pl\/index.php\/wp-json\/wp\/v2\/product"}],"about":[{"href":"http:\/\/klubmamgdynia.pl\/index.php\/wp-json\/wp\/v2\/types\/product"}],"replies":[{"embeddable":true,"href":"http:\/\/klubmamgdynia.pl\/index.php\/wp-json\/wp\/v2\/comments?post=235"}],"wp:featuredmedia":[{"embeddable":true,"href":"http:\/\/klubmamgdynia.pl\/index.php\/wp-json\/wp\/v2\/media\/236"}],"wp:attachment":[{"href":"http:\/\/klubmamgdynia.pl\/index.php\/wp-json\/wp\/v2\/media?parent=235"}],"wp:term":[{"taxonomy":"product_cat","embeddable":true,"href":"http:\/\/klubmamgdynia.pl\/index.php\/wp-json\/wp\/v2\/product_cat?post=235"},{"taxonomy":"product_tag","embeddable":true,"href":"http:\/\/klubmamgdynia.pl\/index.php\/wp-json\/wp\/v2\/product_tag?post=235"}],"curies":[{"name":"wp","href":"https:\/\/api.w.org\/{rel}","templated":true}]}}