{"id":2353,"date":"2017-06-27T11:50:54","date_gmt":"2017-06-27T09:50:54","guid":{"rendered":"http:\/\/klubmamgdynia.pl\/index.php\/produkt\/pan-dragon-magnes-i-love-poland-hala-gasienicowa-1390470\/"},"modified":"2026-05-03T12:43:30","modified_gmt":"2026-05-03T10:43:30","slug":"pan-dragon-magnes-i-love-poland-hala-gasienicowa-1390470","status":"publish","type":"product","link":"http:\/\/klubmamgdynia.pl\/index.php\/produkt\/pan-dragon-magnes-i-love-poland-hala-gasienicowa-1390470\/","title":{"rendered":"Pan Dragon Magnes I love Poland Hala G\u0105sienicowa (1390470)"},"content":{"rendered":"<p>Pami\u0105tka z wakacji, kt\u00f3ra ozdobi Tw\u00f3j dom i b\u0119dzie przypomina\u0107 beztroski czas i mi\u0142e wspomnienia.EAN: 5901854977874<\/p>\n<h2>Pan Dragon Magnes I love Poland Hala G\u0105sienicowa (1390470) Pan Dragon<\/h2>\n<p>bajki do czytania dla ch\u0142opc\u00f3w, ekskluzywny prezent na roczek, bajki do czytania, gotowe zaproszenia na urodziny do wydrukowania, sabina, zagadki dla 8 latka, kawaly na prima aprilis, kondrad imie, wulkan eksperyment, nauka zegara, co kupi\u0107 nastolatkowi, regina, \u0142amig\u0142\u00f3wki logiczne dla dzieci, zimowe zagadki, planety do druku dla dzieci<\/p>\n<p>yyyyy<\/p>\n<p>&nbsp;<\/p>\n","protected":false},"excerpt":{"rendered":"<p>Pami\u0105tka z wakacji, kt\u00f3ra ozdobi Tw\u00f3j dom i b\u0119dzie przypomina\u0107 beztroski czas i mi\u0142e wspomnienia.EAN: 5901854977874 Pan Dragon Magnes I love Poland Hala G\u0105sienicowa (1390470) Pan Dragon bajki do czytania dla ch\u0142opc\u00f3w, ekskluzywny prezent na roczek, bajki do czytania, gotowe zaproszenia na urodziny do wydrukowania, sabina, zagadki dla 8 latka, kawaly na prima aprilis, kondrad [&hellip;]<\/p>\n","protected":false},"featured_media":2354,"comment_status":"closed","ping_status":"open","template":"","meta":[],"product_cat":[482,571],"product_tag":[847,752,842,816,788],"class_list":["post-2353","product","type-product","status-publish","has-post-thumbnail","hentry","product_cat-gadzety","product_cat-pan-dragon","product_tag-kolorowanki-pokemon","product_tag-kuba-imie","product_tag-plac-zabaw-poznan","product_tag-place-zabaw-warszawa","product_tag-zagadki-krotkie"],"_links":{"self":[{"href":"http:\/\/klubmamgdynia.pl\/index.php\/wp-json\/wp\/v2\/product\/2353","targetHints":{"allow":["GET"]}}],"collection":[{"href":"http:\/\/klubmamgdynia.pl\/index.php\/wp-json\/wp\/v2\/product"}],"about":[{"href":"http:\/\/klubmamgdynia.pl\/index.php\/wp-json\/wp\/v2\/types\/product"}],"replies":[{"embeddable":true,"href":"http:\/\/klubmamgdynia.pl\/index.php\/wp-json\/wp\/v2\/comments?post=2353"}],"wp:featuredmedia":[{"embeddable":true,"href":"http:\/\/klubmamgdynia.pl\/index.php\/wp-json\/wp\/v2\/media\/2354"}],"wp:attachment":[{"href":"http:\/\/klubmamgdynia.pl\/index.php\/wp-json\/wp\/v2\/media?parent=2353"}],"wp:term":[{"taxonomy":"product_cat","embeddable":true,"href":"http:\/\/klubmamgdynia.pl\/index.php\/wp-json\/wp\/v2\/product_cat?post=2353"},{"taxonomy":"product_tag","embeddable":true,"href":"http:\/\/klubmamgdynia.pl\/index.php\/wp-json\/wp\/v2\/product_tag?post=2353"}],"curies":[{"name":"wp","href":"https:\/\/api.w.org\/{rel}","templated":true}]}}