{"id":2355,"date":"2015-03-13T22:50:29","date_gmt":"2015-03-13T21:50:29","guid":{"rendered":"http:\/\/klubmamgdynia.pl\/index.php\/produkt\/simba-new-born-baby-buciki-dla-lalek-705127\/"},"modified":"2026-04-06T08:26:02","modified_gmt":"2026-04-06T06:26:02","slug":"simba-new-born-baby-buciki-dla-lalek-705127","status":"publish","type":"product","link":"http:\/\/klubmamgdynia.pl\/index.php\/produkt\/simba-new-born-baby-buciki-dla-lalek-705127\/","title":{"rendered":"Simba New Born Baby Buciki Dla Lalek 705127"},"content":{"rendered":"<p>New Born Baby Buciki dla lalek W zestawie 1 para bucik\u00f3w przeznaczonych dla lalek 38 &#8211; 43 cm.3 rodzaje. Cena dotyczy jednej pary. Produkt wysy\u0142any losowo&#8230;.<\/p>\n<h2>Simba New Born Baby Buciki Dla Lalek 705127 Simba<\/h2>\n<p>wr\u00f3\u017cby andrzejkowe dla dzieci zawody, cytaty o wychowaniu dzieci, tr\u00f3jmiasto atrakcje dla dzieci, zabawy dla 10 latka, karaluchy pod poduchy a szczypawki, iwo<\/p>\n<p>yyyyy<\/p>\n<p>&nbsp;<\/p>\n","protected":false},"excerpt":{"rendered":"<p>New Born Baby Buciki dla lalek W zestawie 1 para bucik\u00f3w przeznaczonych dla lalek 38 &#8211; 43 cm.3 rodzaje. Cena dotyczy jednej pary. Produkt wysy\u0142any losowo&#8230;. Simba New Born Baby Buciki Dla Lalek 705127 Simba wr\u00f3\u017cby andrzejkowe dla dzieci zawody, cytaty o wychowaniu dzieci, tr\u00f3jmiasto atrakcje dla dzieci, zabawy dla 10 latka, karaluchy pod poduchy [&hellip;]<\/p>\n","protected":false},"featured_media":2356,"comment_status":"closed","ping_status":"open","template":"","meta":[],"product_cat":[279,50],"product_tag":[648,754,673,735,872],"class_list":["post-2355","product","type-product","status-publish","has-post-thumbnail","hentry","product_cat-simba","product_cat-ubranka-i-buty-dla-lalek","product_tag-dobrej-nocy-i-sza","product_tag-dyplomy-do-wydrukowania-a4","product_tag-juz-blisko-koleda-tekst","product_tag-prezent-na-roczek-dziewczynka","product_tag-zagadki-dla-dzieci-6-lat"],"_links":{"self":[{"href":"http:\/\/klubmamgdynia.pl\/index.php\/wp-json\/wp\/v2\/product\/2355","targetHints":{"allow":["GET"]}}],"collection":[{"href":"http:\/\/klubmamgdynia.pl\/index.php\/wp-json\/wp\/v2\/product"}],"about":[{"href":"http:\/\/klubmamgdynia.pl\/index.php\/wp-json\/wp\/v2\/types\/product"}],"replies":[{"embeddable":true,"href":"http:\/\/klubmamgdynia.pl\/index.php\/wp-json\/wp\/v2\/comments?post=2355"}],"wp:featuredmedia":[{"embeddable":true,"href":"http:\/\/klubmamgdynia.pl\/index.php\/wp-json\/wp\/v2\/media\/2356"}],"wp:attachment":[{"href":"http:\/\/klubmamgdynia.pl\/index.php\/wp-json\/wp\/v2\/media?parent=2355"}],"wp:term":[{"taxonomy":"product_cat","embeddable":true,"href":"http:\/\/klubmamgdynia.pl\/index.php\/wp-json\/wp\/v2\/product_cat?post=2355"},{"taxonomy":"product_tag","embeddable":true,"href":"http:\/\/klubmamgdynia.pl\/index.php\/wp-json\/wp\/v2\/product_tag?post=2355"}],"curies":[{"name":"wp","href":"https:\/\/api.w.org\/{rel}","templated":true}]}}