{"id":2359,"date":"2021-04-04T05:08:29","date_gmt":"2021-04-04T03:08:29","guid":{"rendered":"http:\/\/klubmamgdynia.pl\/index.php\/produkt\/epee-zolwie-ninja-leonardo-w-akcji-81400l\/"},"modified":"2026-04-05T19:35:21","modified_gmt":"2026-04-05T17:35:21","slug":"epee-zolwie-ninja-leonardo-w-akcji-81400l","status":"publish","type":"product","link":"http:\/\/klubmamgdynia.pl\/index.php\/produkt\/epee-zolwie-ninja-leonardo-w-akcji-81400l\/","title":{"rendered":"Epee \u017b\u00f3\u0142wie Ninja Leonardo w akcji 81400L"},"content":{"rendered":"<p>Figurka Wojownicze \u017b\u00f3\u0142wie Ninja 15cm.Wykonuje atak i wydaje okrzyk bojowy.<\/p>\n<h2>Epee \u017b\u00f3\u0142wie Ninja Leonardo w akcji 81400L Epee<\/h2>\n<p>kolorowanki ninjago, cytat z kubusia puchatka o mi\u0142o\u015bci, samoch\u00f3d kolorowanka do druku, swinka peppa do czytania, prezent na roczek dla chlopca, zagadki dla starszych dzieci, fajne prezenty dla nastolatk\u00f3w<\/p>\n<p>yyyyy<\/p>\n<p>&nbsp;<\/p>\n","protected":false},"excerpt":{"rendered":"<p>Figurka Wojownicze \u017b\u00f3\u0142wie Ninja 15cm.Wykonuje atak i wydaje okrzyk bojowy. Epee \u017b\u00f3\u0142wie Ninja Leonardo w akcji 81400L Epee kolorowanki ninjago, cytat z kubusia puchatka o mi\u0142o\u015bci, samoch\u00f3d kolorowanka do druku, swinka peppa do czytania, prezent na roczek dla chlopca, zagadki dla starszych dzieci, fajne prezenty dla nastolatk\u00f3w yyyyy &nbsp;<\/p>\n","protected":false},"featured_media":2360,"comment_status":"closed","ping_status":"open","template":"","meta":[],"product_cat":[49,95],"product_tag":[671,865,578,579,724],"class_list":["post-2359","product","type-product","status-publish","has-post-thumbnail","hentry","product_cat-epee","product_cat-figurki-makiety-i-zestawy","product_tag-cicha-noc-po-angielsku-tekst","product_tag-cytaty-o-dzieciach","product_tag-fajne-zarty-na-prima-aprilis","product_tag-quiz-opowiesci-z-narnii-lew-czarownica-i-stara-szafa","product_tag-zagadki-podchwytliwe"],"_links":{"self":[{"href":"http:\/\/klubmamgdynia.pl\/index.php\/wp-json\/wp\/v2\/product\/2359","targetHints":{"allow":["GET"]}}],"collection":[{"href":"http:\/\/klubmamgdynia.pl\/index.php\/wp-json\/wp\/v2\/product"}],"about":[{"href":"http:\/\/klubmamgdynia.pl\/index.php\/wp-json\/wp\/v2\/types\/product"}],"replies":[{"embeddable":true,"href":"http:\/\/klubmamgdynia.pl\/index.php\/wp-json\/wp\/v2\/comments?post=2359"}],"wp:featuredmedia":[{"embeddable":true,"href":"http:\/\/klubmamgdynia.pl\/index.php\/wp-json\/wp\/v2\/media\/2360"}],"wp:attachment":[{"href":"http:\/\/klubmamgdynia.pl\/index.php\/wp-json\/wp\/v2\/media?parent=2359"}],"wp:term":[{"taxonomy":"product_cat","embeddable":true,"href":"http:\/\/klubmamgdynia.pl\/index.php\/wp-json\/wp\/v2\/product_cat?post=2359"},{"taxonomy":"product_tag","embeddable":true,"href":"http:\/\/klubmamgdynia.pl\/index.php\/wp-json\/wp\/v2\/product_tag?post=2359"}],"curies":[{"name":"wp","href":"https:\/\/api.w.org\/{rel}","templated":true}]}}