{"id":2363,"date":"2014-05-16T20:28:36","date_gmt":"2014-05-16T18:28:36","guid":{"rendered":"http:\/\/klubmamgdynia.pl\/index.php\/produkt\/ranok-creative-laboratorium-prywatnego-detektywa\/"},"modified":"2026-04-30T01:22:06","modified_gmt":"2026-04-29T23:22:06","slug":"ranok-creative-laboratorium-prywatnego-detektywa","status":"publish","type":"product","link":"http:\/\/klubmamgdynia.pl\/index.php\/produkt\/ranok-creative-laboratorium-prywatnego-detektywa\/","title":{"rendered":"Ranok-Creative Laboratorium Prywatnego Detektywa"},"content":{"rendered":"<p>Fascynuj\u0105 Ci\u0119 kryminalne zagadki, wci\u0105gaj\u0105ce po\u015bcigi za bandytami i wyja\u015bnianie tajemniczych zagini\u0119\u0107?Z t\u0105 gr\u0105 poczujesz si\u0119 jak prawdziwy detektyw i zapoznasz si\u0119 z niezwykle interesuj\u0105c\u0105 nauk\u0105 &#8211; kryminalistyk\u0105, kt\u00f3ra zajmuje si\u0119 metodami wykrywania przest\u0119pstw.Ta gra pozwoli Ci postawi\u0107 pierwsze kroki w roli super profesjonalnego detektywa!Zestaw dla pocz\u0105tkuj\u0105cych detektyw\u00f3w, kt\u00f3ry zapozna dziecko z tajnikami kryminalistyki.Podczas zabawy dziecko rozwija swoje umiej\u0119tno\u015bci do zapami\u0119tywania dat i twarzy oraz \u0142\u0105czenia pojedynczych zdarze\u0144 w logiczne ci\u0105gi.ZAWARTO\u015a\u0106:- Poduszka z tuszem- Karta daktyloskopijna- Karta docisk\u00f3w linii papilarnych- Kapsu\u0142ka z grafitowym proszkiem- Karta do zdejmowania odcisk\u00f3w linii papilarnych- P\u0119dzelek- Przezroczysta folia- Legitymacja prywatnego detektywa- Lupa- Fotografie przest\u0119pc\u00f3w- Szablony kszta\u0142t\u00f3w ust- Szablony rodzaj\u00f3w zarostu- Pulpit roboczy fotorobota- Szablon kszta\u0142t\u00f3w twarzy- Szablon kszta\u0142t\u00f3w oczu- Szablon kszta\u0142t\u00f3w nosa- Tusz- Podr\u0119cznik prywatnego detektywaWIEK:- Powy\u017cej 8 latWYMIARY OPAKOWANIA:- 17 x 22,5 x 5 cmWAGA OPAKOWANIA:- Ok. 200 gUWAGI:Produkt nie nadaje si\u0119 dla dzieci poni\u017cej 3 lat.<\/p>\n<h2>Ranok-Creative Laboratorium Prywatnego Detektywa RANOK<\/h2>\n<p>nietypowe atrakcje dla dzieci, proste dekoracje bo\u017conarodzeniowe dla dzieci, kolorowanka pikachu, dzie\u0144 \u015bw patryka symbole do druku, iwo, audiobooki dla dzieci za darmo, dzieci z bullerbyn quiz, prezenty na dzie\u0144 dziecka dla nastolatk\u00f3w, dyplom dla przedszkolaka do wydruku, zagadki logiczne i odpowiedzi<\/p>\n<p>yyyyy<\/p>\n<p>&nbsp;<\/p>\n","protected":false},"excerpt":{"rendered":"<p>Fascynuj\u0105 Ci\u0119 kryminalne zagadki, wci\u0105gaj\u0105ce po\u015bcigi za bandytami i wyja\u015bnianie tajemniczych zagini\u0119\u0107?Z t\u0105 gr\u0105 poczujesz si\u0119 jak prawdziwy detektyw i zapoznasz si\u0119 z niezwykle interesuj\u0105c\u0105 nauk\u0105 &#8211; kryminalistyk\u0105, kt\u00f3ra zajmuje si\u0119 metodami wykrywania przest\u0119pstw.Ta gra pozwoli Ci postawi\u0107 pierwsze kroki w roli super profesjonalnego detektywa!Zestaw dla pocz\u0105tkuj\u0105cych detektyw\u00f3w, kt\u00f3ry zapozna dziecko z tajnikami kryminalistyki.Podczas zabawy [&hellip;]<\/p>\n","protected":false},"featured_media":2364,"comment_status":"closed","ping_status":"open","template":"","meta":[],"product_cat":[72,572],"product_tag":[765,626,639,586,860],"class_list":["post-2363","product","type-product","status-publish","has-post-thumbnail","hentry","product_cat-mali-naukowcy","product_cat-ranok","product_tag-atrakcje-dla-dzieci-warszawa","product_tag-jacek","product_tag-nela-imie","product_tag-smieszne-zagadki","product_tag-zagadki-logiczne-dla-doroslych"],"_links":{"self":[{"href":"http:\/\/klubmamgdynia.pl\/index.php\/wp-json\/wp\/v2\/product\/2363","targetHints":{"allow":["GET"]}}],"collection":[{"href":"http:\/\/klubmamgdynia.pl\/index.php\/wp-json\/wp\/v2\/product"}],"about":[{"href":"http:\/\/klubmamgdynia.pl\/index.php\/wp-json\/wp\/v2\/types\/product"}],"replies":[{"embeddable":true,"href":"http:\/\/klubmamgdynia.pl\/index.php\/wp-json\/wp\/v2\/comments?post=2363"}],"wp:featuredmedia":[{"embeddable":true,"href":"http:\/\/klubmamgdynia.pl\/index.php\/wp-json\/wp\/v2\/media\/2364"}],"wp:attachment":[{"href":"http:\/\/klubmamgdynia.pl\/index.php\/wp-json\/wp\/v2\/media?parent=2363"}],"wp:term":[{"taxonomy":"product_cat","embeddable":true,"href":"http:\/\/klubmamgdynia.pl\/index.php\/wp-json\/wp\/v2\/product_cat?post=2363"},{"taxonomy":"product_tag","embeddable":true,"href":"http:\/\/klubmamgdynia.pl\/index.php\/wp-json\/wp\/v2\/product_tag?post=2363"}],"curies":[{"name":"wp","href":"https:\/\/api.w.org\/{rel}","templated":true}]}}