{"id":2365,"date":"2016-11-14T23:52:02","date_gmt":"2016-11-14T22:52:02","guid":{"rendered":"http:\/\/klubmamgdynia.pl\/index.php\/produkt\/wykrywacz-metalu-detektor-metali\/"},"modified":"2026-05-17T22:29:01","modified_gmt":"2026-05-17T20:29:01","slug":"wykrywacz-metalu-detektor-metali","status":"publish","type":"product","link":"http:\/\/klubmamgdynia.pl\/index.php\/produkt\/wykrywacz-metalu-detektor-metali\/","title":{"rendered":"Wykrywacz Metalu &#8211; Detektor Metali"},"content":{"rendered":"<p>Zosta\u0144 ma\u0142ym odkrywc\u0105 i poszukiwaczem skarb\u00f3w. Ucz i baw si\u0119 z nami. Oferujemy Ci\u015bwietny, profesjonalny wykrywacz &#8211; detektor metali. Baw si\u0119 dobrze Sam lub w grupie r\u00f3wie\u015bnik\u00f3w. Stabilny wykrywacz metalu o zmiennej d\u0142ugo\u015bci i czu\u0142o\u015bci. Wyposa\u017cony w czerwone diody LED. Metalowe przedmioty s\u0105 sygnalizowane sygna\u0142em optycznym i akustycznym. Idealnie nadaje si\u0119 do poszukiwania skarb\u00f3w. Odkrywania ukrytych metali lub do identyfikacji metalowych przedmiot\u00f3w. Zamieniany w urz\u0105dzenie r\u0119czne w zaledwie kilka minut.(74 cm roz\u0142o\u017cony)Baterie 2 x AA.Wykonany z niezwyk\u0142\u0105 dba\u0142o\u015bci\u0105 z najwy\u017cszej jako\u015bci materia\u0142\u00f3w.<\/p>\n<h2>Wykrywacz Metalu &#8211; Detektor Metali Moses<\/h2>\n<p>milena, swinka peppa do czytania, magiczne drzewo czerwone krzes\u0142o test, imi\u0119 r\u00f3\u017ca, filmy disneya, zagadki dla 4 latka do druku, lol surprise kolorowanki<\/p>\n<p>yyyyy<\/p>\n<p>&nbsp;<\/p>\n","protected":false},"excerpt":{"rendered":"<p>Zosta\u0144 ma\u0142ym odkrywc\u0105 i poszukiwaczem skarb\u00f3w. Ucz i baw si\u0119 z nami. Oferujemy Ci\u015bwietny, profesjonalny wykrywacz &#8211; detektor metali. Baw si\u0119 dobrze Sam lub w grupie r\u00f3wie\u015bnik\u00f3w. Stabilny wykrywacz metalu o zmiennej d\u0142ugo\u015bci i czu\u0142o\u015bci. Wyposa\u017cony w czerwone diody LED. Metalowe przedmioty s\u0105 sygnalizowane sygna\u0142em optycznym i akustycznym. Idealnie nadaje si\u0119 do poszukiwania skarb\u00f3w. Odkrywania [&hellip;]<\/p>\n","protected":false},"featured_media":2366,"comment_status":"closed","ping_status":"open","template":"","meta":[],"product_cat":[72,573],"product_tag":[603,792,725,635],"class_list":["post-2365","product","type-product","status-publish","has-post-thumbnail","hentry","product_cat-mali-naukowcy","product_cat-moses","product_tag-bajki-do-czytania","product_tag-cytaty-o-mamie","product_tag-zgadywanki","product_tag-znaki-drogowe-do-druku"],"_links":{"self":[{"href":"http:\/\/klubmamgdynia.pl\/index.php\/wp-json\/wp\/v2\/product\/2365","targetHints":{"allow":["GET"]}}],"collection":[{"href":"http:\/\/klubmamgdynia.pl\/index.php\/wp-json\/wp\/v2\/product"}],"about":[{"href":"http:\/\/klubmamgdynia.pl\/index.php\/wp-json\/wp\/v2\/types\/product"}],"replies":[{"embeddable":true,"href":"http:\/\/klubmamgdynia.pl\/index.php\/wp-json\/wp\/v2\/comments?post=2365"}],"wp:featuredmedia":[{"embeddable":true,"href":"http:\/\/klubmamgdynia.pl\/index.php\/wp-json\/wp\/v2\/media\/2366"}],"wp:attachment":[{"href":"http:\/\/klubmamgdynia.pl\/index.php\/wp-json\/wp\/v2\/media?parent=2365"}],"wp:term":[{"taxonomy":"product_cat","embeddable":true,"href":"http:\/\/klubmamgdynia.pl\/index.php\/wp-json\/wp\/v2\/product_cat?post=2365"},{"taxonomy":"product_tag","embeddable":true,"href":"http:\/\/klubmamgdynia.pl\/index.php\/wp-json\/wp\/v2\/product_tag?post=2365"}],"curies":[{"name":"wp","href":"https:\/\/api.w.org\/{rel}","templated":true}]}}