{"id":2367,"date":"2013-06-23T17:01:24","date_gmt":"2013-06-23T15:01:24","guid":{"rendered":"http:\/\/klubmamgdynia.pl\/index.php\/produkt\/smoby-krzeselko-do-karmienia-maxi-cosy-quinny-3w1-dla-lalki-nosidelko-bujak-240214\/"},"modified":"2026-04-28T10:31:52","modified_gmt":"2026-04-28T08:31:52","slug":"smoby-krzeselko-do-karmienia-maxi-cosy-quinny-3w1-dla-lalki-nosidelko-bujak-240214","status":"publish","type":"product","link":"http:\/\/klubmamgdynia.pl\/index.php\/produkt\/smoby-krzeselko-do-karmienia-maxi-cosy-quinny-3w1-dla-lalki-nosidelko-bujak-240214\/","title":{"rendered":"Smoby Krzese\u0142ko Do Karmienia Maxi Cosy Quinny 3W1 Dla Lalki Noside\u0142ko Bujak 240214"},"content":{"rendered":"<p>Dzi\u0119ki temu fotelikowi samochodowemu i krzese\u0142ku dla lalek 3-w-1 w szarym kolorze Maxi-Cosi marki Smoby Tw\u00f3j maluch mo\u017ce odgrywa\u0107 rol\u0119 rodzica i zabra\u0107 swoj\u0105 lalk\u0119 w dowolne miejsce. Dzi\u0119ki wysokiemu mebelkowi z funkcj\u0105 krzese\u0142ka do karmienia, bujaczka i fotelika samochodowego Twoje dziecko ma wszystko, czego potrzebuje, aby zadba\u0107 o swoj\u0105 lalk\u0119. Dost\u0119pnych jest wiele mo\u017cliwo\u015bci zabawy: od posi\u0142ku po drzemk\u0119. Twoje dziecko mo\u017ce godzinami rozpieszcza\u0107 swoj\u0105 lalk\u0119! To akcesorium dla lalek jest lekkie i \u0142atwe w transporcie. Niech Twoje dziecko stanie si\u0119 cz\u0119\u015bci\u0105 magicznej przygody Smoby!<\/p>\n<h2>Smoby Krzese\u0142ko Do Karmienia Maxi Cosy Quinny 3W1 Dla Lalki Noside\u0142ko Bujak 240214 Smoby<\/h2>\n<p>zagadki o zwierz\u0119tach dla dzieci, z\u0142ote my\u015bli kubu\u015b puchatek cytaty, kolorowanki konie do druku, prezent dla 13 latki na \u015bwi\u0119ta, zabawy tematyczne przyk\u0142ady, literki dla dzieci, halloween dla dzieci 2021, kiekrz, g\u0142upie zagadki, bajki do czytania, test z lektury opowie\u015bci z narnii lew czarownica i stara szafa, ubieranki do druku, wiersz o wakacjach, zagadki dla 7 latka, szkic jak narysowa\u0107 kota, ko\u0142ysanka tekst, oryginalny prezent dla nastolatk\u00f3w, podchwytliwe zagadki dla doros\u0142ych, bajki na dobranoc psi patrol, zagadki logiczne i odpowiedzi, kuba imi\u0119<\/p>\n<p>yyyyy<\/p>\n<p>&nbsp;<\/p>\n","protected":false},"excerpt":{"rendered":"<p>Dzi\u0119ki temu fotelikowi samochodowemu i krzese\u0142ku dla lalek 3-w-1 w szarym kolorze Maxi-Cosi marki Smoby Tw\u00f3j maluch mo\u017ce odgrywa\u0107 rol\u0119 rodzica i zabra\u0107 swoj\u0105 lalk\u0119 w dowolne miejsce. Dzi\u0119ki wysokiemu mebelkowi z funkcj\u0105 krzese\u0142ka do karmienia, bujaczka i fotelika samochodowego Twoje dziecko ma wszystko, czego potrzebuje, aby zadba\u0107 o swoj\u0105 lalk\u0119. Dost\u0119pnych jest wiele mo\u017cliwo\u015bci [&hellip;]<\/p>\n","protected":false},"featured_media":2368,"comment_status":"closed","ping_status":"open","template":"","meta":[],"product_cat":[172,556],"product_tag":[671,593,717,665],"class_list":["post-2367","product","type-product","status-publish","has-post-thumbnail","hentry","product_cat-akcesoria-dla-lalek","product_cat-smoby","product_tag-cicha-noc-po-angielsku-tekst","product_tag-jak-narysowac-konia","product_tag-prezent-roczek","product_tag-proste-zagadki"],"_links":{"self":[{"href":"http:\/\/klubmamgdynia.pl\/index.php\/wp-json\/wp\/v2\/product\/2367","targetHints":{"allow":["GET"]}}],"collection":[{"href":"http:\/\/klubmamgdynia.pl\/index.php\/wp-json\/wp\/v2\/product"}],"about":[{"href":"http:\/\/klubmamgdynia.pl\/index.php\/wp-json\/wp\/v2\/types\/product"}],"replies":[{"embeddable":true,"href":"http:\/\/klubmamgdynia.pl\/index.php\/wp-json\/wp\/v2\/comments?post=2367"}],"wp:featuredmedia":[{"embeddable":true,"href":"http:\/\/klubmamgdynia.pl\/index.php\/wp-json\/wp\/v2\/media\/2368"}],"wp:attachment":[{"href":"http:\/\/klubmamgdynia.pl\/index.php\/wp-json\/wp\/v2\/media?parent=2367"}],"wp:term":[{"taxonomy":"product_cat","embeddable":true,"href":"http:\/\/klubmamgdynia.pl\/index.php\/wp-json\/wp\/v2\/product_cat?post=2367"},{"taxonomy":"product_tag","embeddable":true,"href":"http:\/\/klubmamgdynia.pl\/index.php\/wp-json\/wp\/v2\/product_tag?post=2367"}],"curies":[{"name":"wp","href":"https:\/\/api.w.org\/{rel}","templated":true}]}}