{"id":2369,"date":"2024-09-19T11:42:04","date_gmt":"2024-09-19T09:42:04","guid":{"rendered":"http:\/\/klubmamgdynia.pl\/?post_type=product&#038;p=2369"},"modified":"2026-04-27T09:26:12","modified_gmt":"2026-04-27T07:26:12","slug":"mirage-mr-200-195-70r15-104-102r","status":"publish","type":"product","link":"http:\/\/klubmamgdynia.pl\/index.php\/produkt\/mirage-mr-200-195-70r15-104-102r\/","title":{"rendered":"Mirage Mr-200 195\/70R15 104\/102R"},"content":{"rendered":"<p>Opona letnia Mirage MR-200 195\/70 R15 104\/102 RNazwa modelu: MR-200Indeks pr\u0119dko\u015bci: RIndeks no\u015bno\u015bci: 104\/102Szeroko\u015b\u0107 (mm): 195Profil: 70\u015arednica (w calach): 15Op\u00f3r toczenia: EPoziom ha\u0142asu (dB): 71Hamowanie na mokrej nawierzchni: CSezon: LetnieRodzaj pojazdu: Pojazd u\u017cytkowyRocznik: Opony nowe, pe\u0142nowarto\u015bcioweDodatkowe oznaczenia: C<\/p>\n<h2>Mirage Mr-200 195\/70R15 104\/102R Mirage<\/h2>\n<p>glupie zagadki, natalia, warszawa atrakcje dla m\u0142odzie\u017cy, praktyczny prezent dla rocznego dziecka, z\u0142ote my\u015bli kubu\u015b puchatek cytaty, co dla rocznego dziecka, bajka o poci\u0105gu do czytania<\/p>\n<p>yyyyy<\/p>\n<p>&nbsp;<\/p>\n","protected":false},"excerpt":{"rendered":"<p>Opona letnia Mirage MR-200 195\/70 R15 104\/102 RNazwa modelu: MR-200Indeks pr\u0119dko\u015bci: RIndeks no\u015bno\u015bci: 104\/102Szeroko\u015b\u0107 (mm): 195Profil: 70\u015arednica (w calach): 15Op\u00f3r toczenia: EPoziom ha\u0142asu (dB): 71Hamowanie na mokrej nawierzchni: CSezon: LetnieRodzaj pojazdu: Pojazd u\u017cytkowyRocznik: Opony nowe, pe\u0142nowarto\u015bcioweDodatkowe oznaczenia: C Mirage Mr-200 195\/70R15 104\/102R Mirage glupie zagadki, natalia, warszawa atrakcje dla m\u0142odzie\u017cy, praktyczny prezent dla rocznego dziecka, [&hellip;]<\/p>\n","protected":false},"featured_media":2370,"comment_status":"closed","ping_status":"open","template":"","meta":[],"product_cat":[547,552],"product_tag":[686,766,705],"class_list":["post-2369","product","type-product","status-publish","has-post-thumbnail","hentry","product_cat-mirage","product_cat-opony-dostawcze-letnie","product_tag-co-na-roczek-dla-chlopca","product_tag-kira","product_tag-prezent-na-roczek-dla-chlopca"],"_links":{"self":[{"href":"http:\/\/klubmamgdynia.pl\/index.php\/wp-json\/wp\/v2\/product\/2369","targetHints":{"allow":["GET"]}}],"collection":[{"href":"http:\/\/klubmamgdynia.pl\/index.php\/wp-json\/wp\/v2\/product"}],"about":[{"href":"http:\/\/klubmamgdynia.pl\/index.php\/wp-json\/wp\/v2\/types\/product"}],"replies":[{"embeddable":true,"href":"http:\/\/klubmamgdynia.pl\/index.php\/wp-json\/wp\/v2\/comments?post=2369"}],"wp:featuredmedia":[{"embeddable":true,"href":"http:\/\/klubmamgdynia.pl\/index.php\/wp-json\/wp\/v2\/media\/2370"}],"wp:attachment":[{"href":"http:\/\/klubmamgdynia.pl\/index.php\/wp-json\/wp\/v2\/media?parent=2369"}],"wp:term":[{"taxonomy":"product_cat","embeddable":true,"href":"http:\/\/klubmamgdynia.pl\/index.php\/wp-json\/wp\/v2\/product_cat?post=2369"},{"taxonomy":"product_tag","embeddable":true,"href":"http:\/\/klubmamgdynia.pl\/index.php\/wp-json\/wp\/v2\/product_tag?post=2369"}],"curies":[{"name":"wp","href":"https:\/\/api.w.org\/{rel}","templated":true}]}}