{"id":237,"date":"2018-01-30T17:01:58","date_gmt":"2018-01-30T16:01:58","guid":{"rendered":"http:\/\/klubmamgdynia.pl\/?post_type=product&#038;p=237"},"modified":"2026-04-26T21:30:11","modified_gmt":"2026-04-26T19:30:11","slug":"dromader-pojazd-traktor-z-dzwiekami-w-pudelku-02705","status":"publish","type":"product","link":"http:\/\/klubmamgdynia.pl\/index.php\/produkt\/dromader-pojazd-traktor-z-dzwiekami-w-pudelku-02705\/","title":{"rendered":"Dromader Pojazd Traktor z d\u017awi\u0119kami w pude\u0142ku (02705)"},"content":{"rendered":"<p>Pojazd Traktor z d\u017awi\u0119kami w pude\u0142ku.Idealna zabawa dla najm\u0142odszych!Informacje o produkcieNr katalogowy02705Marka BrakRodzaj TraktoryMateria\u0142 Tworzywo sztuczne (plastik)Wymagania wiekowe od 3 latP\u0142e\u0107 DziewczynkiCh\u0142opcyKolor ZielonyCzerwonyCzarnySerial TV\/Film kinowy Nie<\/p>\n<h2>Dromader Pojazd Traktor z d\u017awi\u0119kami w pude\u0142ku (02705) Dromader<\/h2>\n<p>ozdoby choinkowe dla dzieci, testy z lektury opowie\u015bci z narni lew czarownica i stara szafa, prezent dla nastolatk\u00f3w, kolorowanka kotek do druku, cytat o przyja\u017ani, jasmin imie, atrakcje we wroc\u0142awiu dla dzieci, straszne filmy dla dzieci, karaluchy pod poduchy a szczypawki, bajka krecik, prezenty na roczek dla ch\u0142opca, kalina imi\u0119, pozytywne cytaty mama cytaty, darmowe kolorowanki do druku<\/p>\n<p>yyyyy<\/p>\n<p>&nbsp;<\/p>\n","protected":false},"excerpt":{"rendered":"<p>Pojazd Traktor z d\u017awi\u0119kami w pude\u0142ku.Idealna zabawa dla najm\u0142odszych!Informacje o produkcieNr katalogowy02705Marka BrakRodzaj TraktoryMateria\u0142 Tworzywo sztuczne (plastik)Wymagania wiekowe od 3 latP\u0142e\u0107 DziewczynkiCh\u0142opcyKolor ZielonyCzerwonyCzarnySerial TV\/Film kinowy Nie Dromader Pojazd Traktor z d\u017awi\u0119kami w pude\u0142ku (02705) Dromader ozdoby choinkowe dla dzieci, testy z lektury opowie\u015bci z narni lew czarownica i stara szafa, prezent dla nastolatk\u00f3w, kolorowanka kotek [&hellip;]<\/p>\n","protected":false},"featured_media":238,"comment_status":"closed","ping_status":"open","template":"","meta":[],"product_cat":[83,60],"product_tag":[681,867,646,715],"class_list":["post-237","product","type-product","status-publish","has-post-thumbnail","hentry","product_cat-auta-i-inne-pojazdy-do-zabawy","product_cat-dromader","product_tag-flagi-europy-quiz","product_tag-kolorowanki-dla-dziewczynek","product_tag-prezent-na-pierwsze-urodziny","product_tag-zosia-samosia"],"_links":{"self":[{"href":"http:\/\/klubmamgdynia.pl\/index.php\/wp-json\/wp\/v2\/product\/237","targetHints":{"allow":["GET"]}}],"collection":[{"href":"http:\/\/klubmamgdynia.pl\/index.php\/wp-json\/wp\/v2\/product"}],"about":[{"href":"http:\/\/klubmamgdynia.pl\/index.php\/wp-json\/wp\/v2\/types\/product"}],"replies":[{"embeddable":true,"href":"http:\/\/klubmamgdynia.pl\/index.php\/wp-json\/wp\/v2\/comments?post=237"}],"wp:featuredmedia":[{"embeddable":true,"href":"http:\/\/klubmamgdynia.pl\/index.php\/wp-json\/wp\/v2\/media\/238"}],"wp:attachment":[{"href":"http:\/\/klubmamgdynia.pl\/index.php\/wp-json\/wp\/v2\/media?parent=237"}],"wp:term":[{"taxonomy":"product_cat","embeddable":true,"href":"http:\/\/klubmamgdynia.pl\/index.php\/wp-json\/wp\/v2\/product_cat?post=237"},{"taxonomy":"product_tag","embeddable":true,"href":"http:\/\/klubmamgdynia.pl\/index.php\/wp-json\/wp\/v2\/product_tag?post=237"}],"curies":[{"name":"wp","href":"https:\/\/api.w.org\/{rel}","templated":true}]}}