{"id":2371,"date":"2013-12-27T08:22:27","date_gmt":"2013-12-27T07:22:27","guid":{"rendered":"http:\/\/klubmamgdynia.pl\/index.php\/produkt\/clementoni-disney-puzzle-60el-supercolor-aladdin-aladyn\/"},"modified":"2026-04-07T00:05:09","modified_gmt":"2026-04-06T22:05:09","slug":"clementoni-disney-puzzle-60el-supercolor-aladdin-aladyn","status":"publish","type":"product","link":"http:\/\/klubmamgdynia.pl\/index.php\/produkt\/clementoni-disney-puzzle-60el-supercolor-aladdin-aladyn\/","title":{"rendered":"Clementoni Disney Puzzle 60El. Supercolor Aladdin Aladyn"},"content":{"rendered":"<p>CLEMENTONI PUZZLE 60EL. SUPERCOLOR ALADDIN<\/p>\n<p>Puzzle 60 element\u00f3w Alladyn Puzzle Clementoni<br \/>\ntowarzysz\u0105 dziecku w ka\u017cdej fazie jego wzrostu, pomagaj\u0105c mu rozwija\u0107 zr\u0119czno\u015b\u0107<br \/>\nmanualn\u0105 i zmys\u0142 obserwacji. Jako\u015b\u0107 materia\u0142\u00f3w i wyj\u0105tkowa technika druku<br \/>\ngwarantuj\u0105, \u017ce ilustracje bed\u0105 zawsze pi\u0119kne, \u017cywe i b\u0142yszcz\u0105ce, a zabawa nigdy<br \/>\nsi\u0119 nie znudzi. Puzzle Super Color &#8211; Wyj\u0105tkowe barwy druku uzyskano dzi\u0119ki<br \/>\nwykorzystaniu technologii Super Kolor.<\/p>\n<h2>Clementoni Disney Puzzle 60El. Supercolor Aladdin Aladyn Clementoni<\/h2>\n<p>quiz flagi europy, zagadki na inteligencj\u0119 z odpowiedziami, prezent na roczek od babci, cytat z ma\u0142ego ksi\u0119cia o przyja\u017ani, kolorowanki dla dzieci do druku<\/p>\n<p>yyyyy<\/p>\n<p>&nbsp;<\/p>\n","protected":false},"excerpt":{"rendered":"<p>CLEMENTONI PUZZLE 60EL. SUPERCOLOR ALADDIN Puzzle 60 element\u00f3w Alladyn Puzzle Clementoni towarzysz\u0105 dziecku w ka\u017cdej fazie jego wzrostu, pomagaj\u0105c mu rozwija\u0107 zr\u0119czno\u015b\u0107 manualn\u0105 i zmys\u0142 obserwacji. Jako\u015b\u0107 materia\u0142\u00f3w i wyj\u0105tkowa technika druku gwarantuj\u0105, \u017ce ilustracje bed\u0105 zawsze pi\u0119kne, \u017cywe i b\u0142yszcz\u0105ce, a zabawa nigdy si\u0119 nie znudzi. Puzzle Super Color &#8211; Wyj\u0105tkowe barwy druku uzyskano [&hellip;]<\/p>\n","protected":false},"featured_media":2372,"comment_status":"closed","ping_status":"open","template":"","meta":[],"product_cat":[163,90],"product_tag":[681,789,735],"class_list":["post-2371","product","type-product","status-publish","has-post-thumbnail","hentry","product_cat-clementoni","product_cat-puzzle","product_tag-flagi-europy-quiz","product_tag-kaczuszka","product_tag-prezent-na-roczek-dziewczynka"],"_links":{"self":[{"href":"http:\/\/klubmamgdynia.pl\/index.php\/wp-json\/wp\/v2\/product\/2371","targetHints":{"allow":["GET"]}}],"collection":[{"href":"http:\/\/klubmamgdynia.pl\/index.php\/wp-json\/wp\/v2\/product"}],"about":[{"href":"http:\/\/klubmamgdynia.pl\/index.php\/wp-json\/wp\/v2\/types\/product"}],"replies":[{"embeddable":true,"href":"http:\/\/klubmamgdynia.pl\/index.php\/wp-json\/wp\/v2\/comments?post=2371"}],"wp:featuredmedia":[{"embeddable":true,"href":"http:\/\/klubmamgdynia.pl\/index.php\/wp-json\/wp\/v2\/media\/2372"}],"wp:attachment":[{"href":"http:\/\/klubmamgdynia.pl\/index.php\/wp-json\/wp\/v2\/media?parent=2371"}],"wp:term":[{"taxonomy":"product_cat","embeddable":true,"href":"http:\/\/klubmamgdynia.pl\/index.php\/wp-json\/wp\/v2\/product_cat?post=2371"},{"taxonomy":"product_tag","embeddable":true,"href":"http:\/\/klubmamgdynia.pl\/index.php\/wp-json\/wp\/v2\/product_tag?post=2371"}],"curies":[{"name":"wp","href":"https:\/\/api.w.org\/{rel}","templated":true}]}}