{"id":2373,"date":"2014-03-02T07:53:44","date_gmt":"2014-03-02T06:53:44","guid":{"rendered":"http:\/\/klubmamgdynia.pl\/index.php\/produkt\/bebetto-luca-pro-19-gleboko-spacerowy\/"},"modified":"2026-05-01T11:51:30","modified_gmt":"2026-05-01T09:51:30","slug":"bebetto-luca-pro-19-gleboko-spacerowy","status":"publish","type":"product","link":"http:\/\/klubmamgdynia.pl\/index.php\/produkt\/bebetto-luca-pro-19-gleboko-spacerowy\/","title":{"rendered":"Bebetto Luca Pro 19 G\u0142\u0119boko Spacerowy"},"content":{"rendered":"<h2>Bebetto Luca Pro 19 G\u0142\u0119boko Spacerowy Bebetto<\/h2>\n<p>atrakcje wroc\u0142aw i okolice, ry\u017c z owocami, quiz bajki, szlaczki dla dzieci, testy z lektury opowie\u015bci z narnii lew czarownica i stara szafa, cytaty na dzie\u0144 edukacji narodowej, zagadki logiczne \u015bmieszne<\/p>\n<p>yyyyy<\/p>\n<p>&nbsp;<\/p>\n","protected":false},"excerpt":{"rendered":"<p>Bebetto Luca Pro 19 G\u0142\u0119boko Spacerowy Bebetto atrakcje wroc\u0142aw i okolice, ry\u017c z owocami, quiz bajki, szlaczki dla dzieci, testy z lektury opowie\u015bci z narnii lew czarownica i stara szafa, cytaty na dzie\u0144 edukacji narodowej, zagadki logiczne \u015bmieszne yyyyy &nbsp;<\/p>\n","protected":false},"featured_media":2374,"comment_status":"closed","ping_status":"open","template":"","meta":[],"product_cat":[574,110],"product_tag":[645,732,782,635],"class_list":["post-2373","product","type-product","status-publish","has-post-thumbnail","hentry","product_cat-bebetto","product_cat-wozki-wielofunkcyjne","product_tag-latwe-zagadki","product_tag-prezent-dla-rocznego-chlopca","product_tag-zagadki-dla-dzieci-z-odpowiedziami","product_tag-znaki-drogowe-do-druku"],"_links":{"self":[{"href":"http:\/\/klubmamgdynia.pl\/index.php\/wp-json\/wp\/v2\/product\/2373","targetHints":{"allow":["GET"]}}],"collection":[{"href":"http:\/\/klubmamgdynia.pl\/index.php\/wp-json\/wp\/v2\/product"}],"about":[{"href":"http:\/\/klubmamgdynia.pl\/index.php\/wp-json\/wp\/v2\/types\/product"}],"replies":[{"embeddable":true,"href":"http:\/\/klubmamgdynia.pl\/index.php\/wp-json\/wp\/v2\/comments?post=2373"}],"wp:featuredmedia":[{"embeddable":true,"href":"http:\/\/klubmamgdynia.pl\/index.php\/wp-json\/wp\/v2\/media\/2374"}],"wp:attachment":[{"href":"http:\/\/klubmamgdynia.pl\/index.php\/wp-json\/wp\/v2\/media?parent=2373"}],"wp:term":[{"taxonomy":"product_cat","embeddable":true,"href":"http:\/\/klubmamgdynia.pl\/index.php\/wp-json\/wp\/v2\/product_cat?post=2373"},{"taxonomy":"product_tag","embeddable":true,"href":"http:\/\/klubmamgdynia.pl\/index.php\/wp-json\/wp\/v2\/product_tag?post=2373"}],"curies":[{"name":"wp","href":"https:\/\/api.w.org\/{rel}","templated":true}]}}