{"id":2375,"date":"2024-06-03T02:50:30","date_gmt":"2024-06-03T00:50:30","guid":{"rendered":"http:\/\/klubmamgdynia.pl\/?post_type=product&#038;p=2375"},"modified":"2026-04-04T10:25:29","modified_gmt":"2026-04-04T08:25:29","slug":"baby-design-smooth-07-grey-gleboko-spacerowy","status":"publish","type":"product","link":"http:\/\/klubmamgdynia.pl\/index.php\/produkt\/baby-design-smooth-07-grey-gleboko-spacerowy\/","title":{"rendered":"Baby Design Smooth 07 Grey G\u0142\u0119boko Spacerowy"},"content":{"rendered":"<p>Baby Design Smooth &#8211; W\u00f3zek G\u0142\u0119boko &#8211; SpacerowyBaby Design Smooth to nowo\u015b\u0107 od producenta Baby Design. Ten nowy model cechuje si\u0119 przede wszystkim komfortem i bezpiecze\u0144stwem zar\u00f3wno dziecka, jak i rodzica. Charakteryzuje j\u0105 bardzo lekka i wygodna gondola oraz spacer\u00f3wka z du\u017c\u0105 regulacj\u0105 oparcia, a\u017c do pozycji le\u017c\u0105cej, podczas wsp\u00f3lnych spacer\u00f3w. Oto niekt\u00f3re zalety w\u00f3zka Baby Design Smooth.Przodem lub ty\u0142em do rodzicaObracane siedzisko to bardzo wygodna i praktyczna funkcja. W pierwszych miesi\u0105cach \u017cycia dziecka, warto mie\u0107 je na oku podczas wsp\u00f3lnych spacer\u00f3w. Dlatego w \u0142atwy spos\u00f3b ustawimy siedzisko przodem do siebie. Natomiast kiedy dziecko troch\u0119 podro\u015bnie, ustawiaj\u0105c siedzisko przodem do kierunku jazdy, u\u0142atwimy mu rozw\u00f3j wyobra\u017ani poprzez obserwacj\u0119 otaczaj\u0105cego je \u015bwiata.Regulowane oparcieRegulowane oparcie w spacer\u00f3wce jest niesamowicie praktyczne kiedy dziecko potrzebuje si\u0119 zdrzemn\u0105\u0107 w trakcie spaceru, a wyros\u0142o ju\u017c z gondoli. Prostym ruchem przekszta\u0142cimy pionowe oparcie siedziska w pozycj\u0119 le\u017c\u0105c\u0105, zapewniaj\u0105c wygod\u0119 i komfort wypoczynku.Regulacja podn\u00f3\u017ckaDodatkow\u0105 opcj\u0105 regulacji w Baby Design Smooth jest regulowany podn\u00f3\u017cek. Zapewni wygod\u0119 dziecku, a tak\u017ce w przypadku ch\u0119ci kr\u00f3tkiej drzemki w pozycji le\u017c\u0105cej, wyregulowanie podn\u00f3\u017cka przed\u0142u\u017cy powierzchni\u0119 p\u0142ask\u0105 w w\u00f3zku.Regulowana r\u0105czkaTo z kolei komfortowa opcja dla rodzica. Baby Design Smooth gwarantuje dostosowanie r\u0105czki do wzrostu rodzica.Budka XXLDodatkowy panel w budce Baby Design Smooth zapewni dziecku komfort r\u00f3wnie\u017c w sytuacji nieprzewidzianej &#8211; gdy z\u0142apie nas deszcz, lub silny wiatr &#8211; regulowana budka Baby Design Smooth zapewni ochron\u0119.Dodatkowe okienko w budceWype\u0142nione przewiewn\u0105 siateczk\u0105 okienko w Baby Design Smooth zapewni rodzicom mo\u017cliwo\u015b\u0107 ci\u0105g\u0142ej obserwacji dziecka, a tak\u017ce samemu dziecku, komfortow\u0105 cyrkulacj\u0119 powietrza w upalne dni.GondolaBaby Design Smooth posiada du\u017c\u0105, obszern\u0105 gondol\u0119, kt\u00f3ra sama w sobie jest niesamowicie lekka, poniewa\u017c wa\u017cy jedynie 3,9 kg.Dodatkowe okienko w gondoliGondola wyposa\u017cona jest, podobnie jak spacer\u00f3wka w okienko wype\u0142nione siateczk\u0105.Dodatkowe zabezpieczenieKiedy dziecko znajduje si\u0119 w gondoli, mo\u017cemy zapewni\u0107 mu dodatkowe zabezpieczenie przed wiatrem lub deszczem, poprzez roz\u0142o\u017cenie dodatkowego panelu z przodu, kt\u00f3ry ochroni buzi\u0119 dziecka.MateracW zestawie znajduje si\u0119 materacyk, kt\u00f3ry jest wyj\u0105tkowo przyjemny i komfortowy dla maluszka.Waga i wymiary (wysoko\u015b\u0107 x d\u0142ugo\u015b\u0107 x szeroko\u015b\u0107):W\u00f3zek z gondol\u0105:Waga &#8211; 10 kgWymiary &#8211; 84-106 x 89 x 57Sama Gondola:Waga &#8211; 3,9 kgWymiary &#8211; 22 x 81 x 40W\u00f3zek z siedziskiem spacerowym:Waga &#8211; 8,9 kgWymiary &#8211; 84-106 x 89 x 57Siedzisko:Waga &#8211; 2,9 kgWymiary &#8211; 50 x 22 x 40Po z\u0142o\u017ceniu z siedziskiem:Waga &#8211; 8,9 kgPo z\u0142o\u017ceniu sam stela\u017c:Waga &#8211; 6 kg<\/p>\n<h2>Baby Design Smooth 07 Grey G\u0142\u0119boko Spacerowy Baby Design<\/h2>\n<p>pozna\u0144 atrakcje dla dzieci, ja\u015bmina imi\u0119, smok wawelski kolorowanka, atrakcje dla dzieci wroc\u0142aw 2021<\/p>\n<p>yyyyy<\/p>\n<p>&nbsp;<\/p>\n","protected":false},"excerpt":{"rendered":"<p>Baby Design Smooth &#8211; W\u00f3zek G\u0142\u0119boko &#8211; SpacerowyBaby Design Smooth to nowo\u015b\u0107 od producenta Baby Design. Ten nowy model cechuje si\u0119 przede wszystkim komfortem i bezpiecze\u0144stwem zar\u00f3wno dziecka, jak i rodzica. Charakteryzuje j\u0105 bardzo lekka i wygodna gondola oraz spacer\u00f3wka z du\u017c\u0105 regulacj\u0105 oparcia, a\u017c do pozycji le\u017c\u0105cej, podczas wsp\u00f3lnych spacer\u00f3w. Oto niekt\u00f3re zalety w\u00f3zka [&hellip;]<\/p>\n","protected":false},"featured_media":2376,"comment_status":"closed","ping_status":"open","template":"","meta":[],"product_cat":[575,110],"product_tag":[716,596,764,857,604],"class_list":["post-2375","product","type-product","status-publish","has-post-thumbnail","hentry","product_cat-baby-design","product_cat-wozki-wielofunkcyjne","product_tag-filmy-animowane-o-swietach","product_tag-pomysly-na-prima-aprilis","product_tag-prezenty-na-roczek-dla-dziewczynki","product_tag-zagadki-dla-dzieci-7-8-lat","product_tag-zagadki-trudne"],"_links":{"self":[{"href":"http:\/\/klubmamgdynia.pl\/index.php\/wp-json\/wp\/v2\/product\/2375","targetHints":{"allow":["GET"]}}],"collection":[{"href":"http:\/\/klubmamgdynia.pl\/index.php\/wp-json\/wp\/v2\/product"}],"about":[{"href":"http:\/\/klubmamgdynia.pl\/index.php\/wp-json\/wp\/v2\/types\/product"}],"replies":[{"embeddable":true,"href":"http:\/\/klubmamgdynia.pl\/index.php\/wp-json\/wp\/v2\/comments?post=2375"}],"wp:featuredmedia":[{"embeddable":true,"href":"http:\/\/klubmamgdynia.pl\/index.php\/wp-json\/wp\/v2\/media\/2376"}],"wp:attachment":[{"href":"http:\/\/klubmamgdynia.pl\/index.php\/wp-json\/wp\/v2\/media?parent=2375"}],"wp:term":[{"taxonomy":"product_cat","embeddable":true,"href":"http:\/\/klubmamgdynia.pl\/index.php\/wp-json\/wp\/v2\/product_cat?post=2375"},{"taxonomy":"product_tag","embeddable":true,"href":"http:\/\/klubmamgdynia.pl\/index.php\/wp-json\/wp\/v2\/product_tag?post=2375"}],"curies":[{"name":"wp","href":"https:\/\/api.w.org\/{rel}","templated":true}]}}