{"id":2379,"date":"2013-08-19T20:38:34","date_gmt":"2013-08-19T18:38:34","guid":{"rendered":"http:\/\/klubmamgdynia.pl\/index.php\/produkt\/baby-design-coco-turquoise-spacerowy\/"},"modified":"2026-04-06T00:57:38","modified_gmt":"2026-04-05T22:57:38","slug":"baby-design-coco-turquoise-spacerowy","status":"publish","type":"product","link":"http:\/\/klubmamgdynia.pl\/index.php\/produkt\/baby-design-coco-turquoise-spacerowy\/","title":{"rendered":"Baby Design Coco Turquoise Spacerowy"},"content":{"rendered":"<p>Baby Design Coco Turquoise Spacerowy<\/p>\n<p>W\u00f3zek spacerowy Coco 2020 Baby Design stanowi wygodn\u0105, a<br \/>\njednocze\u015bnie oryginaln\u0105 spacer\u00f3wk\u0119.<\/p>\n<p>\u00a0<\/p>\n<p>Obszerna budka przeciws\u0142oneczna z dodatkowym daszkiem<br \/>\nskutecznie chroni dziecko przed niekorzystnymi warunkami atmosferycznymi,<br \/>\ntakimi jak wiatr, ra\u017c\u0105ce s\u0142o\u0144ce czy niewielkie opady. Filtr UPF50, w kt\u00f3ry<br \/>\nzosta\u0142a wyposa\u017cona tkanina w\u00f3zka, odbija szkodliwe promieniowanie UV, z kolei<br \/>\ndzi\u0119ki w\u0142a\u015bciwo\u015bciom wodoodpornym tkaniny, nie straszny b\u0119dzie \u017caden deszcz.<\/p>\n<p>\u00a0<\/p>\n<p>Oparcie w\u00f3zka Coco Baby Design rozk\u0142ada si\u0119 do pozycji<br \/>\np\u0142askiej, pozwalaj\u0105c dziecku na drzemk\u0119 w trakcie spaceru. Podn\u00f3\u017cek w\u00f3zka tak\u017ce<br \/>\njest regulowany.                            <\/p>\n<p>Siedzisko spacerowe wy\u015bcie\u0142ane jest mi\u0119kk\u0105 wk\u0142adk\u0105, z<br \/>\noryginalnym wzorem. W razie potrzeby tapicerk\u0119 w\u00f3zka mo\u017cna zdj\u0105\u0107 do wyprania.<\/p>\n<p>\u00a0<\/p>\n<p>Z ty\u0142u w\u00f3zka Coco Baby Design mie\u015bci si\u0119 kiesze\u0144 zapinana<br \/>\nna zamek, do kt\u00f3rej mo\u017cna schowa\u0107 cenniejsze przedmioty, takie jak telefon,<br \/>\ndokumenty czy pieni\u0105dze.<\/p>\n<p>\u00a0<\/p>\n<p>Dodatkowo, z ty\u0142u budki znajduje si\u0119 siateczkowy panel,<br \/>\nkt\u00f3ry pos\u0142u\u017cy jako wentylacja, jak i spos\u00f3b na obserwacj\u0119 dziecka podczas<br \/>\nspaceru. Panel mo\u017cna zakry\u0107 w razie zimniejszych dni.<\/p>\n<p>\u00a0<\/p>\n<p>Ko\u0142a w\u00f3zka Coco Baby Design wykonano z wysokiej jako\u015bci,<br \/>\ntrwa\u0142ej pianki, odpornej na \u015bcieranie i przebijanie.<\/p>\n<p>\u00a0<\/p>\n<p>Przednie ko\u0142a w\u00f3zka s\u0105 obrotowe (360 stopni), u\u0142atwiaj\u0105c<br \/>\nprowadzenie i manewrowanie spacer\u00f3wk\u0105.<\/p>\n<p>\u00a0<\/p>\n<p>Centralnie po\u0142o\u017cony hamulec zosta\u0142 tak skonstruowany, by<br \/>\nnie nastr\u0119cza\u0107 trudno\u015bci podczas wciskania i nie ociera\u0107 obuwia.<\/p>\n<p>Po zwini\u0119ciu tylnej kieszonki, otrzymujemy drugi panel<br \/>\nwentylacyjny, dzi\u0119ki kt\u00f3remu dziecko znajduj\u0105ce si\u0119 w spacer\u00f3wce, mo\u017ce<br \/>\npodgl\u0105da\u0107 otoczenie.                            <\/p>\n<p>Zar\u00f3wno r\u0105czka w\u00f3zka, jak i barierka, pokryte s\u0105 eleganck\u0105<br \/>\nekosk\u00f3r\u0105, kt\u00f3ra jest \u0142atwa do utrzymania w czysto\u015bci. Barierk\u0119 mo\u017cna w razie<br \/>\npotrzeby wypi\u0105\u0107, by \u0142atwiej by\u0142o usadzi\u0107 w siedzisku starsze dziecko.<\/p>\n<p>\u00a0<\/p>\n<p>W\u00f3zek Baby Design sk\u0142ada si\u0119 w prosty spos\u00f3b, zaledwie<br \/>\njedn\u0105 r\u0119k\u0105.<\/p>\n<p>\u00a0<\/p>\n<p>Na tapicerce w\u00f3zka wszyto odblaskowe elementy, kt\u00f3re<br \/>\nzwi\u0119ksz\u0105 widoczno\u015b\u0107 w\u00f3zka w czasie spacer\u00f3w wieczorem czy w pochmurne dni.<\/p>\n<p>\u00a0<\/p>\n<p>Pod siedziskiem spacer\u00f3wki Coco Baby Design zamontowany<br \/>\njest obszerny kosz na zakupy i niezb\u0119dne akcesoria.<\/p>\n<p>\u00a0<\/p>\n<p>W zestawie w\u00f3zek Coco posiada r\u00f3wnie\u017c pokrowiec na<br \/>\nch\u0142odniejsze dni.<\/p>\n<p>\u00a0<\/p>\n<p>Parametry w\u00f3zka Coco Baby Design:<\/p>\n<p>Waga w\u00f3zka spacerowego: 9.6 kg<\/p>\n<p>\u015arednica k\u00f3\u0142: 16 cm (ko\u0142a przednie); 25 cm (ko\u0142a tylne)<\/p>\n<p>Wymiary w\u00f3zka roz\u0142o\u017conego [wys. x d\u0142. x szer.]: 103 x 96 x<br \/>\n57 cm<\/p>\n<p>Wymiary w\u00f3zka z\u0142o\u017conego [wys. x d\u0142. x szer.]: 25 x 81 x 57<br \/>\ncm<\/p>\n<p>Opakowanie stanowi element produktu.<\/p>\n<h2>Baby Design Coco Turquoise Spacerowy Baby Design<\/h2>\n<p>test z tajemniczego ogrodu, lato, parasol szablon do wydruku, zagadki dla dzieci 10 12 lat z odpowiedziami, \u017carty na prima aprilis dla rodzic\u00f3w, prezenty dla nastolatk\u00f3w na dzie\u0144 dziecka, gwiazda do wydruku, zabawy na bal karnawa\u0142owy w przedszkolu<\/p>\n<p>yyyyy<\/p>\n<p>&nbsp;<\/p>\n","protected":false},"excerpt":{"rendered":"<p>Baby Design Coco Turquoise Spacerowy W\u00f3zek spacerowy Coco 2020 Baby Design stanowi wygodn\u0105, a jednocze\u015bnie oryginaln\u0105 spacer\u00f3wk\u0119. \u00a0 Obszerna budka przeciws\u0142oneczna z dodatkowym daszkiem skutecznie chroni dziecko przed niekorzystnymi warunkami atmosferycznymi, takimi jak wiatr, ra\u017c\u0105ce s\u0142o\u0144ce czy niewielkie opady. Filtr UPF50, w kt\u00f3ry zosta\u0142a wyposa\u017cona tkanina w\u00f3zka, odbija szkodliwe promieniowanie UV, z kolei dzi\u0119ki w\u0142a\u015bciwo\u015bciom [&hellip;]<\/p>\n","protected":false},"featured_media":2380,"comment_status":"closed","ping_status":"open","template":"","meta":[],"product_cat":[575,71],"product_tag":[845,729,637,600],"class_list":["post-2379","product","type-product","status-publish","has-post-thumbnail","hentry","product_cat-baby-design","product_cat-wozki-spacerowe","product_tag-ach-spij-kochanie-tekst","product_tag-madre-bajki-dla-dzieci-do-czytania","product_tag-niech-zyja-wakacje-tekst","product_tag-zaproszenia-na-urodziny-do-druku"],"_links":{"self":[{"href":"http:\/\/klubmamgdynia.pl\/index.php\/wp-json\/wp\/v2\/product\/2379","targetHints":{"allow":["GET"]}}],"collection":[{"href":"http:\/\/klubmamgdynia.pl\/index.php\/wp-json\/wp\/v2\/product"}],"about":[{"href":"http:\/\/klubmamgdynia.pl\/index.php\/wp-json\/wp\/v2\/types\/product"}],"replies":[{"embeddable":true,"href":"http:\/\/klubmamgdynia.pl\/index.php\/wp-json\/wp\/v2\/comments?post=2379"}],"wp:featuredmedia":[{"embeddable":true,"href":"http:\/\/klubmamgdynia.pl\/index.php\/wp-json\/wp\/v2\/media\/2380"}],"wp:attachment":[{"href":"http:\/\/klubmamgdynia.pl\/index.php\/wp-json\/wp\/v2\/media?parent=2379"}],"wp:term":[{"taxonomy":"product_cat","embeddable":true,"href":"http:\/\/klubmamgdynia.pl\/index.php\/wp-json\/wp\/v2\/product_cat?post=2379"},{"taxonomy":"product_tag","embeddable":true,"href":"http:\/\/klubmamgdynia.pl\/index.php\/wp-json\/wp\/v2\/product_tag?post=2379"}],"curies":[{"name":"wp","href":"https:\/\/api.w.org\/{rel}","templated":true}]}}