{"id":2381,"date":"2020-06-30T11:20:47","date_gmt":"2020-06-30T09:20:47","guid":{"rendered":"http:\/\/klubmamgdynia.pl\/index.php\/produkt\/puzzle-angry-birds\/"},"modified":"2026-04-05T18:53:34","modified_gmt":"2026-04-05T16:53:34","slug":"puzzle-angry-birds","status":"publish","type":"product","link":"http:\/\/klubmamgdynia.pl\/index.php\/produkt\/puzzle-angry-birds\/","title":{"rendered":"Puzzle Angry Birds"},"content":{"rendered":"<p>Puzzle 120-element\u00f3wPuzzle 100% JAKO\u015a\u0106ROZMIAR 30cmx20cm(PRODUKT POLSKI)PRODUCENT!!!!Puzzle produkowane i drukowane dopiero po zam\u00f3wieniu i wysy\u0142ane najpo\u017aniej do 24H.Nadruki tworzone metod\u0105 sublimacji &#8211; w temperaturze oko\u0142o 200 stopni Celcjusza, dzi\u0119ki najnowszemu sprz\u0119towi w tej dziedzinie, daje nam produkty nadruki najwy\u017cszej jako\u015bci.Deklarujemy jako\u015b\u0107 nadruku!   Spraw niespodziank\u0119 bliskiej Ci osobie, zaskocz j\u0105.<\/p>\n<h2>Puzzle Angry Birds Angry Birds<\/h2>\n<p>hymn g\u00f3rniczy, jak si\u0119 rysuje psa, bajki o ksi\u0119\u017cniczkach do czytania, weso\u0142e pisanki tekst piosenki, ci\u0119\u017ckie zagadki, kolorowanki miasto, piosenki na dobranoc dla dzieci + tekst, z\u0142ote my\u015bli kubu\u015b puchatek cytaty, cytaty o mamie, zabawki na roczek dla ch\u0142opca, leonardo imie, zagadki dla dzieci 9 10 lat z odpowiedziami, flagi \u015bwiata quiz, niespotykane imiona \u017ce\u0144skie, smok wawelski bajka, historia andrzejek dla dzieci, rozalia imi\u0119, quiz samochodowy, ziemia wyspa zielona tekst<\/p>\n<p>yyyyy<\/p>\n<p>&nbsp;<\/p>\n","protected":false},"excerpt":{"rendered":"<p>Puzzle 120-element\u00f3wPuzzle 100% JAKO\u015a\u0106ROZMIAR 30cmx20cm(PRODUKT POLSKI)PRODUCENT!!!!Puzzle produkowane i drukowane dopiero po zam\u00f3wieniu i wysy\u0142ane najpo\u017aniej do 24H.Nadruki tworzone metod\u0105 sublimacji &#8211; w temperaturze oko\u0142o 200 stopni Celcjusza, dzi\u0119ki najnowszemu sprz\u0119towi w tej dziedzinie, daje nam produkty nadruki najwy\u017cszej jako\u015bci.Deklarujemy jako\u015b\u0107 nadruku! Spraw niespodziank\u0119 bliskiej Ci osobie, zaskocz j\u0105. Puzzle Angry Birds Angry Birds hymn g\u00f3rniczy, [&hellip;]<\/p>\n","protected":false},"featured_media":2382,"comment_status":"closed","ping_status":"open","template":"","meta":[],"product_cat":[544,482],"product_tag":[766,723,743,756],"class_list":["post-2381","product","type-product","status-publish","has-post-thumbnail","hentry","product_cat-angry-birds","product_cat-gadzety","product_tag-kira","product_tag-krotkie-bajki-do-czytania-na-dobranoc","product_tag-quiz-dla-dzieci","product_tag-zaproszenie-na-urodziny-do-druku"],"_links":{"self":[{"href":"http:\/\/klubmamgdynia.pl\/index.php\/wp-json\/wp\/v2\/product\/2381","targetHints":{"allow":["GET"]}}],"collection":[{"href":"http:\/\/klubmamgdynia.pl\/index.php\/wp-json\/wp\/v2\/product"}],"about":[{"href":"http:\/\/klubmamgdynia.pl\/index.php\/wp-json\/wp\/v2\/types\/product"}],"replies":[{"embeddable":true,"href":"http:\/\/klubmamgdynia.pl\/index.php\/wp-json\/wp\/v2\/comments?post=2381"}],"wp:featuredmedia":[{"embeddable":true,"href":"http:\/\/klubmamgdynia.pl\/index.php\/wp-json\/wp\/v2\/media\/2382"}],"wp:attachment":[{"href":"http:\/\/klubmamgdynia.pl\/index.php\/wp-json\/wp\/v2\/media?parent=2381"}],"wp:term":[{"taxonomy":"product_cat","embeddable":true,"href":"http:\/\/klubmamgdynia.pl\/index.php\/wp-json\/wp\/v2\/product_cat?post=2381"},{"taxonomy":"product_tag","embeddable":true,"href":"http:\/\/klubmamgdynia.pl\/index.php\/wp-json\/wp\/v2\/product_tag?post=2381"}],"curies":[{"name":"wp","href":"https:\/\/api.w.org\/{rel}","templated":true}]}}