{"id":2383,"date":"2020-05-14T03:59:58","date_gmt":"2020-05-14T01:59:58","guid":{"rendered":"http:\/\/klubmamgdynia.pl\/index.php\/produkt\/ravensburger-disney-kraina-lodu-2-puzzle-2x12-el-050093\/"},"modified":"2026-04-21T02:24:25","modified_gmt":"2026-04-21T00:24:25","slug":"ravensburger-disney-kraina-lodu-2-puzzle-2x12-el-050093","status":"publish","type":"product","link":"http:\/\/klubmamgdynia.pl\/index.php\/produkt\/ravensburger-disney-kraina-lodu-2-puzzle-2x12-el-050093\/","title":{"rendered":"Ravensburger Disney Kraina Lodu 2 Puzzle 2&#215;12 el. 050093"},"content":{"rendered":"<p>Ravensburger puzzle 2&#215;12 Frozen 2 Kraina Lodu 2Dwie nasycone pi\u0119knymi barwami uk\u0142adanki Ravensburger zabior\u0105 dziecko w niezwyk\u0142\u0105 podr\u00f3\u017c do Krainy Lodu, gdzie wraz z Els\u0105, Ann\u0105 i ich dzielnymi przyjaci\u00f3\u0142mi &#8211; ba\u0142wankiem Olafem i przystojnym Kristoffem odkryje tajemnic\u0119 wielkiej mocy z\u0142otow\u0142osej kr\u00f3lowej. U\u0142o\u017cone, kolorowe obrazki b\u0119dzie wyj\u0105tkow\u0105 ozdob\u0105 pokoju ma\u0142ej fanki bajki.Uk\u0142adanie puzzli to ciekawe zaj\u0119cie na pochmurne dni, gdy pogoda uniemo\u017cliwia szale\u0144stwa na \u015bwie\u017cym powietrzu, mog\u0105 okaza\u0107 si\u0119 ciekawym pomys\u0142em na sp\u0119dzanie czasu z najbli\u017cszymi czy przyjaci\u00f3\u0142mi. Przede wszystkim jednak to znakomity trening poprawiaj\u0105cy pami\u0119\u0107. Pozwala \u0107wiczy\u0107 zr\u0119czno\u015b\u0107 manualn\u0105 i spostrzegawczo\u015b\u0107. Wykonane z materia\u0142\u00f3w najwy\u017cszej jako\u015bci, z niezwyk\u0142\u0105 dba\u0142o\u015bci\u0105 o detale puzzle z pewno\u015bci\u0105 przypadn\u0105 do gustu najbardziej wymagaj\u0105cym mi\u0142o\u015bnikom uk\u0142adanek.Opakowanie zawiera:2 uk\u0142adanki po 12 element\u00f3wka\u017cdy obrazek ma wymiary: 26 x 18 cmprodukt nowy, oryginalnie zapakowanyprzeznaczony dla dzieci od 3 roku \u017cyciaRavensburger &#8211; firma zosta\u0142a za\u0142o\u017cona w 1883 roku przez niemieckiego ksi\u0119garza Otto Maiera nazwana na cze\u015b\u0107 miasta, w kt\u00f3rym powsta\u0142a. Pierwsza, r\u0119cznie wykonana gra &#8222;Podr\u00f3\u017c dooko\u0142a \u015bwiata&#8221; ukaza\u0142a si\u0119 w 1884 roku. Dzi\u015b Ravensburger to \u015bwiatowej klasy lider w produkcji puzzli i gier planszowych. Wysok\u0105 jako\u015b\u0107 produkt\u00f3w gwarantuj\u0105 starannie dobierane i selekcjonowane materia\u0142y wykorzystywane do produkcji.<\/p>\n<h2>Ravensburger Disney Kraina Lodu 2 Puzzle 2&#215;12 el. 050093 Ravensburger<\/h2>\n<p>gry ruchowe dla dzieci, cytaty o dziecku i mamie, rado\u015b\u0107 dziecka cytaty, dzie\u0144 matki w\u0142asnor\u0119czny prezent dla mamy od dziecka, zagadki przyrodnicze<\/p>\n<p>yyyyy<\/p>\n<p>&nbsp;<\/p>\n","protected":false},"excerpt":{"rendered":"<p>Ravensburger puzzle 2&#215;12 Frozen 2 Kraina Lodu 2Dwie nasycone pi\u0119knymi barwami uk\u0142adanki Ravensburger zabior\u0105 dziecko w niezwyk\u0142\u0105 podr\u00f3\u017c do Krainy Lodu, gdzie wraz z Els\u0105, Ann\u0105 i ich dzielnymi przyjaci\u00f3\u0142mi &#8211; ba\u0142wankiem Olafem i przystojnym Kristoffem odkryje tajemnic\u0119 wielkiej mocy z\u0142otow\u0142osej kr\u00f3lowej. U\u0142o\u017cone, kolorowe obrazki b\u0119dzie wyj\u0105tkow\u0105 ozdob\u0105 pokoju ma\u0142ej fanki bajki.Uk\u0142adanie puzzli to ciekawe [&hellip;]<\/p>\n","protected":false},"featured_media":2384,"comment_status":"closed","ping_status":"open","template":"","meta":[],"product_cat":[90,207],"product_tag":[766,656,588,782,714],"class_list":["post-2383","product","type-product","status-publish","has-post-thumbnail","hentry","product_cat-puzzle","product_cat-ravensburger","product_tag-kira","product_tag-kolorowanki-lol","product_tag-wzruszajace-slowa-dla-przyjaciela","product_tag-zagadki-dla-dzieci-z-odpowiedziami","product_tag-zagadki-logiczne"],"_links":{"self":[{"href":"http:\/\/klubmamgdynia.pl\/index.php\/wp-json\/wp\/v2\/product\/2383","targetHints":{"allow":["GET"]}}],"collection":[{"href":"http:\/\/klubmamgdynia.pl\/index.php\/wp-json\/wp\/v2\/product"}],"about":[{"href":"http:\/\/klubmamgdynia.pl\/index.php\/wp-json\/wp\/v2\/types\/product"}],"replies":[{"embeddable":true,"href":"http:\/\/klubmamgdynia.pl\/index.php\/wp-json\/wp\/v2\/comments?post=2383"}],"wp:featuredmedia":[{"embeddable":true,"href":"http:\/\/klubmamgdynia.pl\/index.php\/wp-json\/wp\/v2\/media\/2384"}],"wp:attachment":[{"href":"http:\/\/klubmamgdynia.pl\/index.php\/wp-json\/wp\/v2\/media?parent=2383"}],"wp:term":[{"taxonomy":"product_cat","embeddable":true,"href":"http:\/\/klubmamgdynia.pl\/index.php\/wp-json\/wp\/v2\/product_cat?post=2383"},{"taxonomy":"product_tag","embeddable":true,"href":"http:\/\/klubmamgdynia.pl\/index.php\/wp-json\/wp\/v2\/product_tag?post=2383"}],"curies":[{"name":"wp","href":"https:\/\/api.w.org\/{rel}","templated":true}]}}