{"id":2385,"date":"2015-11-11T09:23:21","date_gmt":"2015-11-11T08:23:21","guid":{"rendered":"http:\/\/klubmamgdynia.pl\/index.php\/produkt\/tactic-bunkr-battlezones-zaslona-urban-green-crate\/"},"modified":"2026-05-17T22:46:47","modified_gmt":"2026-05-17T20:46:47","slug":"tactic-bunkr-battlezones-zaslona-urban-green-crate","status":"publish","type":"product","link":"http:\/\/klubmamgdynia.pl\/index.php\/produkt\/tactic-bunkr-battlezones-zaslona-urban-green-crate\/","title":{"rendered":"Tactic Bunkr Battlezones Zas\u0142ona Urban Green Crate"},"content":{"rendered":"<p>Przekszta\u0142\u0107 swoje otoczenie w prawdziwe nadmuchiwane pole bitwy. (Piwnica, podw\u00f3rko, park, kampus, imprezy) \u0141atwa konfiguracja: \u0142atwe do przechowywania dzi\u0119ki przewymiarowanym zaworom do szybkiego nape\u0142niania \/ opr\u00f3\u017cniania. Bunkry maj\u0105 r\u00f3wnie\u017c zintegrowan\u0105 podstaw\u0119 wodn\u0105, kt\u00f3r\u0105 mo\u017cna wype\u0142ni\u0107, aby ustabilizowa\u0107 je w wietrznych warunkach Wsp\u00f3\u0142pracuje z: wszystkimi miotaczami piankowymi, laserowymi, miotaczami strza\u0142owymi i wodnymi. (Nerf, X-shot, Laser X i BOOM Co) Rozgrywka na wy\u017cszym poziomie: zbuduj fort lub baz\u0119, schowaj si\u0119 i wejd\u017a do gry! Wsta\u0144 i graj: aktywna, przyjemna gra dla Ciebie i Twoich znajomych. Rozmiar po nadmuchaniu w cm: 1 x skrzynia \u0142adunk\u00f3w lotniczych: rozmiar: 70 wys. \/ 63 d\u0142ug. \/ 55 szer. 1 x skrzynia na amunicj\u0119: rozmiar: 70 wys. \/ 63 d\u0142ug. \/ 55 szeroka, 1 beczka na odpady: rozmiar: 85 wys. \/ 48 d\u0142ug. \/ 48 szer. Pacho\u0142ek drogowy: rozmiar: 65 wys. \/ 40 d\u0142ug. \/ 40 d\u0142ugo\u015bci NAZWA BUNKR BATTLEZONES ZAS\u0141ONA URBAN GREEN CRATE PRODUCENT TACTIC WIEK 8+ EAN 0773392532618 Znajd\u017a podobne wed\u0142ug klucza: TACTIC (410643)<\/p>\n<h2>Tactic Bunkr Battlezones Zas\u0142ona Urban Green Crate Tactic<\/h2>\n<p>gabriela, kolorowanki do druku dla ch\u0142opc\u00f3w, cytaty korczak, teksty ko\u0142ysanek, proste origami dla dzieci, kanapki dla dzieci, bajka na dobranoc, bajki do czytania dla dzieci, m\u0105dre bajki dla dzieci do czytania, zabawa dla 7 latka, rebusy i krzy\u017c\u00f3wki dla dzieci do druku, prezent na roczek dla chrze\u015bniaka, zagadki dla nastolatk\u00f3w, najlepsze pranki na prima aprilis, pi\u0119kne kr\u00f3tkie wiersze, myszka minnie kolorowanka, ma\u0142y ksi\u0105\u017ce test, adriana imie, w uk\u0142adzie s\u0142onecznym tekst<\/p>\n<p>yyyyy<\/p>\n<p>&nbsp;<\/p>\n","protected":false},"excerpt":{"rendered":"<p>Przekszta\u0142\u0107 swoje otoczenie w prawdziwe nadmuchiwane pole bitwy. (Piwnica, podw\u00f3rko, park, kampus, imprezy) \u0141atwa konfiguracja: \u0142atwe do przechowywania dzi\u0119ki przewymiarowanym zaworom do szybkiego nape\u0142niania \/ opr\u00f3\u017cniania. Bunkry maj\u0105 r\u00f3wnie\u017c zintegrowan\u0105 podstaw\u0119 wodn\u0105, kt\u00f3r\u0105 mo\u017cna wype\u0142ni\u0107, aby ustabilizowa\u0107 je w wietrznych warunkach Wsp\u00f3\u0142pracuje z: wszystkimi miotaczami piankowymi, laserowymi, miotaczami strza\u0142owymi i wodnymi. (Nerf, X-shot, Laser X [&hellip;]<\/p>\n","protected":false},"featured_media":2386,"comment_status":"closed","ping_status":"open","template":"","meta":[],"product_cat":[72,243],"product_tag":[818,840,771,762,741],"class_list":["post-2385","product","type-product","status-publish","has-post-thumbnail","hentry","product_cat-mali-naukowcy","product_cat-tactic","product_tag-oliwier","product_tag-stare-bajki","product_tag-stolice-europy-quiz","product_tag-trudne-zagadki-dla-dzieci","product_tag-wlochy"],"_links":{"self":[{"href":"http:\/\/klubmamgdynia.pl\/index.php\/wp-json\/wp\/v2\/product\/2385","targetHints":{"allow":["GET"]}}],"collection":[{"href":"http:\/\/klubmamgdynia.pl\/index.php\/wp-json\/wp\/v2\/product"}],"about":[{"href":"http:\/\/klubmamgdynia.pl\/index.php\/wp-json\/wp\/v2\/types\/product"}],"replies":[{"embeddable":true,"href":"http:\/\/klubmamgdynia.pl\/index.php\/wp-json\/wp\/v2\/comments?post=2385"}],"wp:featuredmedia":[{"embeddable":true,"href":"http:\/\/klubmamgdynia.pl\/index.php\/wp-json\/wp\/v2\/media\/2386"}],"wp:attachment":[{"href":"http:\/\/klubmamgdynia.pl\/index.php\/wp-json\/wp\/v2\/media?parent=2385"}],"wp:term":[{"taxonomy":"product_cat","embeddable":true,"href":"http:\/\/klubmamgdynia.pl\/index.php\/wp-json\/wp\/v2\/product_cat?post=2385"},{"taxonomy":"product_tag","embeddable":true,"href":"http:\/\/klubmamgdynia.pl\/index.php\/wp-json\/wp\/v2\/product_tag?post=2385"}],"curies":[{"name":"wp","href":"https:\/\/api.w.org\/{rel}","templated":true}]}}