{"id":2387,"date":"2025-02-02T17:32:32","date_gmt":"2025-02-02T16:32:32","guid":{"rendered":"http:\/\/klubmamgdynia.pl\/?post_type=product&#038;p=2387"},"modified":"2026-04-05T20:50:10","modified_gmt":"2026-04-05T18:50:10","slug":"majorette-samochodzik-wrc-hyundai-i20-t-neuville-2084012-03","status":"publish","type":"product","link":"http:\/\/klubmamgdynia.pl\/index.php\/produkt\/majorette-samochodzik-wrc-hyundai-i20-t-neuville-2084012-03\/","title":{"rendered":"Majorette Samochodzik WRC Hyundai i20 T. Neuville 2084012 03"},"content":{"rendered":"<p>Majorette Premium Cars &#8211; zachwyca w ka\u017cdym calu! \u015awietna seria przeznaczona dla kolekcjoner\u00f3w i mniejszych wielbicieli motoryzacji! Dba\u0142o\u015b\u0107 o szczeg\u00f3\u0142y a tak\u017ce technika wykonania sprawia, \u017ce samochody z serii Premium s\u0105 wiern\u0105 kopi\u0105 prawdziwych pojazd\u00f3w. Auta posiadaj\u0105 otwierane drzwi i\/lub klapy, dlatego bez trudu mo\u017cemy zajrze\u0107 do ich wn\u0119trza. W kolekcji wyst\u0119puje 28 modeli samochod\u00f3w znanych marek, np. Mercedes, Porsche, BMW, VW, Citroen, Peugeot, Chevrolet, Renault, Ford i Range Rover. Do samochod\u00f3w z serii do\u0142\u0105czona jest ulotka kolekcjonerska.Cechy serii:Zabawkowe samochody bez nap\u0119du R\u00f3\u017cne modele: Mercedes-Benz, Porsche, Citroen, Jaguar, Range Rover, Alfa Romeo, Audi, BMW, Chevrolet, Nissan, Ford, Renault, VW, Bentley, DodgeOtwierane cz\u0119\u015bci: drzwi lub maska, b\u0105d\u017a baga\u017cnikWyposa\u017cone w resoryUlotka kolekcjonerska w ka\u017cdym zestawieMateria\u0142: Metal\/PlastikD\u0142ugo\u015b\u0107: ok. 7.5 cmSkala: 1:59Dla dzieci w wieku: 3+Cena dotyczy Samochodu Majorette &#8211; Samochodzik Vintage z przyczep\u0105 VW Beetle Eriba Puck 2052014 03.<\/p>\n<h2>Majorette Samochodzik WRC Hyundai i20 T. Neuville 2084012 03 Majorette<\/h2>\n<p>wzruszajace cytaty o rodzinie, bajki do czytania online, zabawka na roczek dla dziewczynki, wycinanki dla dzieci do druku, prezent na 1 urodziny, zabawki na roczek dla ch\u0142opca, quiz o bo\u017cym narodzeniu, prima aprilis w szkole, prezenty dla nastolatki, bajka o poci\u0105gu do czytania, test z dzieci z bullerbyn, kolorowe kanapki kanapki dla dzieci<\/p>\n<p>yyyyy<\/p>\n<p>&nbsp;<\/p>\n","protected":false},"excerpt":{"rendered":"<p>Majorette Premium Cars &#8211; zachwyca w ka\u017cdym calu! \u015awietna seria przeznaczona dla kolekcjoner\u00f3w i mniejszych wielbicieli motoryzacji! Dba\u0142o\u015b\u0107 o szczeg\u00f3\u0142y a tak\u017ce technika wykonania sprawia, \u017ce samochody z serii Premium s\u0105 wiern\u0105 kopi\u0105 prawdziwych pojazd\u00f3w. Auta posiadaj\u0105 otwierane drzwi i\/lub klapy, dlatego bez trudu mo\u017cemy zajrze\u0107 do ich wn\u0119trza. W kolekcji wyst\u0119puje 28 modeli samochod\u00f3w [&hellip;]<\/p>\n","protected":false},"featured_media":2388,"comment_status":"closed","ping_status":"open","template":"","meta":[],"product_cat":[83,343],"product_tag":[867,674,606],"class_list":["post-2387","product","type-product","status-publish","has-post-thumbnail","hentry","product_cat-auta-i-inne-pojazdy-do-zabawy","product_cat-majorette","product_tag-kolorowanki-dla-dziewczynek","product_tag-miasto-dzieci","product_tag-stala-pod-sniegiem"],"_links":{"self":[{"href":"http:\/\/klubmamgdynia.pl\/index.php\/wp-json\/wp\/v2\/product\/2387","targetHints":{"allow":["GET"]}}],"collection":[{"href":"http:\/\/klubmamgdynia.pl\/index.php\/wp-json\/wp\/v2\/product"}],"about":[{"href":"http:\/\/klubmamgdynia.pl\/index.php\/wp-json\/wp\/v2\/types\/product"}],"replies":[{"embeddable":true,"href":"http:\/\/klubmamgdynia.pl\/index.php\/wp-json\/wp\/v2\/comments?post=2387"}],"wp:featuredmedia":[{"embeddable":true,"href":"http:\/\/klubmamgdynia.pl\/index.php\/wp-json\/wp\/v2\/media\/2388"}],"wp:attachment":[{"href":"http:\/\/klubmamgdynia.pl\/index.php\/wp-json\/wp\/v2\/media?parent=2387"}],"wp:term":[{"taxonomy":"product_cat","embeddable":true,"href":"http:\/\/klubmamgdynia.pl\/index.php\/wp-json\/wp\/v2\/product_cat?post=2387"},{"taxonomy":"product_tag","embeddable":true,"href":"http:\/\/klubmamgdynia.pl\/index.php\/wp-json\/wp\/v2\/product_tag?post=2387"}],"curies":[{"name":"wp","href":"https:\/\/api.w.org\/{rel}","templated":true}]}}