{"id":2389,"date":"2010-11-26T22:43:21","date_gmt":"2010-11-26T21:43:21","guid":{"rendered":"http:\/\/klubmamgdynia.pl\/index.php\/produkt\/chicco-interaktywna-mata-farma-dwujezyczna-pol-ang\/"},"modified":"2026-04-28T17:22:31","modified_gmt":"2026-04-28T15:22:31","slug":"chicco-interaktywna-mata-farma-dwujezyczna-pol-ang","status":"publish","type":"product","link":"http:\/\/klubmamgdynia.pl\/index.php\/produkt\/chicco-interaktywna-mata-farma-dwujezyczna-pol-ang\/","title":{"rendered":"CHICCO INTERAKTYWNA MATA FARMA DWUJ\u0118ZYCZNA POL-ANG"},"content":{"rendered":"<p>Niepowtarzalna mata do nauki i zabawyNowa mata od Chicco to interaktywna mata o tematyce farmy, to \u015bwietny spos\u00f3b na nauk\u0119 j\u0119zyka angielskiego oraz odkrywanie \u015bwiata gospodarstwa rolnegoRazem z mat\u0105 znajdziecie w zestawie a\u017c 6 uroczych postaci; mi\u015b-farmer, kurczak, ko\u0144, kaczka, kr\u00f3wka, kr\u00f3liczek.Mata posiada 2 tryby gry; odkrywanie zwierz\u0105t i miejsc na farmie oraz rozpoznawanie zwierz\u0105t i odgadnij gdzie mieszka.A\u017c 2 tryby zabawy!W trybie 1 malec odkrywa zwierz\u0119ta i poszczeg\u00f3lne miejsca na farmie. Z kolei w 2 trybie rozpoznaje zwierz\u0119ta i zgaduje gdzie mieszka.Mata ma zaprogramowane ponad 900 s\u0142\u00f3w, zwrot\u00f3w, piosenek i d\u017awi\u0119k\u00f3w.Zabawa przez nauk\u0119Mata uczy w j\u0119zyku polskim i angielskim :nazw zwierz\u0105trozpoznawania odg\u0142os\u00f3w zwierz\u0105tkolor\u00f3wmiejsc na farmieodg\u0142os\u00f3w z farmyInformacje dodatkowemata dla dzieci w wieku 1-4 lata2 tryby gryponad 900 zwrot\u00f3wwersja polsko angielskaefekty d\u017awi\u0119kowewymiary maty : 60&#215;40 cm<\/p>\n<h2>CHICCO INTERAKTYWNA MATA FARMA DWUJ\u0118ZYCZNA POL-ANG Chicco<\/h2>\n<p>zagadki matematyczne dla dzieci 7 lat, znajd\u017a r\u00f3\u017cnice, kolorowanki z bajek, kolorowanka sky, znaki drogowe quiz, stare bajki, karaluchy pod poduchy a szczypawki<\/p>\n<p>yyyyy<\/p>\n<p>&nbsp;<\/p>\n","protected":false},"excerpt":{"rendered":"<p>Niepowtarzalna mata do nauki i zabawyNowa mata od Chicco to interaktywna mata o tematyce farmy, to \u015bwietny spos\u00f3b na nauk\u0119 j\u0119zyka angielskiego oraz odkrywanie \u015bwiata gospodarstwa rolnegoRazem z mat\u0105 znajdziecie w zestawie a\u017c 6 uroczych postaci; mi\u015b-farmer, kurczak, ko\u0144, kaczka, kr\u00f3wka, kr\u00f3liczek.Mata posiada 2 tryby gry; odkrywanie zwierz\u0105t i miejsc na farmie oraz rozpoznawanie zwierz\u0105t [&hellip;]<\/p>\n","protected":false},"featured_media":2390,"comment_status":"closed","ping_status":"open","template":"","meta":[],"product_cat":[312,537],"product_tag":[780,742,826,823],"class_list":["post-2389","product","type-product","status-publish","has-post-thumbnail","hentry","product_cat-chicco","product_cat-pozostale-zabawki-edukacyjne","product_tag-krecik-bajka","product_tag-piosenki-dla-dzieci-tekst","product_tag-prezent-dla-15-latka","product_tag-zagadki-dla-dzieci-7-lat"],"_links":{"self":[{"href":"http:\/\/klubmamgdynia.pl\/index.php\/wp-json\/wp\/v2\/product\/2389","targetHints":{"allow":["GET"]}}],"collection":[{"href":"http:\/\/klubmamgdynia.pl\/index.php\/wp-json\/wp\/v2\/product"}],"about":[{"href":"http:\/\/klubmamgdynia.pl\/index.php\/wp-json\/wp\/v2\/types\/product"}],"replies":[{"embeddable":true,"href":"http:\/\/klubmamgdynia.pl\/index.php\/wp-json\/wp\/v2\/comments?post=2389"}],"wp:featuredmedia":[{"embeddable":true,"href":"http:\/\/klubmamgdynia.pl\/index.php\/wp-json\/wp\/v2\/media\/2390"}],"wp:attachment":[{"href":"http:\/\/klubmamgdynia.pl\/index.php\/wp-json\/wp\/v2\/media?parent=2389"}],"wp:term":[{"taxonomy":"product_cat","embeddable":true,"href":"http:\/\/klubmamgdynia.pl\/index.php\/wp-json\/wp\/v2\/product_cat?post=2389"},{"taxonomy":"product_tag","embeddable":true,"href":"http:\/\/klubmamgdynia.pl\/index.php\/wp-json\/wp\/v2\/product_tag?post=2389"}],"curies":[{"name":"wp","href":"https:\/\/api.w.org\/{rel}","templated":true}]}}