{"id":239,"date":"2023-04-06T23:22:14","date_gmt":"2023-04-06T21:22:14","guid":{"rendered":"http:\/\/klubmamgdynia.pl\/index.php\/produkt\/oops-1600414\/"},"modified":"2026-04-29T11:32:16","modified_gmt":"2026-04-29T09:32:16","slug":"oops-1600414","status":"publish","type":"product","link":"http:\/\/klubmamgdynia.pl\/index.php\/produkt\/oops-1600414\/","title":{"rendered":"Oops 1600414"},"content":{"rendered":"<p>Magnetyczna zabawa dla ka\u017cdego Malucha!<\/p>\n<h2>Oops 1600414 Oops<\/h2>\n<p>zagadki dla ma\u0142ych dzieci, gdzie nad wod\u0119 ko\u0142o warszawy, cytaty z ma\u0142ego ksi\u0119cia, atrakcje wroc\u0142aw i okolice, pikachu kolorowanka, kolorowanki do druku pokemon<\/p>\n<p>yyyyy<\/p>\n<p>&nbsp;<\/p>\n","protected":false},"excerpt":{"rendered":"<p>Magnetyczna zabawa dla ka\u017cdego Malucha! Oops 1600414 Oops zagadki dla ma\u0142ych dzieci, gdzie nad wod\u0119 ko\u0142o warszawy, cytaty z ma\u0142ego ksi\u0119cia, atrakcje wroc\u0142aw i okolice, pikachu kolorowanka, kolorowanki do druku pokemon yyyyy &nbsp;<\/p>\n","protected":false},"featured_media":240,"comment_status":"closed","ping_status":"open","template":"","meta":[],"product_cat":[113,98],"product_tag":[865,670,688,858,840],"class_list":["post-239","product","type-product","status-publish","has-post-thumbnail","hentry","product_cat-klocki","product_cat-oops","product_tag-cytaty-o-dzieciach","product_tag-irma","product_tag-kolysanki-tekst","product_tag-podchwytliwe-zagadki","product_tag-stare-bajki"],"_links":{"self":[{"href":"http:\/\/klubmamgdynia.pl\/index.php\/wp-json\/wp\/v2\/product\/239","targetHints":{"allow":["GET"]}}],"collection":[{"href":"http:\/\/klubmamgdynia.pl\/index.php\/wp-json\/wp\/v2\/product"}],"about":[{"href":"http:\/\/klubmamgdynia.pl\/index.php\/wp-json\/wp\/v2\/types\/product"}],"replies":[{"embeddable":true,"href":"http:\/\/klubmamgdynia.pl\/index.php\/wp-json\/wp\/v2\/comments?post=239"}],"wp:featuredmedia":[{"embeddable":true,"href":"http:\/\/klubmamgdynia.pl\/index.php\/wp-json\/wp\/v2\/media\/240"}],"wp:attachment":[{"href":"http:\/\/klubmamgdynia.pl\/index.php\/wp-json\/wp\/v2\/media?parent=239"}],"wp:term":[{"taxonomy":"product_cat","embeddable":true,"href":"http:\/\/klubmamgdynia.pl\/index.php\/wp-json\/wp\/v2\/product_cat?post=239"},{"taxonomy":"product_tag","embeddable":true,"href":"http:\/\/klubmamgdynia.pl\/index.php\/wp-json\/wp\/v2\/product_tag?post=239"}],"curies":[{"name":"wp","href":"https:\/\/api.w.org\/{rel}","templated":true}]}}