{"id":2393,"date":"2024-01-04T00:56:59","date_gmt":"2024-01-03T23:56:59","guid":{"rendered":"http:\/\/klubmamgdynia.pl\/?post_type=product&#038;p=2393"},"modified":"2026-04-20T16:35:16","modified_gmt":"2026-04-20T14:35:16","slug":"osram-2x-ledriving-h7-xtr-12v-6000k-cool-white","status":"publish","type":"product","link":"http:\/\/klubmamgdynia.pl\/index.php\/produkt\/osram-2x-ledriving-h7-xtr-12v-6000k-cool-white\/","title":{"rendered":"OSRAM 2x LEDriving H7 XTR 12V 6000K COOL WHITE"},"content":{"rendered":"<p>OSRAM LEDriving XTR \u2259 H7 Superior LED headlight bulbs for off-road use dzi\u0119ki temperaturze barwowej i bardzo kompaktowej konstrukcji, retrofity OSRAM LEDriving XTR zapewniaj\u0105 \u0142atwe rozwi\u0105zanie typu \u201eplug and play\u201d do modernizacji konwencjonalnych reflektor\u00f3w samochodowych za pomoc\u0105 ch\u0142odnego, bia\u0142ego \u015bwiat\u0142a LED \u2013 zapewniaj\u0105c stylowy i nowoczesny wygl\u0105d pojazdu. Dzi\u0119ki najnowocze\u015bniejszej technologii i inteligentnej konstrukcji nasze lampy s\u0105 idealnym rozwi\u0105zaniem, aby widzie\u0107 dalej i szybciej zauwa\u017ca\u0107 przeszkody. Marka OSRAM oznacza jako\u015b\u0107 bez kompromis\u00f3w, dlatego z dum\u0105 oferujemy na te retrofity 3-letni\u0105 gwarancj\u0119. Jasno\u015b\u0107 XTR-EME Idealna, ch\u0142odna biel o temperaturze barwowej 6000K z doskona\u0142ym strumieniem \u015bwietlnym, zapewniaj\u0105ca stylowy i nowoczesny wygl\u0105d. NIEMIECKI DESIGN Dzi\u0119ki naszej najnowocze\u015bniejsze technologii BeamGuide i inteligentnej konstrukcji produktu opracowanej w Niemczech uzyskuje si\u0119 zoptymalizowany rozsy\u0142 \u015bwiat\u0142a o bardziej skupionej i ulepszonej wi\u0105zce. NAJLEPSZA TECHNOLOGIA Najlepsza technologia OSRAM zapewnia, \u017ce zarz\u0105dzanie termiczne jest wzmocnione przez aktywne ch\u0142odzenie za pomoc\u0105 szybkiego, cichego wentylatora o pr\u0119dko\u015bci do 10 000 obrot\u00f3w na minut\u0119. D\u0141UGA TRWA\u0141O\u015a\u0106 Bez \u017cadnych kompromis\u00f3w, nasze sprawdzone materia\u0142y najwy\u017cszej jako\u015bci oferuj\u0105 ekstremalny poziom wydajno\u015bci przy doskona\u0142ej wytrzyma\u0142o\u015bci i d\u0142ugiej trwa\u0142o\u015bci z dodatkowo o ok. 70% mniejszym zu\u017cyciem energii w por\u00f3wnaniu do \u017car\u00f3wek konwencjonalnych. PARAMETRY: Marka: Osram Mo\u017ce by\u0107 stosowany na drogach publicznych: tak EAN: 4062172232920 Wpis zam\u00f3wienia: 64210DWXTR Technologia: LED Typ: Off-road \u2259 H7 Seria: LEDriving\u00ae Moc znamionowa: 18,0 W Napi\u0119cie nominalne: 12\/24 V Podstawa: PX26d Temperatura barwowa: 6000 K Lumeny: 1750 lm \u017bywotno\u015b\u0107 (Tc): 2000 godzin<\/p>\n<h2>OSRAM 2x LEDriving H7 XTR 12V 6000K COOL WHITE Osram<\/h2>\n<p>dzie\u0144 \u015bw patryka symbole do druku, podchwytliwe zagadki, quiz o koniach, zabawki na roczek, zagadki nie do rozwi\u0105zania, kiedy dzieci chodz\u0105 na halloween, postacie z bajek, test z lektury asiunia, wz\u00f3r dyplomu do pobrania, bajka o piesku do czytania, cytaty dla mamy od c\u00f3rki, bajka o smoku wawelskim, proste dekoracje bo\u017conarodzeniowe dla dzieci<\/p>\n<p>yyyyy<\/p>\n<p>&nbsp;<\/p>\n","protected":false},"excerpt":{"rendered":"<p>OSRAM LEDriving XTR \u2259 H7 Superior LED headlight bulbs for off-road use dzi\u0119ki temperaturze barwowej i bardzo kompaktowej konstrukcji, retrofity OSRAM LEDriving XTR zapewniaj\u0105 \u0142atwe rozwi\u0105zanie typu \u201eplug and play\u201d do modernizacji konwencjonalnych reflektor\u00f3w samochodowych za pomoc\u0105 ch\u0142odnego, bia\u0142ego \u015bwiat\u0142a LED \u2013 zapewniaj\u0105c stylowy i nowoczesny wygl\u0105d pojazdu. Dzi\u0119ki najnowocze\u015bniejszej technologii i inteligentnej konstrukcji nasze [&hellip;]<\/p>\n","protected":false},"featured_media":2394,"comment_status":"closed","ping_status":"open","template":"","meta":[],"product_cat":[874,875],"product_tag":[865,776,697,794,623,725],"class_list":["post-2393","product","type-product","status-publish","has-post-thumbnail","hentry","product_cat-osram","product_cat-zarowki-samochodowe","product_tag-cytaty-o-dzieciach","product_tag-dobrej-nocy","product_tag-krotkie-bajki-do-czytania","product_tag-test-opowiesci-z-narnii-lew-czarownica-i-stara-szafa-do-druku","product_tag-zagadki-logiczne-smieszne","product_tag-zgadywanki"],"_links":{"self":[{"href":"http:\/\/klubmamgdynia.pl\/index.php\/wp-json\/wp\/v2\/product\/2393","targetHints":{"allow":["GET"]}}],"collection":[{"href":"http:\/\/klubmamgdynia.pl\/index.php\/wp-json\/wp\/v2\/product"}],"about":[{"href":"http:\/\/klubmamgdynia.pl\/index.php\/wp-json\/wp\/v2\/types\/product"}],"replies":[{"embeddable":true,"href":"http:\/\/klubmamgdynia.pl\/index.php\/wp-json\/wp\/v2\/comments?post=2393"}],"wp:featuredmedia":[{"embeddable":true,"href":"http:\/\/klubmamgdynia.pl\/index.php\/wp-json\/wp\/v2\/media\/2394"}],"wp:attachment":[{"href":"http:\/\/klubmamgdynia.pl\/index.php\/wp-json\/wp\/v2\/media?parent=2393"}],"wp:term":[{"taxonomy":"product_cat","embeddable":true,"href":"http:\/\/klubmamgdynia.pl\/index.php\/wp-json\/wp\/v2\/product_cat?post=2393"},{"taxonomy":"product_tag","embeddable":true,"href":"http:\/\/klubmamgdynia.pl\/index.php\/wp-json\/wp\/v2\/product_tag?post=2393"}],"curies":[{"name":"wp","href":"https:\/\/api.w.org\/{rel}","templated":true}]}}