{"id":2397,"date":"2020-01-04T23:07:20","date_gmt":"2020-01-04T22:07:20","guid":{"rendered":"http:\/\/klubmamgdynia.pl\/index.php\/produkt\/polska-firma-pielegniarka-misia-duza-brazowa\/"},"modified":"2026-04-06T19:19:32","modified_gmt":"2026-04-06T17:19:32","slug":"polska-firma-pielegniarka-misia-duza-brazowa","status":"publish","type":"product","link":"http:\/\/klubmamgdynia.pl\/index.php\/produkt\/polska-firma-pielegniarka-misia-duza-brazowa\/","title":{"rendered":"Polska Firma Piel\u0119gniarka Misia Du\u017ca Br\u0105zowa"},"content":{"rendered":"<p>PIEL\u0118GNIARKA MISIA DU\u017bA BR\u0104ZOWA Szukasz pluszowego s\u0142odziaka, kt\u00f3ry wys\u0142ucha wszystkich Twoich sekret\u00f3w i nikomu o nich nie powie?Lubisz przytuli\u0107 si\u0119 do kogo\u015b mi\u0119ciutkiego przed snem? Poszukujesz idealnego prezentu dla przyjaciela, kole\u017canki, dziecka, wnuczki? W\u0142a\u015bnie go znalaz\u0142e\u015b! Wybierz niezawodnego w ka\u017cdej sytuacji,wyj\u0105tkowego przyjaciela, kt\u00f3ry b\u0119dzie z Tob\u0105 na dobre i z\u0142e. Oryginalna Piel\u0119gniarka Misia du\u017ca br\u0105zowa 24 miesi\u0119cy gwarancji! Wykonany z najwy\u017cszej jako\u015bci materia\u0142\u00f3w +kolor br\u0105zowy Produkt Premium. Niezawodny. Najwy\u017cszej jako\u015bci. Wybierany przez profesjonalist\u00f3w z bran\u017cy medycznej. NAJWY\u017bSZA JAKO\u015a\u0106 WYKONANIA mi\u0119kkie i delikatne futerko koloru br\u0105zowego, s\u0142odkie ma\u0142e uszka, oczka wykonane z ma\u0142ych czarnych guziczk\u00f3w, lekko zadarty nosek, du\u017cy, okr\u0105g\u0142y brzuszek, wysoko\u015b\u0107 19 cm. UWAGA !!! Przy zam\u00f3wieniu powy\u017cej 5 szt. mo\u017cliwy Tw\u00f3j dowolny nadruk \ud83d\ude42<\/p>\n<h2>Polska Firma Piel\u0119gniarka Misia Du\u017ca Br\u0105zowa <\/h2>\n<p>zagadki walentynkowe, \u0142amig\u0142\u00f3wki dla dzieci do druku, proste origami dla dzieci, darmowe bajki dla dzieci, kolorowanki do druku dla ch\u0142opc\u00f3w, zagadki dla dzieci 10 12 lat z odpowiedziami, kolorowanka ze zdj\u0119cia, konkurencje sportowe dla dzieci, karyna, prezent dla m\u0142odzie\u017cy, zabawy halloweenowe dla dzieci, mi\u0142osz imie, prezent dla 7 latka, kolorowanka star wars<\/p>\n<p>yyyyy<\/p>\n<p>&nbsp;<\/p>\n","protected":false},"excerpt":{"rendered":"<p>PIEL\u0118GNIARKA MISIA DU\u017bA BR\u0104ZOWA Szukasz pluszowego s\u0142odziaka, kt\u00f3ry wys\u0142ucha wszystkich Twoich sekret\u00f3w i nikomu o nich nie powie?Lubisz przytuli\u0107 si\u0119 do kogo\u015b mi\u0119ciutkiego przed snem? Poszukujesz idealnego prezentu dla przyjaciela, kole\u017canki, dziecka, wnuczki? W\u0142a\u015bnie go znalaz\u0142e\u015b! Wybierz niezawodnego w ka\u017cdej sytuacji,wyj\u0105tkowego przyjaciela, kt\u00f3ry b\u0119dzie z Tob\u0105 na dobre i z\u0142e. Oryginalna Piel\u0119gniarka Misia du\u017ca br\u0105zowa [&hellip;]<\/p>\n","protected":false},"featured_media":2398,"comment_status":"closed","ping_status":"open","template":"","meta":[],"product_cat":[42],"product_tag":[658,696,582,586],"class_list":["post-2397","product","type-product","status-publish","has-post-thumbnail","hentry","product_cat-maskotki","product_tag-alan-znaczenie-imienia","product_tag-film-rodzinny-o-swietach","product_tag-nauka-pisania-literek-do-wydruku-pdf","product_tag-smieszne-zagadki"],"_links":{"self":[{"href":"http:\/\/klubmamgdynia.pl\/index.php\/wp-json\/wp\/v2\/product\/2397","targetHints":{"allow":["GET"]}}],"collection":[{"href":"http:\/\/klubmamgdynia.pl\/index.php\/wp-json\/wp\/v2\/product"}],"about":[{"href":"http:\/\/klubmamgdynia.pl\/index.php\/wp-json\/wp\/v2\/types\/product"}],"replies":[{"embeddable":true,"href":"http:\/\/klubmamgdynia.pl\/index.php\/wp-json\/wp\/v2\/comments?post=2397"}],"wp:featuredmedia":[{"embeddable":true,"href":"http:\/\/klubmamgdynia.pl\/index.php\/wp-json\/wp\/v2\/media\/2398"}],"wp:attachment":[{"href":"http:\/\/klubmamgdynia.pl\/index.php\/wp-json\/wp\/v2\/media?parent=2397"}],"wp:term":[{"taxonomy":"product_cat","embeddable":true,"href":"http:\/\/klubmamgdynia.pl\/index.php\/wp-json\/wp\/v2\/product_cat?post=2397"},{"taxonomy":"product_tag","embeddable":true,"href":"http:\/\/klubmamgdynia.pl\/index.php\/wp-json\/wp\/v2\/product_tag?post=2397"}],"curies":[{"name":"wp","href":"https:\/\/api.w.org\/{rel}","templated":true}]}}