{"id":2399,"date":"2017-01-06T19:17:12","date_gmt":"2017-01-06T18:17:12","guid":{"rendered":"http:\/\/klubmamgdynia.pl\/index.php\/produkt\/sumitomo-sl727-185-75-r16-104-102-t-c-2\/"},"modified":"2026-04-07T12:44:37","modified_gmt":"2026-04-07T10:44:37","slug":"sumitomo-sl727-185-75-r16-104-102-t-c-2","status":"publish","type":"product","link":"http:\/\/klubmamgdynia.pl\/index.php\/produkt\/sumitomo-sl727-185-75-r16-104-102-t-c-2\/","title":{"rendered":"Sumitomo Sl727 185\/75 R16 104\/102 T C 2"},"content":{"rendered":"<p>SL 727<\/p>\n<h2>Sumitomo Sl727 185\/75 R16 104\/102 T C 2 Sumitomo<\/h2>\n<p>wyprawka warszawiaka 2021, literki do druku, prezent na roczek dla dziecka, magiczne drzewo czerwone krzes\u0142o test, bajki terapeutyczne o emocjach, prezenty dla nastolatk\u00f3w, prezenty dla 15 latki, sentencja dla dziecka, prezent dla 7 latka ch\u0142opca, quiz flagi \u015bwiata, ela znaczenie imienia, trudne zagadki dla dzieci, adriana imie, w uk\u0142adzie s\u0142onecznym tekst, na roczek dla dziewczynki, ksi\u0105\u017cka dla dzieci online, zagadki wielkanocne dla dzieci, zagadki dla dzieci 10 12 lat z odpowiedziami, podchwytliwe zagadki z odpowiedziami<\/p>\n<p>yyyyy<\/p>\n<p>&nbsp;<\/p>\n","protected":false},"excerpt":{"rendered":"<p>SL 727 Sumitomo Sl727 185\/75 R16 104\/102 T C 2 Sumitomo wyprawka warszawiaka 2021, literki do druku, prezent na roczek dla dziecka, magiczne drzewo czerwone krzes\u0142o test, bajki terapeutyczne o emocjach, prezenty dla nastolatk\u00f3w, prezenty dla 15 latki, sentencja dla dziecka, prezent dla 7 latka ch\u0142opca, quiz flagi \u015bwiata, ela znaczenie imienia, trudne zagadki dla [&hellip;]<\/p>\n","protected":false},"featured_media":2400,"comment_status":"closed","ping_status":"open","template":"","meta":[],"product_cat":[552,877],"product_tag":[719,596,718,841],"class_list":["post-2399","product","type-product","status-publish","has-post-thumbnail","hentry","product_cat-opony-dostawcze-letnie","product_cat-sumitomo","product_tag-dziecko-cytaty-zlote-mysli","product_tag-pomysly-na-prima-aprilis","product_tag-prezent-na-roczek-dla-chrzesniaka","product_tag-quiz-o-flagach"],"_links":{"self":[{"href":"http:\/\/klubmamgdynia.pl\/index.php\/wp-json\/wp\/v2\/product\/2399","targetHints":{"allow":["GET"]}}],"collection":[{"href":"http:\/\/klubmamgdynia.pl\/index.php\/wp-json\/wp\/v2\/product"}],"about":[{"href":"http:\/\/klubmamgdynia.pl\/index.php\/wp-json\/wp\/v2\/types\/product"}],"replies":[{"embeddable":true,"href":"http:\/\/klubmamgdynia.pl\/index.php\/wp-json\/wp\/v2\/comments?post=2399"}],"wp:featuredmedia":[{"embeddable":true,"href":"http:\/\/klubmamgdynia.pl\/index.php\/wp-json\/wp\/v2\/media\/2400"}],"wp:attachment":[{"href":"http:\/\/klubmamgdynia.pl\/index.php\/wp-json\/wp\/v2\/media?parent=2399"}],"wp:term":[{"taxonomy":"product_cat","embeddable":true,"href":"http:\/\/klubmamgdynia.pl\/index.php\/wp-json\/wp\/v2\/product_cat?post=2399"},{"taxonomy":"product_tag","embeddable":true,"href":"http:\/\/klubmamgdynia.pl\/index.php\/wp-json\/wp\/v2\/product_tag?post=2399"}],"curies":[{"name":"wp","href":"https:\/\/api.w.org\/{rel}","templated":true}]}}